{"id":12,"date":"2024-03-13T10:43:00","date_gmt":"2024-03-13T10:43:00","guid":{"rendered":"https:\/\/greenportalliance.eu\/?page_id=12"},"modified":"2026-02-04T15:32:10","modified_gmt":"2026-02-04T15:32:10","slug":"home","status":"publish","type":"page","link":"https:\/\/greenportalliance.eu\/hr\/","title":{"rendered":"Home"},"content":{"rendered":"<div data-elementor-type=\"wp-page\" data-elementor-id=\"12\" class=\"elementor elementor-12\">\n\t\t\t\t\t\t<header class=\"elementor-section elementor-top-section elementor-element elementor-element-4d510d70 elementor-section-height-min-height elementor-section-boxed elementor-section-height-default elementor-section-items-middle\" data-id=\"4d510d70\" data-element_type=\"section\" data-e-type=\"section\" data-settings=\"{&quot;background_background&quot;:&quot;classic&quot;,&quot;shape_divider_bottom&quot;:&quot;arrow&quot;,&quot;shape_divider_bottom_negative&quot;:&quot;yes&quot;}\">\n\t\t\t\t\t\t\t<div class=\"elementor-background-overlay\"><\/div>\n\t\t\t\t\t\t<div class=\"elementor-shape elementor-shape-bottom\" aria-hidden=\"true\" data-negative=\"true\">\n\t\t\t<svg xmlns=\"http:\/\/www.w3.org\/2000\/svg\" viewbox=\"0 0 700 10\" preserveaspectratio=\"none\">\n\t<path class=\"elementor-shape-fill\" d=\"M360 0L350 9.9 340 0 0 0 0 10 700 10 700 0\"\/>\n<\/svg>\t\t<\/div>\n\t\t\t\t\t<div class=\"elementor-container elementor-column-gap-no\">\n\t\t\t\t\t<div class=\"elementor-column elementor-col-100 elementor-top-column elementor-element elementor-element-1026e699\" data-id=\"1026e699\" data-element_type=\"column\" data-e-type=\"column\">\n\t\t\t<div class=\"elementor-widget-wrap elementor-element-populated\">\n\t\t\t\t\t\t<section class=\"elementor-section elementor-inner-section elementor-element elementor-element-498a4f6d elementor-section-content-middle elementor-section-boxed elementor-section-height-default elementor-section-height-default\" data-id=\"498a4f6d\" data-element_type=\"section\" data-e-type=\"section\">\n\t\t\t\t\t\t<div class=\"elementor-container elementor-column-gap-extended\">\n\t\t\t\t\t<div class=\"elementor-column elementor-col-100 elementor-inner-column elementor-element elementor-element-3705ce88\" data-id=\"3705ce88\" data-element_type=\"column\" data-e-type=\"column\">\n\t\t\t<div class=\"elementor-widget-wrap elementor-element-populated\">\n\t\t\t\t\t\t<div class=\"elementor-element elementor-element-24aadb34 elementor-invisible elementor-widget elementor-widget-heading\" data-id=\"24aadb34\" data-element_type=\"widget\" data-e-type=\"widget\" data-settings=\"{&quot;_animation&quot;:&quot;fadeInUp&quot;}\" data-widget_type=\"heading.default\">\n\t\t\t\t<div class=\"elementor-widget-container\">\n\t\t\t\t\t<h1 class=\"elementor-heading-title elementor-size-default\">Dobrodo\u0161li na projekt <br>GREENPORT Alliances!<\/h1>\t\t\t\t<\/div>\n\t\t\t\t<\/div>\n\t\t\t\t<div class=\"elementor-element elementor-element-7a2868a elementor-invisible elementor-widget elementor-widget-heading\" data-id=\"7a2868a\" data-element_type=\"widget\" data-e-type=\"widget\" data-settings=\"{&quot;_animation&quot;:&quot;fadeInUp&quot;}\" data-widget_type=\"heading.default\">\n\t\t\t\t<div class=\"elementor-widget-container\">\n\t\t\t\t\t<h1 class=\"elementor-heading-title elementor-size-default\">O projektu<\/h1>\t\t\t\t<\/div>\n\t\t\t\t<\/div>\n\t\t\t\t<div class=\"elementor-element elementor-element-721ee3c6 elementor-widget__width-initial elementor-widget-mobile__width-inherit elementor-invisible elementor-widget elementor-widget-text-editor\" data-id=\"721ee3c6\" data-element_type=\"widget\" data-e-type=\"widget\" data-settings=\"{&quot;_animation&quot;:&quot;fadeIn&quot;}\" data-widget_type=\"text-editor.default\">\n\t\t\t\t<div class=\"elementor-widget-container\">\n\t\t\t\t\t\t\t\t\t<p><span style=\"font-weight: 400;\">GREENPORT je inicijativa usmjerena na promicanje odr\u017eivosti i zelenih vje\u0161tina u sektoru lu\u0107kih pomorskih usluga.\nKroz suradnju koja uklju\u010duje akademsku zajednicu, industriju i predstavni\u010dka tijela industrije, \nGREENPORT ima za cilj potaknuti promjenu pona\u0161anja i smanjiti emisije unutar lu\u010dkih operacija.<\/span><\/p>\t\t\t\t\t\t\t\t<\/div>\n\t\t\t\t<\/div>\n\t\t\t\t<div class=\"elementor-element elementor-element-543974c elementor-widget__width-initial elementor-widget-mobile__width-inherit elementor-widget elementor-widget-shortcode\" data-id=\"543974c\" data-element_type=\"widget\" data-e-type=\"widget\" data-settings=\"{&quot;_animation_mobile&quot;:&quot;fadeInUp&quot;}\" data-widget_type=\"shortcode.default\">\n\t\t\t\t<div class=\"elementor-widget-container\">\n\t\t\t\t\t\t\t<div class=\"elementor-shortcode\"><script>(function() {\n\twindow.mc4wp = window.mc4wp || {\n\t\tlisteners: [],\n\t\tforms: {\n\t\t\ton: function(evt, cb) {\n\t\t\t\twindow.mc4wp.listeners.push(\n\t\t\t\t\t{\n\t\t\t\t\t\tevent   : evt,\n\t\t\t\t\t\tcallback: cb\n\t\t\t\t\t}\n\t\t\t\t);\n\t\t\t}\n\t\t}\n\t}\n})();\n<\/script><!-- Mailchimp for WordPress v4.11.1 - https:\/\/wordpress.org\/plugins\/mailchimp-for-wp\/ --><form id=\"mc4wp-form-1\" class=\"mc4wp-form mc4wp-form-371\" method=\"post\" data-id=\"371\" data-name=\"Subscribe\" action=\"\" ><div class=\"mc4wp-form-fields\"><p>\r\n\t<label style=\"color: white; font-weight: bold; font-family: Fraunces; font-size: 24px\">Pretplatite se na na\u0161 newsletter<\/label><br><br>\r\n    <label style=\"color:white;\">\r\n    <input style=\"margin-right: 10px;\" name=\"AGREE_TO_TERMS\" type=\"checkbox\" value=\"1\" required=\"\">Sla\u017eem se da me se kontaktira i uklju\u010di u bazu podataka koja se koristi za komunikaciju<\/label>\r\n<\/p>\r\n<div class=\"form-row\" style=\"display:flex; display: flex; flex-wrap: nowrap;\"> \r\n\t\t<input type=\"email\" name=\"EMAIL\" style=\"font-family: Montserrat;\" placeholder=\"Va\u0161a email adresa\" required \/>\r\n        <input type=\"submit\" style=\"font-family: Montserrat; background-color: #3c77d6\" value=\"Prijavite se\" \/>\r\n<\/div><\/div><label style=\"display: none !important;\">Leave this field empty if you're human: <input type=\"text\" name=\"_mc4wp_honeypot\" value=\"\" tabindex=\"-1\" autocomplete=\"off\" \/><\/label><input type=\"hidden\" name=\"_mc4wp_timestamp\" value=\"1775368407\" \/><input type=\"hidden\" name=\"_mc4wp_form_id\" value=\"371\" \/><input type=\"hidden\" name=\"_mc4wp_form_element_id\" value=\"mc4wp-form-1\" \/><div class=\"mc4wp-response\"><\/div><input type=\"hidden\" name=\"trp-form-language\" value=\"hr\"\/><\/form><!-- \/ Mailchimp for WordPress Plugin --><\/div>\n\t\t\t\t\t\t<\/div>\n\t\t\t\t<\/div>\n\t\t\t\t\t<\/div>\n\t\t<\/div>\n\t\t\t\t\t<\/div>\n\t\t<\/section>\n\t\t\t\t\t<\/div>\n\t\t<\/div>\n\t\t\t\t\t<\/div>\n\t\t<\/header>\n\t\t\t\t<section class=\"elementor-section elementor-top-section elementor-element elementor-element-663f5cd5 elementor-section-boxed elementor-section-height-default elementor-section-height-default\" data-id=\"663f5cd5\" data-element_type=\"section\" data-e-type=\"section\" data-settings=\"{&quot;background_background&quot;:&quot;classic&quot;}\">\n\t\t\t\t\t\t<div class=\"elementor-container elementor-column-gap-extended\">\n\t\t\t\t\t<div class=\"elementor-column elementor-col-100 elementor-top-column elementor-element elementor-element-1b61839b\" data-id=\"1b61839b\" data-element_type=\"column\" data-e-type=\"column\">\n\t\t\t<div class=\"elementor-widget-wrap elementor-element-populated\">\n\t\t\t\t\t\t<div class=\"elementor-element elementor-element-26d7737 elementor-invisible elementor-widget elementor-widget-heading\" data-id=\"26d7737\" data-element_type=\"widget\" data-e-type=\"widget\" data-settings=\"{&quot;_animation&quot;:&quot;fadeInUp&quot;}\" data-widget_type=\"heading.default\">\n\t\t\t\t<div class=\"elementor-widget-container\">\n\t\t\t\t\t<h2 class=\"elementor-heading-title elementor-size-default\">Klju\u010dni naglasci<\/h2>\t\t\t\t<\/div>\n\t\t\t\t<\/div>\n\t\t\t\t<section class=\"elementor-section elementor-top-section elementor-element elementor-element-315d094a elementor-section-boxed elementor-section-height-default elementor-section-height-default\" data-id=\"315d094a\" data-element_type=\"section\" data-e-type=\"section\" data-settings=\"{&quot;background_background&quot;:&quot;classic&quot;}\">\n\t\t\t\t\t\t<div class=\"elementor-container elementor-column-gap-extended\">\n\t\t\t\t\t<div class=\"elementor-column elementor-col-100 elementor-top-column elementor-element elementor-element-3ffc2e6a\" data-id=\"3ffc2e6a\" data-element_type=\"column\" data-e-type=\"column\">\n\t\t\t<div class=\"elementor-widget-wrap elementor-element-populated\">\n\t\t\t\t\t\t<div class=\"elementor-element elementor-element-5f12ab9e elementor-view-stacked elementor-position-inline-start elementor-widget__width-inherit elementor-shape-circle elementor-mobile-position-block-start elementor-widget elementor-widget-icon-box\" data-id=\"5f12ab9e\" data-element_type=\"widget\" data-e-type=\"widget\" data-widget_type=\"icon-box.default\">\n\t\t\t\t<div class=\"elementor-widget-container\">\n\t\t\t\t\t\t\t<div class=\"elementor-icon-box-wrapper\">\n\n\t\t\t\t\t\t<div class=\"elementor-icon-box-icon\">\n\t\t\t\t<span  class=\"elementor-icon\">\n\t\t\t\t<svg xmlns=\"http:\/\/www.w3.org\/2000\/svg\" viewbox=\"0 0 512 512\"><path d=\"M105.1 202.6c7.7-21.8 20.2-42.3 37.8-59.8c62.5-62.5 163.8-62.5 226.3 0L386.3 160H352c-17.7 0-32 14.3-32 32s14.3 32 32 32H463.5c0 0 0 0 0 0h.4c17.7 0 32-14.3 32-32V80c0-17.7-14.3-32-32-32s-32 14.3-32 32v35.2L414.4 97.6c-87.5-87.5-229.3-87.5-316.8 0C73.2 122 55.6 150.7 44.8 181.4c-5.9 16.7 2.9 34.9 19.5 40.8s34.9-2.9 40.8-19.5zM39 289.3c-5 1.5-9.8 4.2-13.7 8.2c-4 4-6.7 8.8-8.1 14c-.3 1.2-.6 2.5-.8 3.8c-.3 1.7-.4 3.4-.4 5.1V432c0 17.7 14.3 32 32 32s32-14.3 32-32V396.9l17.6 17.5 0 0c87.5 87.4 229.3 87.4 316.7 0c24.4-24.4 42.1-53.1 52.9-83.7c5.9-16.7-2.9-34.9-19.5-40.8s-34.9 2.9-40.8 19.5c-7.7 21.8-20.2 42.3-37.8 59.8c-62.5 62.5-163.8 62.5-226.3 0l-.1-.1L125.6 352H160c17.7 0 32-14.3 32-32s-14.3-32-32-32H48.4c-1.6 0-3.2 .1-4.8 .3s-3.1 .5-4.6 1z\"><\/path><\/svg>\t\t\t\t<\/span>\n\t\t\t<\/div>\n\t\t\t\n\t\t\t\t\t\t<div class=\"elementor-icon-box-content\">\n\n\t\t\t\t\t\t\t\t\t<h3 class=\"elementor-icon-box-title\">\n\t\t\t\t\t\t<span  >\n\t\t\t\t\t\t\tCiljanje na promjenu pona\u0161anja u operacijama lu\u010dkih usluga\t\t\t\t\t\t<\/span>\n\t\t\t\t\t<\/h3>\n\t\t\t\t\n\t\t\t\t\n\t\t\t<\/div>\n\t\t\t\n\t\t<\/div>\n\t\t\t\t\t\t<\/div>\n\t\t\t\t<\/div>\n\t\t\t\t<div class=\"elementor-element elementor-element-13630af elementor-view-stacked elementor-position-inline-start elementor-widget__width-inherit elementor-shape-circle elementor-mobile-position-block-start elementor-widget elementor-widget-icon-box\" data-id=\"13630af\" data-element_type=\"widget\" data-e-type=\"widget\" data-widget_type=\"icon-box.default\">\n\t\t\t\t<div class=\"elementor-widget-container\">\n\t\t\t\t\t\t\t<div class=\"elementor-icon-box-wrapper\">\n\n\t\t\t\t\t\t<div class=\"elementor-icon-box-icon\">\n\t\t\t\t<span  class=\"elementor-icon\">\n\t\t\t\t<svg aria-hidden=\"true\" class=\"e-font-icon-svg e-fas-arrows-alt-h\" viewbox=\"0 0 512 512\" xmlns=\"http:\/\/www.w3.org\/2000\/svg\"><path d=\"M377.941 169.941V216H134.059v-46.059c0-21.382-25.851-32.09-40.971-16.971L7.029 239.029c-9.373 9.373-9.373 24.568 0 33.941l86.059 86.059c15.119 15.119 40.971 4.411 40.971-16.971V296h243.882v46.059c0 21.382 25.851 32.09 40.971 16.971l86.059-86.059c9.373-9.373 9.373-24.568 0-33.941l-86.059-86.059c-15.119-15.12-40.971-4.412-40.971 16.97z\"><\/path><\/svg>\t\t\t\t<\/span>\n\t\t\t<\/div>\n\t\t\t\n\t\t\t\t\t\t<div class=\"elementor-icon-box-content\">\n\n\t\t\t\t\t\t\t\t\t<h3 class=\"elementor-icon-box-title\">\n\t\t\t\t\t\t<span  >\n\t\t\t\t\t\t\tPovezivanje akademske zajednice, industrije i predstavni\u010dkih tijela industrije \t\t\t\t\t\t<\/span>\n\t\t\t\t\t<\/h3>\n\t\t\t\t\n\t\t\t\t\n\t\t\t<\/div>\n\t\t\t\n\t\t<\/div>\n\t\t\t\t\t\t<\/div>\n\t\t\t\t<\/div>\n\t\t\t\t<div class=\"elementor-element elementor-element-dcaa4f6 elementor-view-stacked elementor-position-inline-start elementor-shape-circle elementor-mobile-position-block-start elementor-widget elementor-widget-icon-box\" data-id=\"dcaa4f6\" data-element_type=\"widget\" data-e-type=\"widget\" data-widget_type=\"icon-box.default\">\n\t\t\t\t<div class=\"elementor-widget-container\">\n\t\t\t\t\t\t\t<div class=\"elementor-icon-box-wrapper\">\n\n\t\t\t\t\t\t<div class=\"elementor-icon-box-icon\">\n\t\t\t\t<span  class=\"elementor-icon\">\n\t\t\t\t<svg aria-hidden=\"true\" class=\"e-font-icon-svg e-fas-id-badge\" viewbox=\"0 0 384 512\" xmlns=\"http:\/\/www.w3.org\/2000\/svg\"><path d=\"M336 0H48C21.5 0 0 21.5 0 48v416c0 26.5 21.5 48 48 48h288c26.5 0 48-21.5 48-48V48c0-26.5-21.5-48-48-48zM144 32h96c8.8 0 16 7.2 16 16s-7.2 16-16 16h-96c-8.8 0-16-7.2-16-16s7.2-16 16-16zm48 128c35.3 0 64 28.7 64 64s-28.7 64-64 64-64-28.7-64-64 28.7-64 64-64zm112 236.8c0 10.6-10 19.2-22.4 19.2H102.4C90 416 80 407.4 80 396.8v-19.2c0-31.8 30.1-57.6 67.2-57.6h5c12.3 5.1 25.7 8 39.8 8s27.6-2.9 39.8-8h5c37.1 0 67.2 25.8 67.2 57.6v19.2z\"><\/path><\/svg>\t\t\t\t<\/span>\n\t\t\t<\/div>\n\t\t\t\n\t\t\t\t\t\t<div class=\"elementor-icon-box-content\">\n\n\t\t\t\t\t\t\t\t\t<h3 class=\"elementor-icon-box-title\">\n\t\t\t\t\t\t<span  >\n\t\t\t\t\t\t\tRazvoj inovativnih nastavnih planova i programa visokog i strukovnog obrazovanja\t\t\t\t\t\t<\/span>\n\t\t\t\t\t<\/h3>\n\t\t\t\t\n\t\t\t\t\n\t\t\t<\/div>\n\t\t\t\n\t\t<\/div>\n\t\t\t\t\t\t<\/div>\n\t\t\t\t<\/div>\n\t\t\t\t<div class=\"elementor-element elementor-element-4605703 elementor-view-stacked elementor-position-inline-start elementor-shape-circle elementor-mobile-position-block-start elementor-widget elementor-widget-icon-box\" data-id=\"4605703\" data-element_type=\"widget\" data-e-type=\"widget\" data-widget_type=\"icon-box.default\">\n\t\t\t\t<div class=\"elementor-widget-container\">\n\t\t\t\t\t\t\t<div class=\"elementor-icon-box-wrapper\">\n\n\t\t\t\t\t\t<div class=\"elementor-icon-box-icon\">\n\t\t\t\t<span  class=\"elementor-icon\">\n\t\t\t\t<svg aria-hidden=\"true\" class=\"e-font-icon-svg e-fas-leaf\" viewbox=\"0 0 576 512\" xmlns=\"http:\/\/www.w3.org\/2000\/svg\"><path d=\"M546.2 9.7c-5.6-12.5-21.6-13-28.3-1.2C486.9 62.4 431.4 96 368 96h-80C182 96 96 182 96 288c0 7 .8 13.7 1.5 20.5C161.3 262.8 253.4 224 384 224c8.8 0 16 7.2 16 16s-7.2 16-16 16C132.6 256 26 410.1 2.4 468c-6.6 16.3 1.2 34.9 17.5 41.6 16.4 6.8 35-1.1 41.8-17.3 1.5-3.6 20.9-47.9 71.9-90.6 32.4 43.9 94 85.8 174.9 77.2C465.5 467.5 576 326.7 576 154.3c0-50.2-10.8-102.2-29.8-144.6z\"><\/path><\/svg>\t\t\t\t<\/span>\n\t\t\t<\/div>\n\t\t\t\n\t\t\t\t\t\t<div class=\"elementor-icon-box-content\">\n\n\t\t\t\t\t\t\t\t\t<h3 class=\"elementor-icon-box-title\">\n\t\t\t\t\t\t<span  >\n\t\t\t\t\t\t\tPromicanje odr\u017eivosti i smanjenje emisija u pomorskom sektoru\t\t\t\t\t\t<\/span>\n\t\t\t\t\t<\/h3>\n\t\t\t\t\n\t\t\t\t\n\t\t\t<\/div>\n\t\t\t\n\t\t<\/div>\n\t\t\t\t\t\t<\/div>\n\t\t\t\t<\/div>\n\t\t\t\t<div class=\"elementor-element elementor-element-c4eba6c elementor-view-stacked elementor-position-inline-start elementor-shape-circle elementor-mobile-position-block-start elementor-widget elementor-widget-icon-box\" data-id=\"c4eba6c\" data-element_type=\"widget\" data-e-type=\"widget\" data-widget_type=\"icon-box.default\">\n\t\t\t\t<div class=\"elementor-widget-container\">\n\t\t\t\t\t\t\t<div class=\"elementor-icon-box-wrapper\">\n\n\t\t\t\t\t\t<div class=\"elementor-icon-box-icon\">\n\t\t\t\t<span  class=\"elementor-icon\">\n\t\t\t\t<svg aria-hidden=\"true\" class=\"e-font-icon-svg e-fas-ship\" viewbox=\"0 0 640 512\" xmlns=\"http:\/\/www.w3.org\/2000\/svg\"><path d=\"M496.616 372.639l70.012-70.012c16.899-16.9 9.942-45.771-12.836-53.092L512 236.102V96c0-17.673-14.327-32-32-32h-64V24c0-13.255-10.745-24-24-24H248c-13.255 0-24 10.745-24 24v40h-64c-17.673 0-32 14.327-32 32v140.102l-41.792 13.433c-22.753 7.313-29.754 36.173-12.836 53.092l70.012 70.012C125.828 416.287 85.587 448 24 448c-13.255 0-24 10.745-24 24v16c0 13.255 10.745 24 24 24 61.023 0 107.499-20.61 143.258-59.396C181.677 487.432 216.021 512 256 512h128c39.979 0 74.323-24.568 88.742-59.396C508.495 491.384 554.968 512 616 512c13.255 0 24-10.745 24-24v-16c0-13.255-10.745-24-24-24-60.817 0-101.542-31.001-119.384-75.361zM192 128h256v87.531l-118.208-37.995a31.995 31.995 0 0 0-19.584 0L192 215.531V128z\"><\/path><\/svg>\t\t\t\t<\/span>\n\t\t\t<\/div>\n\t\t\t\n\t\t\t\t\t\t<div class=\"elementor-icon-box-content\">\n\n\t\t\t\t\t\t\t\t\t<h3 class=\"elementor-icon-box-title\">\n\t\t\t\t\t\t<span  >\n\t\t\t\t\t\t\tPodizanje svijesti o uslugama tegljenja brodov\t\t\t\t\t\t<\/span>\n\t\t\t\t\t<\/h3>\n\t\t\t\t\n\t\t\t\t\n\t\t\t<\/div>\n\t\t\t\n\t\t<\/div>\n\t\t\t\t\t\t<\/div>\n\t\t\t\t<\/div>\n\t\t\t\t\t<\/div>\n\t\t<\/div>\n\t\t\t\t\t<\/div>\n\t\t<\/section>\n\t\t\t\t<div class=\"elementor-element elementor-element-04a6c6a elementor-widget__width-initial elementor-invisible elementor-widget elementor-widget-text-editor\" data-id=\"04a6c6a\" data-element_type=\"widget\" data-e-type=\"widget\" data-settings=\"{&quot;_animation&quot;:&quot;fadeIn&quot;}\" data-widget_type=\"text-editor.default\">\n\t\t\t\t<div class=\"elementor-widget-container\">\n\t\t\t\t\t\t\t\t\t<p><span style=\"font-weight: 400;\">Pridru\u017eite nam se u oblikovanju zelenije budu\u0107nosti za pomorske lu\u010dke usluge!<\/span><\/p>\t\t\t\t\t\t\t\t<\/div>\n\t\t\t\t<\/div>\n\t\t\t\t\t<\/div>\n\t\t<\/div>\n\t\t\t\t\t<\/div>\n\t\t<\/section>\n\t\t\t\t<\/div>","protected":false},"excerpt":{"rendered":"<p>Welcome to the GREENPORT Alliances project! About GREENPORT GREENPORT is a cutting-edge initiative focused on promoting sustainability and green skills in the maritime port services sector. Through a collaborative effort involving academia, industry, and industry representative bodies, GREENPORT aims to drive behavioural change and reduce emissions within port operations. Key highlights Targeting behavioural change in&hellip;&nbsp;<a href=\"https:\/\/greenportalliance.eu\/hr\/\" class=\"\" rel=\"bookmark\">Read More &raquo;<span class=\"screen-reader-text\">Home<\/span><\/a><\/p>","protected":false},"author":1,"featured_media":0,"parent":0,"menu_order":0,"comment_status":"closed","ping_status":"closed","template":"page-templates\/template-pagebuilder-full-width.php","meta":{"inline_featured_image":false,"neve_meta_sidebar":"","neve_meta_container":"","neve_meta_enable_content_width":"","neve_meta_content_width":0,"neve_meta_title_alignment":"","neve_meta_author_avatar":"","neve_post_elements_order":"","neve_meta_disable_header":"","neve_meta_disable_footer":"","neve_meta_disable_title":"","footnotes":""},"class_list":["post-12","page","type-page","status-publish","hentry"],"_links":{"self":[{"href":"https:\/\/greenportalliance.eu\/hr\/wp-json\/wp\/v2\/pages\/12","targetHints":{"allow":["GET"]}}],"collection":[{"href":"https:\/\/greenportalliance.eu\/hr\/wp-json\/wp\/v2\/pages"}],"about":[{"href":"https:\/\/greenportalliance.eu\/hr\/wp-json\/wp\/v2\/types\/page"}],"author":[{"embeddable":true,"href":"https:\/\/greenportalliance.eu\/hr\/wp-json\/wp\/v2\/users\/1"}],"replies":[{"embeddable":true,"href":"https:\/\/greenportalliance.eu\/hr\/wp-json\/wp\/v2\/comments?post=12"}],"version-history":[{"count":127,"href":"https:\/\/greenportalliance.eu\/hr\/wp-json\/wp\/v2\/pages\/12\/revisions"}],"predecessor-version":[{"id":2248,"href":"https:\/\/greenportalliance.eu\/hr\/wp-json\/wp\/v2\/pages\/12\/revisions\/2248"}],"wp:attachment":[{"href":"https:\/\/greenportalliance.eu\/hr\/wp-json\/wp\/v2\/media?parent=12"}],"curies":[{"name":"wp","href":"https:\/\/api.w.org\/{rel}","templated":true}]}}