{"id":159,"date":"2024-03-20T10:44:27","date_gmt":"2024-03-20T10:44:27","guid":{"rendered":"https:\/\/greenportalliance.eu\/?page_id=159"},"modified":"2024-04-02T14:51:35","modified_gmt":"2024-04-02T14:51:35","slug":"challenges-and-objectives","status":"publish","type":"page","link":"https:\/\/greenportalliance.eu\/hr\/challenges-and-objectives\/","title":{"rendered":"Izazovi i ciljevi"},"content":{"rendered":"<div data-elementor-type=\"wp-page\" data-elementor-id=\"159\" class=\"elementor elementor-159\">\n\t\t\t\t\t\t<section class=\"elementor-section elementor-top-section elementor-element elementor-element-3e1aab20 elementor-section-content-middle elementor-section-boxed elementor-section-height-default elementor-section-height-default\" data-id=\"3e1aab20\" data-element_type=\"section\" data-e-type=\"section\" data-settings=\"{&quot;background_background&quot;:&quot;classic&quot;}\">\n\t\t\t\t\t\t<div class=\"elementor-container elementor-column-gap-extended\">\n\t\t\t\t\t<div class=\"elementor-column elementor-col-100 elementor-top-column elementor-element elementor-element-54fc8dc7\" data-id=\"54fc8dc7\" data-element_type=\"column\" data-e-type=\"column\">\n\t\t\t<div class=\"elementor-widget-wrap elementor-element-populated\">\n\t\t\t\t\t\t<div class=\"elementor-element elementor-element-6109ef6f elementor-widget elementor-widget-text-editor\" data-id=\"6109ef6f\" data-element_type=\"widget\" data-e-type=\"widget\" data-widget_type=\"text-editor.default\">\n\t\t\t\t<div class=\"elementor-widget-container\">\n\t\t\t\t\t\t\t\t\t<p><span style=\"font-weight: 400;\"><strong>Izazovi<\/strong>: sektor pomorskih lu\u010dkih usluga suo\u010dava se sa zna\u010dajnim izazovima u smanjenju emisija, promicanju odr\u017eivosti te prilago\u0111avanje ekolo\u0161kim propisima. \nKlju\u010dni izazovi uklju\u010duju potrebu za promjenom pona\u0161anja unutar lu\u010dkih operacija, nedostatak integriranih zelenih vje\u0161tina u postoje\u0107im kurikulumima te hitnost rje\u0161avanja utjecaja emisija na okoli\u0161.\u00a0<\/span><\/p><p><span style=\"font-weight: 400;\"><strong>Ciljevi<\/strong>:\u00a0<\/span><\/p><ul><li><span style=\"font-weight: 400;\">Razviti inovativne nastavne planove i programe: GREENPORT ima za cilj stvoriti nove obrazovne materijale za visoko i strukovno osposobljavanje koji integriraju zelene vje\u0161tine i promi\u010du odr\u017eivost lu\u010dkih usluga\u00a0<\/span><\/li><li style=\"font-weight: 400;\" aria-level=\"1\"><span style=\"font-weight: 400;\">Poticanje razmjene znanja: Olak\u0161avanjem suradnje izme\u0111u akademske zajednice, industrije i istra\u017eiva\u010dkih subjekata, GREENPORT nastoji pobolj\u0161ati protok znanja i najbolje prakse u smanjenju emisija i odr\u017eivom radu luka.\u00a0<\/span><\/li><li style=\"font-weight: 400;\" aria-level=\"1\"><span style=\"font-weight: 400;\">Potaknuti promjenu pona\u0161anja: Kroz ciljane programe obuke i podizanja svijesti, GREENPORT ima za cilj usaditi kulturu odr\u017eivosti i ekolo\u0161ke odgovornosti unutar pomorskog sektora.\u00a0<\/span><\/li><li style=\"font-weight: 400;\" aria-level=\"1\"><span style=\"font-weight: 400;\">Unaprijediti vje\u0161tine i kompetencije: Projekt ima za cilj opremiti osoblje lu\u010dkih slu\u017ebi potrebnim vje\u0161tinama i kompetencijama za snala\u017eenje u zelenoj tranziciji i ispunjavanje zahtjeva odr\u017eive pomorske industrije.\u00a0<\/span><\/li><li style=\"font-weight: 400;\" aria-level=\"1\"><span style=\"font-weight: 400;\">Promicanje inovacija i suradnje: GREENPORT nastoji poticati kulturu inovacija i suradnje me\u0111u dionicima u pomorskom sektoru kako bi se u\u010dinkovito suo\u010dili s izazovima smanjenja emisija i odr\u017eivosti.\u00a0<\/span><\/li><\/ul><p>\u00a0<\/p><p><span style=\"font-weight: 400;\">Pridru\u017eite nam se u prevladavanju izazova i postizanju na\u0161ih ciljeva za zeleniji i odr\u017eiviji sektor pomorskih lu\u010dkih usluga.<\/span><\/p>\t\t\t\t\t\t\t\t<\/div>\n\t\t\t\t<\/div>\n\t\t\t\t\t<\/div>\n\t\t<\/div>\n\t\t\t\t\t<\/div>\n\t\t<\/section>\n\t\t\t\t<\/div>","protected":false},"excerpt":{"rendered":"<p>Challenges: The maritime port services sector faces significant challenges in reducing emissions, promoting sustainability, and adapting to environmental regulations. Key challenges include the need for behavioural change within port operations, the lack of integrated green skills in existing curricula, and the urgency to address the impact of emissions on the environment and climate.\u00a0 Objectives:\u00a0 Develop&hellip;&nbsp;<a href=\"https:\/\/greenportalliance.eu\/hr\/challenges-and-objectives\/\" class=\"\" rel=\"bookmark\">Read More &raquo;<span class=\"screen-reader-text\">Izazovi i ciljevi<\/span><\/a><\/p>","protected":false},"author":1,"featured_media":0,"parent":0,"menu_order":0,"comment_status":"closed","ping_status":"closed","template":"page-templates\/template-pagebuilder-full-width.php","meta":{"inline_featured_image":false,"neve_meta_sidebar":"","neve_meta_container":"","neve_meta_enable_content_width":"","neve_meta_content_width":0,"neve_meta_title_alignment":"","neve_meta_author_avatar":"","neve_post_elements_order":"","neve_meta_disable_header":"","neve_meta_disable_footer":"","neve_meta_disable_title":"","footnotes":""},"class_list":["post-159","page","type-page","status-publish","hentry"],"_links":{"self":[{"href":"https:\/\/greenportalliance.eu\/hr\/wp-json\/wp\/v2\/pages\/159","targetHints":{"allow":["GET"]}}],"collection":[{"href":"https:\/\/greenportalliance.eu\/hr\/wp-json\/wp\/v2\/pages"}],"about":[{"href":"https:\/\/greenportalliance.eu\/hr\/wp-json\/wp\/v2\/types\/page"}],"author":[{"embeddable":true,"href":"https:\/\/greenportalliance.eu\/hr\/wp-json\/wp\/v2\/users\/1"}],"replies":[{"embeddable":true,"href":"https:\/\/greenportalliance.eu\/hr\/wp-json\/wp\/v2\/comments?post=159"}],"version-history":[{"count":37,"href":"https:\/\/greenportalliance.eu\/hr\/wp-json\/wp\/v2\/pages\/159\/revisions"}],"predecessor-version":[{"id":626,"href":"https:\/\/greenportalliance.eu\/hr\/wp-json\/wp\/v2\/pages\/159\/revisions\/626"}],"wp:attachment":[{"href":"https:\/\/greenportalliance.eu\/hr\/wp-json\/wp\/v2\/media?parent=159"}],"curies":[{"name":"wp","href":"https:\/\/api.w.org\/{rel}","templated":true}]}}