{"id":198,"date":"2024-03-20T10:51:02","date_gmt":"2024-03-20T10:51:02","guid":{"rendered":"https:\/\/greenportalliance.eu\/?page_id=198"},"modified":"2024-04-17T07:50:39","modified_gmt":"2024-04-17T07:50:39","slug":"work-packages","status":"publish","type":"page","link":"https:\/\/greenportalliance.eu\/hr\/work-packages\/","title":{"rendered":"Radni paketi"},"content":{"rendered":"<div data-elementor-type=\"wp-page\" data-elementor-id=\"198\" class=\"elementor elementor-198\">\n\t\t\t\t\t\t<section class=\"elementor-section elementor-top-section elementor-element elementor-element-3e1aab20 elementor-section-content-middle elementor-section-boxed elementor-section-height-default elementor-section-height-default\" data-id=\"3e1aab20\" data-element_type=\"section\" data-e-type=\"section\" data-settings=\"{&quot;background_background&quot;:&quot;classic&quot;}\">\n\t\t\t\t\t\t<div class=\"elementor-container elementor-column-gap-extended\">\n\t\t\t\t\t<div class=\"elementor-column elementor-col-100 elementor-top-column elementor-element elementor-element-54fc8dc7\" data-id=\"54fc8dc7\" data-element_type=\"column\" data-e-type=\"column\">\n\t\t\t<div class=\"elementor-widget-wrap elementor-element-populated\">\n\t\t\t\t\t\t<div class=\"elementor-element elementor-element-6109ef6f elementor-widget elementor-widget-text-editor\" data-id=\"6109ef6f\" data-element_type=\"widget\" data-e-type=\"widget\" data-widget_type=\"text-editor.default\">\n\t\t\t\t<div class=\"elementor-widget-container\">\n\t\t\t\t\t\t\t\t\t<p><strong><i>WP 1: Upravljanje projektima i osiguranje kvalitete<\/i><\/strong><\/p><p><span style=\"font-weight: 400;\">Cilj: osigurati u\u010dinkovito upravljanje projektom, koordinaciju i pra\u0107enje aktivnosti<\/span><\/p><p><span style=\"font-weight: 400;\">Aktivnosti\u00a0<\/span><\/p><ul><li style=\"font-weight: 400;\" aria-level=\"1\"><span style=\"font-weight: 400;\">Organizacija projektnih sastanaka i koordinacijskih aktivnosti<\/span><\/li><li style=\"font-weight: 400;\" aria-level=\"1\"><span style=\"font-weight: 400;\">Pra\u0107enje napretka projekta i evaluacija<\/span><\/li><li style=\"font-weight: 400;\" aria-level=\"1\"><span style=\"font-weight: 400;\">Upravljanje financijskim aspektima i izvje\u0161tavanje<\/span><\/li><li style=\"font-weight: 400;\" aria-level=\"1\"><span style=\"font-weight: 400;\">Pripremanje izvje\u0161taja o napretku i dokumentacija\u00a0<\/span><\/li><\/ul><p>\u00a0<\/p><p><strong><i>WP2: Analiza potreba i komercijalni pokreta\u010di<\/i><\/strong><\/p><p><span style=\"font-weight: 400;\">Cilj: Provesti analizu potreba na razini cijele industrije kako bi se prikupili podaci i informacije za razvoj kurikuluma<\/span><\/p><p><span style=\"font-weight: 400;\">Aktivnosti\u00a0<\/span><\/p><ul><li style=\"font-weight: 400;\" aria-level=\"1\"><span style=\"font-weight: 400;\">prikupljanje podataka o odr\u017eivosti lu\u010dkih usluga<\/span><\/li><li style=\"font-weight: 400;\" aria-level=\"1\"><span style=\"font-weight: 400;\">analizanje postoje\u0107ih uvjeta u industriji i akademskoj zajednici\u00a0<\/span><\/li><li style=\"font-weight: 400;\" aria-level=\"1\"><span style=\"font-weight: 400;\">identificiranje nedostataka u trenutnim obrazovnim\/trening programima<\/span><\/li><li style=\"font-weight: 400;\" aria-level=\"1\"><span style=\"font-weight: 400;\">izrada izvje\u0161taja o analizi potreba\u00a0<\/span><\/li><\/ul><p>\u00a0<\/p><p><strong><i>WP 3: Analiza neobra\u0111enih podataka za razvoj kurikuluma<\/i><\/strong><\/p><p><span style=\"font-weight: 400;\">Cilj: Razviti inovativne nastavne planove i programe za visoko obrazovanje i strukovno osposobljavanje<\/span><\/p><p><span style=\"font-weight: 400;\">Aktivnosti\u00a0<\/span><\/p><ul><li style=\"font-weight: 400;\" aria-level=\"1\"><span style=\"font-weight: 400;\">Definirati ciljeve u\u010denja i ishode u\u010denja za svaki modul kurikuluma\u00a0<\/span><\/li><li style=\"font-weight: 400;\" aria-level=\"1\"><span style=\"font-weight: 400;\">Osmisliti strukturu i sadr\u017eaj kurikuluma na temelju rezultata analize potreba\u00a0<\/span><\/li><li style=\"font-weight: 400;\" aria-level=\"1\"><span style=\"font-weight: 400;\">Uklju\u010diti zelene vje\u0161tine i na\u010dela odr\u017eivosti u kurikulum<\/span><\/li><li style=\"font-weight: 400;\" aria-level=\"1\"><span style=\"font-weight: 400;\">Pregledati i dovr\u0161iti nastavni plan i program u dogovoru sa stru\u010dnjacima iz industrije<\/span><\/li><\/ul><p>\u00a0<\/p><p><i><span style=\"font-weight: 400;\"><strong>WP 4: Izrada edukativnog materijala<\/strong>\u00a0<\/span><\/i><\/p><p><span style=\"font-weight: 400;\">Cilj: stvoriti zanimljive i interaktivne materijale za u\u010denje za razvijene kurikulume\u00a0<\/span><\/p><p><span style=\"font-weight: 400;\">Aktivnosti\u00a0<\/span><\/p><ul><li style=\"font-weight: 400;\" aria-level=\"1\"><span style=\"font-weight: 400;\">Razviti multimedijski sadr\u017eaj, prezentacije i studije slu\u010daja\u00a0<\/span><\/li><li style=\"font-weight: 400;\" aria-level=\"1\"><span style=\"font-weight: 400;\">Dizajnirati interaktivne module e-u\u010denja i simulacije\u00a0<\/span><\/li><li style=\"font-weight: 400;\" aria-level=\"1\"><span style=\"font-weight: 400;\">Izraditi alate za ocjenjivanje i vje\u017ebe za provjeru znanja<\/span><\/li><li style=\"font-weight: 400;\" aria-level=\"1\"><span style=\"font-weight: 400;\">Osigurati uskla\u0111enost nastavnih materijala s ciljevima kurikuluma\u00a0<\/span><\/li><\/ul><p>\u00a0<\/p><p><strong><i>WP 5: Pilotiranje, evaluacija i analiza u\u010dinka kurikuluma<\/i><\/strong><\/p><p><span style=\"font-weight: 400;\">Cilj: Provesti programe izobrazbe i procijeniti njihovu u\u010dinkovitost<\/span><\/p><p><span style=\"font-weight: 400;\">Aktivnosti\u00a0<\/span><\/p><ul><li style=\"font-weight: 400;\" aria-level=\"1\"><span style=\"font-weight: 400;\">Organizirati treninge za edukatore, trenere i u\u010denike<\/span><\/li><li style=\"font-weight: 400;\" aria-level=\"1\"><span style=\"font-weight: 400;\">Pratiti rezultate obuke i prikupljati povratne informacije od sudionika\u00a0<\/span><\/li><li style=\"font-weight: 400;\" aria-level=\"1\"><span style=\"font-weight: 400;\">Identificirati podru\u010dja za pobolj\u0161anje i napraviti potrebne prilagodbne<\/span><\/li><\/ul><p>\u00a0<\/p><p><strong><i>WP 6: Diseminacija i utjecaj\u00a0<\/i><\/strong><\/p><p><span style=\"font-weight: 400;\">Cilj: promovirati rezultate projekta, osigurati odr\u017eivost i poticati razmjenu znanja\u00a0<\/span><\/p><p><span style=\"font-weight: 400;\">Aktivnosti\u00a0<\/span><\/p><ul><li style=\"font-weight: 400;\" aria-level=\"1\"><span style=\"font-weight: 400;\">razviti strategiju \u0161irenja i komunikacijski plan\u00a0<\/span><\/li><li style=\"font-weight: 400;\" aria-level=\"1\"><span style=\"font-weight: 400;\">Organizirati radionice, webinare i konferencije kako bi se podijelili rezultati projekta<\/span><\/li><li style=\"font-weight: 400;\" aria-level=\"1\"><span style=\"font-weight: 400;\">Uspostaviti partnerstva s relevantnim dionicima za dugoro\u010dni u\u010dinak\u00a0<\/span><\/li><li style=\"font-weight: 400;\" aria-level=\"1\"><span style=\"font-weight: 400;\">Pratiti odr\u017eivost rezultata projekta nakon razdoblja financiranja<\/span><\/li><\/ul>\t\t\t\t\t\t\t\t<\/div>\n\t\t\t\t<\/div>\n\t\t\t\t\t<\/div>\n\t\t<\/div>\n\t\t\t\t\t<\/div>\n\t\t<\/section>\n\t\t\t\t<\/div>","protected":false},"excerpt":{"rendered":"<p>WP1: Project Management and Quality Assurance Objective: Ensuring effective project management, coordination, and monitoring activities. Activities:\u00a0 Organise project meetings and coordination activities Monitor project progress and evaluate outcomes Manage financial aspects and reporting Prepare progress reports and documentation\u00a0 \u00a0 WP2: Needs analysis and Commercial Drivers Objective: Conduct an industry-wide needs analysis to gather data and&hellip;&nbsp;<a href=\"https:\/\/greenportalliance.eu\/hr\/work-packages\/\" class=\"\" rel=\"bookmark\">Read More &raquo;<span class=\"screen-reader-text\">Radni paketi<\/span><\/a><\/p>","protected":false},"author":1,"featured_media":0,"parent":0,"menu_order":0,"comment_status":"closed","ping_status":"closed","template":"page-templates\/template-pagebuilder-full-width.php","meta":{"inline_featured_image":false,"neve_meta_sidebar":"","neve_meta_container":"","neve_meta_enable_content_width":"","neve_meta_content_width":0,"neve_meta_title_alignment":"","neve_meta_author_avatar":"","neve_post_elements_order":"","neve_meta_disable_header":"","neve_meta_disable_footer":"","neve_meta_disable_title":"","footnotes":""},"class_list":["post-198","page","type-page","status-publish","hentry"],"_links":{"self":[{"href":"https:\/\/greenportalliance.eu\/hr\/wp-json\/wp\/v2\/pages\/198","targetHints":{"allow":["GET"]}}],"collection":[{"href":"https:\/\/greenportalliance.eu\/hr\/wp-json\/wp\/v2\/pages"}],"about":[{"href":"https:\/\/greenportalliance.eu\/hr\/wp-json\/wp\/v2\/types\/page"}],"author":[{"embeddable":true,"href":"https:\/\/greenportalliance.eu\/hr\/wp-json\/wp\/v2\/users\/1"}],"replies":[{"embeddable":true,"href":"https:\/\/greenportalliance.eu\/hr\/wp-json\/wp\/v2\/comments?post=198"}],"version-history":[{"count":22,"href":"https:\/\/greenportalliance.eu\/hr\/wp-json\/wp\/v2\/pages\/198\/revisions"}],"predecessor-version":[{"id":713,"href":"https:\/\/greenportalliance.eu\/hr\/wp-json\/wp\/v2\/pages\/198\/revisions\/713"}],"wp:attachment":[{"href":"https:\/\/greenportalliance.eu\/hr\/wp-json\/wp\/v2\/media?parent=198"}],"curies":[{"name":"wp","href":"https:\/\/api.w.org\/{rel}","templated":true}]}}