{"id":222,"date":"2024-03-20T10:57:00","date_gmt":"2024-03-20T10:57:00","guid":{"rendered":"https:\/\/greenportalliance.eu\/?page_id=222"},"modified":"2024-04-02T14:56:50","modified_gmt":"2024-04-02T14:56:50","slug":"funding-scheme","status":"publish","type":"page","link":"https:\/\/greenportalliance.eu\/hr\/funding-scheme\/","title":{"rendered":"Shema financiranja"},"content":{"rendered":"<div data-elementor-type=\"wp-page\" data-elementor-id=\"222\" class=\"elementor elementor-222\">\n\t\t\t\t\t\t<section class=\"elementor-section elementor-top-section elementor-element elementor-element-3e1aab20 elementor-section-content-middle elementor-section-boxed elementor-section-height-default elementor-section-height-default\" data-id=\"3e1aab20\" data-element_type=\"section\" data-e-type=\"section\" data-settings=\"{&quot;background_background&quot;:&quot;classic&quot;}\">\n\t\t\t\t\t\t<div class=\"elementor-container elementor-column-gap-extended\">\n\t\t\t\t\t<div class=\"elementor-column elementor-col-100 elementor-top-column elementor-element elementor-element-54fc8dc7\" data-id=\"54fc8dc7\" data-element_type=\"column\" data-e-type=\"column\">\n\t\t\t<div class=\"elementor-widget-wrap elementor-element-populated\">\n\t\t\t\t\t\t<div class=\"elementor-element elementor-element-6109ef6f elementor-widget elementor-widget-text-editor\" data-id=\"6109ef6f\" data-element_type=\"widget\" data-e-type=\"widget\" data-widget_type=\"text-editor.default\">\n\t\t\t\t<div class=\"elementor-widget-container\">\n\t\t\t\t\t\t\t\t\t<p class=\"translation-block\">Projekt GREENPORT Alliances financiran je u okviru <strong>programa Erasmus+<\/strong>, koji je program Europske unije za obrazovanje, osposobljavanje, mlade i sport.\nErasmus+ podr\u017eava projekte i aktivnosti usmjerene na modernizaciju i pobolj\u0161anje obrazovnih sustava, promicanje cjelo\u017eivotnog u\u010denja i poticanje me\u0111unarodne suradnje u podru\u010dju obrazovanja i osposobljavanja.<\/p><p><span style=\"font-weight: 400;\">Projekt GREENPORT Alliances uskla\u0111en je s nekoliko strate\u0161kih ciljeva EU-a, posebice onih koji se odnose na odr\u017eivost, inovacije i razvoj vje\u0161tina u pomorskom sektoru.\nStrate\u0161ki ciljevi EU s kojima se projekt uskla\u0111uje su:\u00a0<\/span><\/p><ul><li style=\"font-weight: 400;\" aria-level=\"1\"><span style=\"font-weight: 400;\">Zeleni dogovor i klimatska neutralnost: Projekt doprinosi ciljevima Zelenog dogovora EU promicanjem odr\u017eivih praksi u pomorskoj industriji, smanjenju emisija i poticanje pristupa kru\u017enom gospodarstvu.\u00a0<\/span><\/li><li style=\"font-weight: 400;\" aria-level=\"1\"><span style=\"font-weight: 400;\">Pametna i odr\u017eiva mobilnost: Usredoto\u010duju\u0107i se na odr\u017eive i pametne prakse lu\u010dkih usluga, projekt podr\u017eava cilj EU-a smanjenja emisija u prometu i promicanja ekolo\u0161ki prihvatljivih prometnih rje\u0161enja\u00a0<\/span><\/li><li style=\"font-weight: 400;\" aria-level=\"1\"><span style=\"font-weight: 400;\">Razvoj vje\u0161tina i obrazovanje: Cilj projekta je razviti nove nastavne planove i programe i programe osposobljavanja za pru\u017eatelje lu\u010dkih usluga, uskla\u0111uju\u0107i se s ciljevima EU za pobolj\u0161anje razvoja vje\u0161tina, promicanje cjelo\u017eivotnog u\u010denja i pobolj\u0161anje kvalitete obrazovanja i osposobljavanja.\u00a0<\/span><\/li><li style=\"font-weight: 400;\" aria-level=\"1\"><span style=\"font-weight: 400;\">Inovacija i istra\u017eivanje: Kroz razvoj novih rje\u0161enja za u\u010denje i integraciju odr\u017eivih praksi, projekt doprinosi poticanju inovacija u pomorskom sektoru i podr\u017eava istra\u017eiva\u010dke aktivnosti povezane s odr\u017eivim prometom.\u00a0<\/span><\/li><\/ul><p>\u00a0<\/p><p><span style=\"font-weight: 400;\">Ciljevi i aktivnosti projekta GREENPORT Alliances u skladu su sa \u0161irim ciljevima EU-a promicanja odr\u017eivosti, inovacija i razvoja vje\u0161tina u pomorskoj industriji, kako je navedeno u raznim strate\u0161kim okvirima i inicijativama EU-a<\/span><\/p>\t\t\t\t\t\t\t\t<\/div>\n\t\t\t\t<\/div>\n\t\t\t\t\t<\/div>\n\t\t<\/div>\n\t\t\t\t\t<\/div>\n\t\t<\/section>\n\t\t\t\t<\/div>","protected":false},"excerpt":{"rendered":"<p>The GREENPORT Alliances project is funded under the Erasmus+ Programme, which is the European Union\u2019s programme for education, training, youth, and sport. Erasmus+ supports projects and activities aimed at modernising and improving education systems, promoting lifelong learning, and fostering international cooperation in the field of education and training.\u00a0 The GREENPORT Alliances project aligns with several&hellip;&nbsp;<a href=\"https:\/\/greenportalliance.eu\/hr\/funding-scheme\/\" class=\"\" rel=\"bookmark\">Read More &raquo;<span class=\"screen-reader-text\">Shema financiranja<\/span><\/a><\/p>","protected":false},"author":1,"featured_media":0,"parent":0,"menu_order":0,"comment_status":"closed","ping_status":"closed","template":"page-templates\/template-pagebuilder-full-width.php","meta":{"inline_featured_image":false,"neve_meta_sidebar":"","neve_meta_container":"","neve_meta_enable_content_width":"","neve_meta_content_width":0,"neve_meta_title_alignment":"","neve_meta_author_avatar":"","neve_post_elements_order":"","neve_meta_disable_header":"","neve_meta_disable_footer":"","neve_meta_disable_title":"","footnotes":""},"class_list":["post-222","page","type-page","status-publish","hentry"],"_links":{"self":[{"href":"https:\/\/greenportalliance.eu\/hr\/wp-json\/wp\/v2\/pages\/222","targetHints":{"allow":["GET"]}}],"collection":[{"href":"https:\/\/greenportalliance.eu\/hr\/wp-json\/wp\/v2\/pages"}],"about":[{"href":"https:\/\/greenportalliance.eu\/hr\/wp-json\/wp\/v2\/types\/page"}],"author":[{"embeddable":true,"href":"https:\/\/greenportalliance.eu\/hr\/wp-json\/wp\/v2\/users\/1"}],"replies":[{"embeddable":true,"href":"https:\/\/greenportalliance.eu\/hr\/wp-json\/wp\/v2\/comments?post=222"}],"version-history":[{"count":19,"href":"https:\/\/greenportalliance.eu\/hr\/wp-json\/wp\/v2\/pages\/222\/revisions"}],"predecessor-version":[{"id":674,"href":"https:\/\/greenportalliance.eu\/hr\/wp-json\/wp\/v2\/pages\/222\/revisions\/674"}],"wp:attachment":[{"href":"https:\/\/greenportalliance.eu\/hr\/wp-json\/wp\/v2\/media?parent=222"}],"curies":[{"name":"wp","href":"https:\/\/api.w.org\/{rel}","templated":true}]}}