{"id":742,"date":"2024-04-24T14:45:04","date_gmt":"2024-04-24T14:45:04","guid":{"rendered":"https:\/\/greenportalliance.eu\/?page_id=742"},"modified":"2024-04-24T15:18:34","modified_gmt":"2024-04-24T15:18:34","slug":"gdpr-policy","status":"publish","type":"page","link":"https:\/\/greenportalliance.eu\/hr\/gdpr-policy\/","title":{"rendered":"GDPR politika"},"content":{"rendered":"<div data-elementor-type=\"wp-page\" data-elementor-id=\"742\" class=\"elementor elementor-742\">\n\t\t\t\t<div class=\"elementor-element elementor-element-7cc45f6 e-flex e-con-boxed e-con e-parent\" data-id=\"7cc45f6\" data-element_type=\"container\" data-e-type=\"container\">\n\t\t\t\t\t<div class=\"e-con-inner\">\n\t\t\t\t<div class=\"elementor-element elementor-element-5c15a37 elementor-widget elementor-widget-text-editor\" data-id=\"5c15a37\" data-element_type=\"widget\" data-e-type=\"widget\" data-widget_type=\"text-editor.default\">\n\t\t\t\t<div class=\"elementor-widget-container\">\n\t\t\t\t\t\t\t\t\t<p><span style=\"font-weight: 400;\">U svrhu uskla\u0111enosti s obvezama propisanim Uredbom EU 2016\/679 (\u201eOp\u0107a uredba o za\u0161titi podataka\u201c ili \u201eGDPR\u201c),\nobvezni smo dobiti izri\u010dit pristanak za prikupljanje i obradu osjetljivih i osobnih podataka. Ako je privola dana, ispitanik \u0107e imati pravo na:<\/span><\/p><ul><li style=\"font-weight: 400;\" aria-level=\"1\"><span style=\"font-weight: 400;\">pristupi svojim podacima,\u00a0<\/span><\/li><li style=\"font-weight: 400;\" aria-level=\"1\"><span style=\"font-weight: 400;\">izmijenu ili brisanje svojih podataka,\u00a0<\/span><\/li><li style=\"font-weight: 400;\" aria-level=\"1\"><span style=\"font-weight: 400;\">i zaustavljanje obrade podataka.\u00a0<\/span><\/li><\/ul><p><span style=\"font-weight: 400;\">U nastavku se nalazi opis svrhe za koje \u0107e se podaci koristiti te informacije potrebne za davanje privole.<\/span><\/p><h3><b>Svrha obrade podataka<\/b><\/h3><p><span style=\"font-weight: 400;\">Osjetljivi podaci \u0107e se prikupljati isklju\u010divo u sljede\u0107e svrhe:<\/span><\/p><ul><li style=\"font-weight: 400;\" aria-level=\"1\"><span style=\"font-weight: 400;\">Kontaktiranje u vezi s inicijativama povezanim s GREENPORT-om.<\/span><\/li><li style=\"font-weight: 400;\" aria-level=\"1\"><span style=\"font-weight: 400;\">Komunikacije o doga\u0111ajima.<\/span><\/li><li style=\"font-weight: 400;\" aria-level=\"1\"><span style=\"font-weight: 400;\">Poma\u0107 u pobolj\u0161anju tehni\u010dke pomo\u0107i, korisni\u010dke podr\u0161ke, na\u0161e usluge i sadr\u017eaj, uklju\u010duju\u0107i provo\u0111enje naknadnih aktivnosti kako bi razjasnili bilo koje podno\u0161enje informacija kao dio ankete,\nupitnik ili drugo prikupljanje podataka.<\/span><\/li><li style=\"font-weight: 400;\" aria-level=\"1\"><span style=\"font-weight: 400;\">Izvo\u0111enje bilo koje skupne statisti\u010dke analize na anonimnoj osnovi.\u00a0<\/span><\/li><li style=\"font-weight: 400;\" aria-level=\"1\"><span style=\"font-weight: 400;\">Ostvarivanje \u200b\u200bprava i \u0161tititi legitimne interese Voditelja obrade podataka ili tre\u0107ih strana, primjerice pravo na obranu pred sudom.<\/span><\/li><li style=\"font-weight: 400;\" aria-level=\"1\"><span style=\"font-weight: 400;\">Slanje komunikacije na adresu e-po\u0161te koju ste naveli. Svaka poslana e-po\u0161ta omogu\u0107it \u0107e vam da odbijete daljnje slanje, klikom na odgovaraju\u0107u vezu.\u00a0<\/span><\/li><li style=\"font-weight: 400;\" aria-level=\"1\"><span style=\"font-weight: 400;\">Uskla\u0111ivanje s pravnim obvezama, Va\u0161i podaci \u0107e se koristiti za po\u0161tivanje i ispunjavanje obveza predvi\u0111enih zakonima, propisima, propisima zajednice, naredbama i propisima nadle\u017enih tijela.<\/span><\/li><li style=\"font-weight: 400;\" aria-level=\"1\"><span style=\"font-weight: 400;\">Statisti\u010dka interpolacija.<\/span><\/li><\/ul><p>\u00a0<\/p><h3><b>Vrste osobnih podataka koji se prikupljaju<\/b><\/h3><p><span style=\"font-weight: 400;\">Podaci koji \u0107e se prikupljati, tamo gdje se tra\u017ee i dostavljaju, su sljede\u0107i:<\/span><\/p><ul><li style=\"font-weight: 400;\" aria-level=\"1\"><span style=\"font-weight: 400;\">Ime korisnika<\/span><\/li><li style=\"font-weight: 400;\" aria-level=\"1\"><span style=\"font-weight: 400;\">Prezime korisnika<\/span><\/li><li style=\"font-weight: 400;\" aria-level=\"1\"><span style=\"font-weight: 400;\">Naziv tvrtke korisnika<\/span><\/li><li style=\"font-weight: 400;\" aria-level=\"1\"><span style=\"font-weight: 400;\">Veli\u010dina tvrtke korisnika<\/span><\/li><li style=\"font-weight: 400;\" aria-level=\"1\"><span style=\"font-weight: 400;\">Zemlja korisnika<\/span><\/li><li style=\"font-weight: 400;\" aria-level=\"1\"><span style=\"font-weight: 400;\">Adresa tvrtke korisnika<\/span><\/li><li style=\"font-weight: 400;\" aria-level=\"1\"><span style=\"font-weight: 400;\">E-mail adresa korisnika<\/span><\/li><\/ul><p>\u00a0<\/p><h3><b>S kim \u0107e se podaci dijeliti<\/b><\/h3><ul><li style=\"font-weight: 400;\" aria-level=\"1\"><span style=\"font-weight: 400;\">T.C. Piri Reis Universitesi<\/span><\/li><li style=\"font-weight: 400;\" aria-level=\"1\"><span style=\"font-weight: 400;\">ACROSSLIMITS<\/span><\/li><li style=\"font-weight: 400;\" aria-level=\"1\"><span style=\"font-weight: 400;\">Universitatea Maritima Din Constanta<\/span><\/li><li style=\"font-weight: 400;\" aria-level=\"1\"><span style=\"font-weight: 400;\">Hogere Zeevaartschool<\/span><\/li><li style=\"font-weight: 400;\" aria-level=\"1\"><span style=\"font-weight: 400;\">Nikola Vaptsarov Naval Academy<\/span><\/li><li style=\"font-weight: 400;\" aria-level=\"1\"><span style=\"font-weight: 400;\">Sveuciliste U Rijeci<\/span><\/li><li style=\"font-weight: 400;\" aria-level=\"1\"><span style=\"font-weight: 400;\">European Tugowners Association VZW<\/span><\/li><li style=\"font-weight: 400;\" aria-level=\"1\"><span style=\"font-weight: 400;\">Aggregazione Pubblico Privata Sullalogistica Mare Terra Societa Consortile A Responsabilita Limitata<\/span><\/li><li style=\"font-weight: 400;\" aria-level=\"1\"><span style=\"font-weight: 400;\">APA- Administracao Do Porto De Aveiro, S.A.<\/span><\/li><li style=\"font-weight: 400;\" aria-level=\"1\"><span style=\"font-weight: 400;\">European Maritime Pilots\u2019 Association<\/span><\/li><\/ul><p>\u00a0<\/p><h3><b>Pravni temelj obrade<\/b><\/h3><p><span style=\"font-weight: 400;\">Obrada osjetljivih i osobnih podataka provodit \u0107e se na jednoj ili vi\u0161e od sljede\u0107ih pravnih osnova:<\/span><\/p><ul><li style=\"font-weight: 400;\" aria-level=\"1\"><span style=\"font-weight: 400;\">Izri\u010dit pristanak nositelja podataka<\/span><\/li><li style=\"font-weight: 400;\" aria-level=\"1\"><span style=\"font-weight: 400;\">Uskla\u0111enost sa zakonskom obvezom kojoj podlije\u017ee voditelj obrade podataka<\/span><\/li><li style=\"font-weight: 400;\" aria-level=\"1\"><span style=\"font-weight: 400;\">Za\u0161tita vitalnih interesa nositelja podataka ili druge fizi\u010dke osobe<\/span><\/li><li style=\"font-weight: 400;\" aria-level=\"1\"><span style=\"font-weight: 400;\">Obavljanje zada\u0107e koja se obavlja u javnom interesu ili u provedbi slu\u017ebene ovlasti povjerene voditelju obrade<\/span><\/li><li style=\"font-weight: 400;\" aria-level=\"1\"><span style=\"font-weight: 400;\">Legitimni interesi koje vodi voditelj obrade podataka ili tre\u0107a strana<\/span><\/li><\/ul><p>\u00a0<\/p><h3><b>Podaci slu\u017ebenika za za\u0161titu podataka:<\/b><\/h3><p class=\"translation-block\">Ime i naziv: Emanuele Prister\u00e0, voditelj odjela za IT i razvoj digitalnih medija<\/p><p><span style=\"font-weight: 400;\">Adresa e-po\u0161te: <\/span> <span style=\"text-decoration: underline;\"><a href=\"mailto:emanuele@acrosslimits.com\"><span style=\"font-weight: 400;\">emanuele@acrosslimits.com<\/span><\/a><\/span><span style=\"font-weight: 400;\">\u00a0<\/span><\/p><h3><b>Podaci za kontakt voditelja obrade podataka<\/b><\/h3><p><span style=\"font-weight: 400;\">Kontrolor podataka je:\u00a0<\/span> <b>AcrossLimits Ltd (Malta)<\/b><\/p><p><span style=\"font-weight: 400;\">E-mail adresa: <\/span> <span style=\"text-decoration: underline;\"><a href=\"mailto:info@acrosslimits.com\"><span style=\"font-weight: 400;\">info@acrosslimits.com<\/span><\/a><\/span><\/p><p><span style=\"font-weight: 400;\">U skladu s \u010dlankom 4. Uredbe, AcrossLimits Ltd sa registriranim uredima na 2nd Floor, Tower Business Centre, Tower Street, Swatar, Birkirkara, BKR 4013, Malta u osobi pravnog zastupnika,\nAngele Giuliano je voditelj obrade Va\u0161ih osobnih podataka. Za komunikaciju ili zahtjeve, Tvrtka je dostupna na info@acrosslimits.com.\nA\u017eurirani popis na\u0161ih izvr\u0161itelja obrade podataka dostupan je u uredima voditelja obrade podataka i dostupan na web stranici <span style=\"text-decoration: underline;\"><a href=\"https:\/\/acrosslimits.com\/\" target=\"_blank\" rel=\"noopener\">www.acrosslimits.com<\/a><\/span><\/span><\/p><h3><b>Trajanje pohrane podataka<\/b><\/h3><p><span style=\"font-weight: 400;\">Prikupljeni podaci bit \u0107e pohranjeni ne dulje nego \u0161to je potrebno za svrhe za koje su prikupljeni ili naknadno obra\u0111eni.<\/span><\/p><p><span style=\"font-weight: 400;\">Podaci \u0107e biti pohranjeni na poslu\u017eiteljima tvrtke AcrossLimits i uvijek se mogu ukloniti nakon odre\u0111enog zahtjeva korisnika upu\u0107enog Voditelju podataka.<\/span><\/p><p><span style=\"font-weight: 400;\">Podaci se ni u kojem slu\u010daju ne\u0107e dijeliti s tre\u0107im stranama.\nAcrossLimits Ltd obvezuje se \u010duvati povjerljivost osobnih i osjetljivih podataka uz odgovaraju\u0107e za\u0161titne mjere kako bi se sprije\u010dilo njihovo neovla\u0161teno otkrivanje.<\/span><\/p><h3><b>Pravo na povla\u010denje privole<\/b><\/h3><p><span style=\"font-weight: 400;\">Privola se mo\u017ee povu\u0107i u bilo kojem trenutku slanjem e-po\u0161te Voditelju obrade na <\/span><span style=\"text-decoration: underline;\"><a href=\"mailto:info@acrosslimits.com\"><span style=\"font-weight: 400;\">info@acrosslimits.com<\/span><\/a><\/span><\/p><h3><b>Pravo na podno\u0161enje prigovora<\/b><\/h3><p><span style=\"font-weight: 400;\">Ne dovode\u0107i u pitanje bilo koji drugi upravni ili sudski pravni lijek, svaki ispitanik ima pravo podnijeti pritu\u017ebu malte\u0161kom tijelu za nadzor podataka:\nPovjerenika za informiranje i za\u0161titu podataka, ako smatra da se obradom osobnih podataka koji se na njega odnose kr\u0161i ova Uredba.<\/span><\/p><p><span style=\"font-weight: 400;\">E-po\u0161ta <a href=\"mailto:idpc.info@idpc.org.mt\"><span style=\"text-decoration: underline;\">idpc.info@idpc.org.mt<\/span><\/a><\/span><\/p><h3><b>Sigurnosne mjere<\/b><\/h3><p><span style=\"font-weight: 400;\">Svaki put kada koristite na\u0161e usluge, voditelj obrade podataka i tre\u0107e strane koje rade za nas poduzimaju odgovaraju\u0107e i primjerene sigurnosne mjere za sprje\u010davanje neovla\u0161tenog pristupa,\nneovla\u0161teno otkrivanje, izmjenu ili uni\u0161tavanje Va\u0161ih podataka, u skladu s odredbama va\u017ee\u0107ih nacionalnih zakona i GDPR-a.<\/span><\/p><h3><b>Pristanak<\/b><\/h3><p><span style=\"font-weight: 400;\">Slanjem ovog obrasca potvr\u0111ujem da sam pro\u010ditao i razumio gore navedene informacije o prikupljanju i obradi osjetljivih i osobnih podataka, te ovime dajem izri\u010ditu suglasnost za takvo prikupljanje i obradu u gore navedene svrhe.<\/span><\/p>\t\t\t\t\t\t\t\t<\/div>\n\t\t\t\t<\/div>\n\t\t\t\t\t<\/div>\n\t\t\t\t<\/div>\n\t\t\t\t<\/div>","protected":false},"excerpt":{"rendered":"<p>For the purpose of compliance with the obligations provided for by the EU Regulation 2016\/679 (&#8220;General Data Protection Regulation&#8221; or &#8220;GDPR&#8221;), we are required to obtain explicit consent for the collection and processing of sensitive and personal data. Should consent be given, the data subject will have the right to : access his\/her data,\u00a0 have&hellip;&nbsp;<a href=\"https:\/\/greenportalliance.eu\/hr\/gdpr-policy\/\" class=\"\" rel=\"bookmark\">Read More &raquo;<span class=\"screen-reader-text\">GDPR politika<\/span><\/a><\/p>","protected":false},"author":1,"featured_media":0,"parent":0,"menu_order":0,"comment_status":"closed","ping_status":"closed","template":"page-templates\/template-pagebuilder-full-width.php","meta":{"inline_featured_image":false,"neve_meta_sidebar":"","neve_meta_container":"","neve_meta_enable_content_width":"","neve_meta_content_width":0,"neve_meta_title_alignment":"","neve_meta_author_avatar":"","neve_post_elements_order":"","neve_meta_disable_header":"","neve_meta_disable_footer":"","neve_meta_disable_title":"","footnotes":""},"class_list":["post-742","page","type-page","status-publish","hentry"],"_links":{"self":[{"href":"https:\/\/greenportalliance.eu\/hr\/wp-json\/wp\/v2\/pages\/742","targetHints":{"allow":["GET"]}}],"collection":[{"href":"https:\/\/greenportalliance.eu\/hr\/wp-json\/wp\/v2\/pages"}],"about":[{"href":"https:\/\/greenportalliance.eu\/hr\/wp-json\/wp\/v2\/types\/page"}],"author":[{"embeddable":true,"href":"https:\/\/greenportalliance.eu\/hr\/wp-json\/wp\/v2\/users\/1"}],"replies":[{"embeddable":true,"href":"https:\/\/greenportalliance.eu\/hr\/wp-json\/wp\/v2\/comments?post=742"}],"version-history":[{"count":10,"href":"https:\/\/greenportalliance.eu\/hr\/wp-json\/wp\/v2\/pages\/742\/revisions"}],"predecessor-version":[{"id":770,"href":"https:\/\/greenportalliance.eu\/hr\/wp-json\/wp\/v2\/pages\/742\/revisions\/770"}],"wp:attachment":[{"href":"https:\/\/greenportalliance.eu\/hr\/wp-json\/wp\/v2\/media?parent=742"}],"curies":[{"name":"wp","href":"https:\/\/api.w.org\/{rel}","templated":true}]}}