{"id":222,"date":"2024-03-20T10:57:00","date_gmt":"2024-03-20T10:57:00","guid":{"rendered":"https:\/\/greenportalliance.eu\/?page_id=222"},"modified":"2024-04-02T14:56:50","modified_gmt":"2024-04-02T14:56:50","slug":"funding-scheme","status":"publish","type":"page","link":"https:\/\/greenportalliance.eu\/it\/funding-scheme\/","title":{"rendered":"Programma di finanziamento"},"content":{"rendered":"<div data-elementor-type=\"wp-page\" data-elementor-id=\"222\" class=\"elementor elementor-222\">\n\t\t\t\t\t\t<section class=\"elementor-section elementor-top-section elementor-element elementor-element-3e1aab20 elementor-section-content-middle elementor-section-boxed elementor-section-height-default elementor-section-height-default\" data-id=\"3e1aab20\" data-element_type=\"section\" data-e-type=\"section\" data-settings=\"{&quot;background_background&quot;:&quot;classic&quot;}\">\n\t\t\t\t\t\t<div class=\"elementor-container elementor-column-gap-extended\">\n\t\t\t\t\t<div class=\"elementor-column elementor-col-100 elementor-top-column elementor-element elementor-element-54fc8dc7\" data-id=\"54fc8dc7\" data-element_type=\"column\" data-e-type=\"column\">\n\t\t\t<div class=\"elementor-widget-wrap elementor-element-populated\">\n\t\t\t\t\t\t<div class=\"elementor-element elementor-element-6109ef6f elementor-widget elementor-widget-text-editor\" data-id=\"6109ef6f\" data-element_type=\"widget\" data-e-type=\"widget\" data-widget_type=\"text-editor.default\">\n\t\t\t\t<div class=\"elementor-widget-container\">\n\t\t\t\t\t\t\t\t\t<p class=\"translation-block\">Il progetto GREENPORT Alliances \u00e8 finanziato dal programma Erasmus+, il programma dell'Unione Europea per l'istruzione, la formazione, la giovent\u00f9 e lo sport.\nErasmus+ sostiene progetti e attivit\u00e0 volti a modernizzare e migliorare i sistemi educativi, a promuovere l'apprendimento permanente e a favorire la cooperazione internazionale nel campo dell'istruzione e della formazione.<\/p><p><span style=\"font-weight: 400;\">Il progetto GREENPORT Alliances si allinea con diversi obiettivi strategici dell'UE, in particolare quelli relativi alla sostenibilit\u00e0, all'innovazione e allo sviluppo delle competenze nel settore marittimo. \n<br><br>\nGli obiettivi strategici dell'UE a cui il progetto si allinea sono:\u00a0<\/span><\/p><ul><li style=\"font-weight: 400;\" aria-level=\"1\"><span style=\"font-weight: 400;\">Green Deal e Neutralit\u00e0 climatica: Il progetto contribuisce agli obiettivi del Green Deal dell'UE promuovendo pratiche sostenibili nell'industria marittima, riducendo le emissioni e promuovendo un approccio di economia circolare.\u00a0<\/span><\/li><li style=\"font-weight: 400;\" aria-level=\"1\"><span style=\"font-weight: 400;\">Mobilit\u00e0 intelligente e sostenibile: Incentrato sulle pratiche sostenibili e intelligenti nei servizi portuali, il progetto contribuisce all'obiettivo dell'UE di ridurre le emissioni dei trasporti e di promuovere soluzioni di trasporto rispettose dell'ambiente.\u00a0<\/span><\/li><li style=\"font-weight: 400;\" aria-level=\"1\"><span style=\"font-weight: 400;\">Sviluppo delle competenze e istruzione: In linea con gli obiettivi dell'UE di potenziare lo sviluppo delle competenze, promuovere l'apprendimento permanente e migliorare la qualit\u00e0 dell'istruzione e della formazione, il progetto mira a sviluppare nuovi curricula e programmi di formazione per i fornitori di servizi portuali.\u00a0<\/span><\/li><li style=\"font-weight: 400;\" aria-level=\"1\"><span style=\"font-weight: 400;\">Innovazione e ricerca: Attraverso lo sviluppo di nuove soluzioni di apprendimento e l'integrazione di pratiche sostenibili, il progetto contribuisce a stimolare l'innovazione nel settore marittimo e a sostenere le attivit\u00e0 di ricerca relative al trasporto sostenibile.\u00a0<\/span><\/li><\/ul><p>\u00a0<\/p><p><span style=\"font-weight: 400;\">Gli obiettivi e le attivit\u00e0 del progetto GREENPORT Alliances sono in linea con gli obiettivi pi\u00f9 ampi dell'UE di promuovere la sostenibilit\u00e0, l'innovazione e lo sviluppo delle competenze nell'industria marittima, come delineato in vari quadri strategici e iniziative dell'UE<\/span><\/p>\t\t\t\t\t\t\t\t<\/div>\n\t\t\t\t<\/div>\n\t\t\t\t\t<\/div>\n\t\t<\/div>\n\t\t\t\t\t<\/div>\n\t\t<\/section>\n\t\t\t\t<\/div>","protected":false},"excerpt":{"rendered":"<p>The GREENPORT Alliances project is funded under the Erasmus+ Programme, which is the European Union\u2019s programme for education, training, youth, and sport. Erasmus+ supports projects and activities aimed at modernising and improving education systems, promoting lifelong learning, and fostering international cooperation in the field of education and training.\u00a0 The GREENPORT Alliances project aligns with several&hellip;&nbsp;<a href=\"https:\/\/greenportalliance.eu\/it\/funding-scheme\/\" class=\"\" rel=\"bookmark\">Leggi tutto &raquo;<span class=\"screen-reader-text\">Programma di finanziamento<\/span><\/a><\/p>","protected":false},"author":1,"featured_media":0,"parent":0,"menu_order":0,"comment_status":"closed","ping_status":"closed","template":"page-templates\/template-pagebuilder-full-width.php","meta":{"inline_featured_image":false,"neve_meta_sidebar":"","neve_meta_container":"","neve_meta_enable_content_width":"","neve_meta_content_width":0,"neve_meta_title_alignment":"","neve_meta_author_avatar":"","neve_post_elements_order":"","neve_meta_disable_header":"","neve_meta_disable_footer":"","neve_meta_disable_title":"","footnotes":""},"class_list":["post-222","page","type-page","status-publish","hentry"],"_links":{"self":[{"href":"https:\/\/greenportalliance.eu\/it\/wp-json\/wp\/v2\/pages\/222","targetHints":{"allow":["GET"]}}],"collection":[{"href":"https:\/\/greenportalliance.eu\/it\/wp-json\/wp\/v2\/pages"}],"about":[{"href":"https:\/\/greenportalliance.eu\/it\/wp-json\/wp\/v2\/types\/page"}],"author":[{"embeddable":true,"href":"https:\/\/greenportalliance.eu\/it\/wp-json\/wp\/v2\/users\/1"}],"replies":[{"embeddable":true,"href":"https:\/\/greenportalliance.eu\/it\/wp-json\/wp\/v2\/comments?post=222"}],"version-history":[{"count":19,"href":"https:\/\/greenportalliance.eu\/it\/wp-json\/wp\/v2\/pages\/222\/revisions"}],"predecessor-version":[{"id":674,"href":"https:\/\/greenportalliance.eu\/it\/wp-json\/wp\/v2\/pages\/222\/revisions\/674"}],"wp:attachment":[{"href":"https:\/\/greenportalliance.eu\/it\/wp-json\/wp\/v2\/media?parent=222"}],"curies":[{"name":"wp","href":"https:\/\/api.w.org\/{rel}","templated":true}]}}