{"id":742,"date":"2024-04-24T14:45:04","date_gmt":"2024-04-24T14:45:04","guid":{"rendered":"https:\/\/greenportalliance.eu\/?page_id=742"},"modified":"2024-04-24T15:18:34","modified_gmt":"2024-04-24T15:18:34","slug":"gdpr-policy","status":"publish","type":"page","link":"https:\/\/greenportalliance.eu\/it\/gdpr-policy\/","title":{"rendered":"Politica GDPR"},"content":{"rendered":"<div data-elementor-type=\"wp-page\" data-elementor-id=\"742\" class=\"elementor elementor-742\">\n\t\t\t\t<div class=\"elementor-element elementor-element-7cc45f6 e-flex e-con-boxed e-con e-parent\" data-id=\"7cc45f6\" data-element_type=\"container\" data-e-type=\"container\">\n\t\t\t\t\t<div class=\"e-con-inner\">\n\t\t\t\t<div class=\"elementor-element elementor-element-5c15a37 elementor-widget elementor-widget-text-editor\" data-id=\"5c15a37\" data-element_type=\"widget\" data-e-type=\"widget\" data-widget_type=\"text-editor.default\">\n\t\t\t\t<div class=\"elementor-widget-container\">\n\t\t\t\t\t\t\t\t\t<p><span style=\"font-weight: 400;\">In conformit\u00e0 con gli obblighi previsti dal Regolamento UE 2016\/679 (\u201cRegolamento Generale sulla Protezione dei Dati\u201d o \u201cGeneral Data Protection Regulation - GDPR\u201d), siamo tenuti a ottenere il consenso esplicito per la raccolta e il trattamento dei dati personali e sensibili. Qualora il consenso venga fornito, l'interessato avr\u00e0 il diritto di:<\/span><\/p><ul><li style=\"font-weight: 400;\" aria-level=\"1\"><span style=\"font-weight: 400;\">accedere ai propri dati,\u00a0<\/span><\/li><li style=\"font-weight: 400;\" aria-level=\"1\"><span style=\"font-weight: 400;\">modificare o cancellare i propri dati\u00a0<\/span><\/li><li style=\"font-weight: 400;\" aria-level=\"1\"><span style=\"font-weight: 400;\">e di interrompere il trattamento dei dati.\u00a0<\/span><\/li><\/ul><p><span style=\"font-weight: 400;\">Di seguito sono descritte le finalit\u00e0 per le quali i dati saranno utilizzati e le informazioni necessarie per fornire il consenso.<\/span><\/p><h3><b>Finalit\u00e0 del trattamento dei dati<\/b><\/h3><p><span style=\"font-weight: 400;\">I dati sensibili saranno raccolti esclusivamente per le seguenti finalit\u00e0:<\/span><\/p><ul><li style=\"font-weight: 400;\" aria-level=\"1\"><span style=\"font-weight: 400;\">Essere contattato riguardo alle iniziative collegate al progetto GREENPORT.<\/span><\/li><li style=\"font-weight: 400;\" aria-level=\"1\"><span style=\"font-weight: 400;\">Comunicazioni su eventi.<\/span><\/li><li style=\"font-weight: 400;\" aria-level=\"1\"><span style=\"font-weight: 400;\">Aiutarci a migliorare l'assistenza tecnica, il servizio clienti, i nostri servizi e i nostri contenuti, compresa l'esecuzione di esercizi di follow-up per chiarire qualsiasi informazione fornita nell'ambito di un sondaggio, \nquestionario o altra raccolta di dati.<\/span><\/li><li style=\"font-weight: 400;\" aria-level=\"1\"><span style=\"font-weight: 400;\">Eseguire analisi statistiche aggregate su base anonima.\u00a0<\/span><\/li><li style=\"font-weight: 400;\" aria-level=\"1\"><span style=\"font-weight: 400;\">Esercitare i diritti e proteggere i legittimi interessi del Titolare del trattamento o di terzi, ad esempio il diritto di difesa in sede legale.<\/span><\/li><li style=\"font-weight: 400;\" aria-level=\"1\"><span style=\"font-weight: 400;\">Inviarvi comunicazioni all'indirizzo e-mail da voi fornito. Ogni e-mail inviata vi consentir\u00e0, cliccando sull'apposito link, di rifiutare ulteriori invii.\u00a0<\/span><\/li><li style=\"font-weight: 400;\" aria-level=\"1\"><span style=\"font-weight: 400;\">Per l'adempimento di obblighi di legge, i vostri dati saranno utilizzati per rispettare e adempiere agli obblighi previsti da leggi, regolamenti, normative comunitarie, ordini e prescrizioni delle autorit\u00e0 competenti.<\/span><\/li><li style=\"font-weight: 400;\" aria-level=\"1\"><span style=\"font-weight: 400;\">Interpolazione statistica.<\/span><\/li><\/ul><p>\u00a0<\/p><h3><b>Tipologie di dati personali raccolti<\/b><\/h3><p><span style=\"font-weight: 400;\">I dati che verranno raccolti, ove richiesti e forniti, sono i seguenti:<\/span><\/p><ul><li style=\"font-weight: 400;\" aria-level=\"1\"><span style=\"font-weight: 400;\">Nome dell'utente<\/span><\/li><li style=\"font-weight: 400;\" aria-level=\"1\"><span style=\"font-weight: 400;\">Cognome dell'utente<\/span><\/li><li style=\"font-weight: 400;\" aria-level=\"1\"><span style=\"font-weight: 400;\">Nome dell'azienda dell'utente<\/span><\/li><li style=\"font-weight: 400;\" aria-level=\"1\"><span style=\"font-weight: 400;\">Dimensione dell'azienda dell'utente<\/span><\/li><li style=\"font-weight: 400;\" aria-level=\"1\"><span style=\"font-weight: 400;\">Paese dell'utente<\/span><\/li><li style=\"font-weight: 400;\" aria-level=\"1\"><span style=\"font-weight: 400;\">Indirizzo dell'azienda dell'utente<\/span><\/li><li style=\"font-weight: 400;\" aria-level=\"1\"><span style=\"font-weight: 400;\">Indirizzo e-mail dell'utente<\/span><\/li><\/ul><p>\u00a0<\/p><h3><b>Con chi saranno condivisi i dati<\/b><\/h3><ul><li style=\"font-weight: 400;\" aria-level=\"1\"><span style=\"font-weight: 400;\">T.C. Piri Reis Universitesi<\/span><\/li><li style=\"font-weight: 400;\" aria-level=\"1\"><span style=\"font-weight: 400;\">ACROSSLIMITS<\/span><\/li><li style=\"font-weight: 400;\" aria-level=\"1\"><span style=\"font-weight: 400;\">Universitatea Maritima Din Constanta<\/span><\/li><li style=\"font-weight: 400;\" aria-level=\"1\"><span style=\"font-weight: 400;\">Hogere Zeevaartschool<\/span><\/li><li style=\"font-weight: 400;\" aria-level=\"1\"><span style=\"font-weight: 400;\">Nikola Vaptsarov Naval Academy<\/span><\/li><li style=\"font-weight: 400;\" aria-level=\"1\"><span style=\"font-weight: 400;\">Sveuciliste U Rijeci<\/span><\/li><li style=\"font-weight: 400;\" aria-level=\"1\"><span style=\"font-weight: 400;\">European Tugowners Association VZW<\/span><\/li><li style=\"font-weight: 400;\" aria-level=\"1\"><span style=\"font-weight: 400;\">Aggregazione Pubblico Privata Sullalogistica Mare Terra Societa Consortile A Responsabilita Limitata<\/span><\/li><li style=\"font-weight: 400;\" aria-level=\"1\"><span style=\"font-weight: 400;\">APA- Administracao Do Porto De Aveiro, S.A.<\/span><\/li><li style=\"font-weight: 400;\" aria-level=\"1\"><span style=\"font-weight: 400;\">European Maritime Pilots\u2019 Association<\/span><\/li><\/ul><p>\u00a0<\/p><h3><b>Base giuridica del trattamento<\/b><\/h3><p><span style=\"font-weight: 400;\">Il trattamento dei dati sensibili e personali sar\u00e0 effettuato su una o pi\u00f9 delle seguenti basi giuridiche:<\/span><\/p><ul><li style=\"font-weight: 400;\" aria-level=\"1\"><span style=\"font-weight: 400;\">Consenso esplicito dell'interessato<\/span><\/li><li style=\"font-weight: 400;\" aria-level=\"1\"><span style=\"font-weight: 400;\">Conformit\u00e0 a un obbligo legale a cui \u00e8 soggetto il titolare del trattamento<\/span><\/li><li style=\"font-weight: 400;\" aria-level=\"1\"><span style=\"font-weight: 400;\">Tutela degli interessi vitali dell'interessato o di un'altra persona fisica<\/span><\/li><li style=\"font-weight: 400;\" aria-level=\"1\"><span style=\"font-weight: 400;\">Esecuzione di un compito svolto nel pubblico interesse o nell'esercizio di pubblici poteri di cui \u00e8 investito il titolare del trattamento<\/span><\/li><li style=\"font-weight: 400;\" aria-level=\"1\"><span style=\"font-weight: 400;\">Legittimi interessi perseguiti dal titolare del trattamento o da un terzo<\/span><\/li><\/ul><p>\u00a0<\/p><h3><b>Informazioni sul responsabile della protezione dei dati:<\/b><\/h3><p class=\"translation-block\">Nome e qualifica: Emanuele Prister\u00e0, Responsabile - Direzione Sviluppo IT e Digital Media<\/p><p><span style=\"font-weight: 400;\">Indirizzo e-mail: <\/span> <span style=\"text-decoration: underline;\"><a href=\"mailto:emanuele@acrosslimits.com\"><span style=\"font-weight: 400;\">emanuele@acrosslimits.com<\/span><\/a><\/span><span style=\"font-weight: 400;\">\u00a0<\/span><\/p><h3><b>Informazioni di contatto del Titolare del trattamento<\/b><\/h3><p><span style=\"font-weight: 400;\">Il titolare del trattamento dei dati \u00e8:\u00a0<\/span> <b>AcrossLimits Ltd (Malta)<\/b><\/p><p><span style=\"font-weight: 400;\">Indirizzo e-mail: <\/span> <span style=\"text-decoration: underline;\"><a href=\"mailto:info@acrosslimits.com\"><span style=\"font-weight: 400;\">info@acrosslimits.com<\/span><\/a><\/span><\/p><p><span style=\"font-weight: 400;\">Ai sensi dell'articolo 4 del Regolamento, AcrossLimits Ltd con sede legale al 2nd Floor, Tower Business Centre, Tower Street, Swatar, Birkirkara, BKR 4013, Malta nella persona del Legale Rappresentante,\nAngele Giuliano \u00e8 il titolare del trattamento dei vostri dati personali. Per comunicazioni o richieste, la Societ\u00e0 \u00e8 raggiungibile all'indirizzo info@acrosslimits.com. \nL'elenco aggiornato dei nostri responsabili del trattamento \u00e8 disponibile presso gli uffici del titolare del trattamento e consultabile sul sito web <span style=\"text-decoration: underline;\"><a href=\"https:\/\/acrosslimits.com\/\" target=\"_blank\" rel=\"noopener\">www.acrosslimits.com<\/a><\/span><\/span><\/p><h3><b>Durata della conservazione dei dati<\/b><\/h3><p><span style=\"font-weight: 400;\">I dati raccolti saranno conservati per un periodo non superiore a quello necessario per le finalit\u00e0 per cui sono stati raccolti o successivamente trattati. I dati saranno conservati sui server di AcrossLimits e possono essere sempre rimossi a seguito di una specifica richiesta dell'Utente al Titolare del trattamento.<\/span><\/p><p><span style=\"font-weight: 400;\">I dati non saranno in alcun caso condivisi con terzi. AcrossLimits Ltd si impegna a mantenere la riservatezza dei dati personali e sensibili con misure di protezione adeguate per prevenire la divulgazione non autorizzata.<\/span><\/p><p><span style=\"font-weight: 400;\"><p><\/p><\/span><\/p><h3><b>Diritto di revoca del consenso<\/b><\/h3><p><span style=\"font-weight: 400;\">Il consenso pu\u00f2 essere revocato in qualsiasi momento inviando un'e-mail al Titolare del trattamento all'indirizzo <\/span><span style=\"text-decoration: underline;\"><a href=\"mailto:info@acrosslimits.com\"><span style=\"font-weight: 400;\">info@acrosslimits.com<\/span><\/a><\/span><\/p><h3><b>Diritto di presentare reclamo<\/b><\/h3><p><span style=\"font-weight: 400;\">Fatto salvo ogni altro ricorso amministrativo o giurisdizionale, ogni interessato ha il diritto di presentare un reclamo all'autorit\u00e0 di controllo maltese per la protezione dei dati, l'Information and Data Protection Commissioner, se ritiene che il trattamento dei dati personali che lo riguardano violi il Regolamento.<\/span><\/p><p><span style=\"font-weight: 400;\">Email : <a href=\"mailto:idpc.info@idpc.org.mt\"><span style=\"text-decoration: underline;\">idpc.info@idpc.org.mt<\/span><\/a><\/span><\/p><h3><b>Misure di sicurezza<\/b><\/h3><p><span style=\"font-weight: 400;\">Ogni volta che utilizzate i nostri servizi, il titolare del trattamento e le terze parti che lavorano per noi adottano misure di sicurezza appropriate e adeguate per prevenire accessi non autorizzati,\nla divulgazione, la modifica o la distruzione non autorizzate dei vostri dati, in conformit\u00e0 alle disposizioni della legge nazionale applicabile e del GDPR.<\/span><\/p><h3><b>Consenso<\/b><\/h3><p><span style=\"font-weight: 400;\">Inviando il presente modulo, dichiaro di aver letto e compreso le informazioni fornite sopra in merito alla raccolta e al trattamento dei dati sensibili e personali,\ned esprimo il mio esplicito consenso a tale raccolta e trattamento per le finalit\u00e0 sopra indicate.<\/span><\/p>\t\t\t\t\t\t\t\t<\/div>\n\t\t\t\t<\/div>\n\t\t\t\t\t<\/div>\n\t\t\t\t<\/div>\n\t\t\t\t<\/div>","protected":false},"excerpt":{"rendered":"<p>For the purpose of compliance with the obligations provided for by the EU Regulation 2016\/679 (&#8220;General Data Protection Regulation&#8221; or &#8220;GDPR&#8221;), we are required to obtain explicit consent for the collection and processing of sensitive and personal data. Should consent be given, the data subject will have the right to : access his\/her data,\u00a0 have&hellip;&nbsp;<a href=\"https:\/\/greenportalliance.eu\/it\/gdpr-policy\/\" class=\"\" rel=\"bookmark\">Leggi tutto &raquo;<span class=\"screen-reader-text\">Politica GDPR<\/span><\/a><\/p>","protected":false},"author":1,"featured_media":0,"parent":0,"menu_order":0,"comment_status":"closed","ping_status":"closed","template":"page-templates\/template-pagebuilder-full-width.php","meta":{"inline_featured_image":false,"neve_meta_sidebar":"","neve_meta_container":"","neve_meta_enable_content_width":"","neve_meta_content_width":0,"neve_meta_title_alignment":"","neve_meta_author_avatar":"","neve_post_elements_order":"","neve_meta_disable_header":"","neve_meta_disable_footer":"","neve_meta_disable_title":"","footnotes":""},"class_list":["post-742","page","type-page","status-publish","hentry"],"_links":{"self":[{"href":"https:\/\/greenportalliance.eu\/it\/wp-json\/wp\/v2\/pages\/742","targetHints":{"allow":["GET"]}}],"collection":[{"href":"https:\/\/greenportalliance.eu\/it\/wp-json\/wp\/v2\/pages"}],"about":[{"href":"https:\/\/greenportalliance.eu\/it\/wp-json\/wp\/v2\/types\/page"}],"author":[{"embeddable":true,"href":"https:\/\/greenportalliance.eu\/it\/wp-json\/wp\/v2\/users\/1"}],"replies":[{"embeddable":true,"href":"https:\/\/greenportalliance.eu\/it\/wp-json\/wp\/v2\/comments?post=742"}],"version-history":[{"count":10,"href":"https:\/\/greenportalliance.eu\/it\/wp-json\/wp\/v2\/pages\/742\/revisions"}],"predecessor-version":[{"id":770,"href":"https:\/\/greenportalliance.eu\/it\/wp-json\/wp\/v2\/pages\/742\/revisions\/770"}],"wp:attachment":[{"href":"https:\/\/greenportalliance.eu\/it\/wp-json\/wp\/v2\/media?parent=742"}],"curies":[{"name":"wp","href":"https:\/\/api.w.org\/{rel}","templated":true}]}}