{"id":128,"date":"2024-03-20T10:32:53","date_gmt":"2024-03-20T10:32:53","guid":{"rendered":"https:\/\/greenportalliance.eu\/?page_id=128"},"modified":"2024-04-02T14:56:11","modified_gmt":"2024-04-02T14:56:11","slug":"about-us","status":"publish","type":"page","link":"https:\/\/greenportalliance.eu\/pt\/about-us\/","title":{"rendered":"Sobre n\u00f3s"},"content":{"rendered":"<div data-elementor-type=\"wp-page\" data-elementor-id=\"128\" class=\"elementor elementor-128\">\n\t\t\t\t\t\t<section class=\"elementor-section elementor-top-section elementor-element elementor-element-3e1aab20 elementor-section-content-middle elementor-section-boxed elementor-section-height-default elementor-section-height-default\" data-id=\"3e1aab20\" data-element_type=\"section\" data-e-type=\"section\" data-settings=\"{&quot;background_background&quot;:&quot;classic&quot;}\">\n\t\t\t\t\t\t<div class=\"elementor-container elementor-column-gap-extended\">\n\t\t\t\t\t<div class=\"elementor-column elementor-col-100 elementor-top-column elementor-element elementor-element-54fc8dc7\" data-id=\"54fc8dc7\" data-element_type=\"column\" data-e-type=\"column\">\n\t\t\t<div class=\"elementor-widget-wrap elementor-element-populated\">\n\t\t\t\t\t\t<div class=\"elementor-element elementor-element-6109ef6f elementor-widget elementor-widget-text-editor\" data-id=\"6109ef6f\" data-element_type=\"widget\" data-e-type=\"widget\" data-widget_type=\"text-editor.default\">\n\t\t\t\t<div class=\"elementor-widget-container\">\n\t\t\t\t\t\t\t\t\t<p><span style=\"font-weight: 400;\"><strong>GREENPORT Alliances<\/strong> \u00e9 uma colabora\u00e7\u00e3o pioneira dedicada a promover a sustentabilidade e a inova\u00e7\u00e3o no sector dos servi\u00e7os portu\u00e1rios mar\u00edtimos.\nReunindo um cons\u00f3rcio diversificado de grupos comerciais, empresas, institui\u00e7\u00f5es de ensino superior, prestadores de forma\u00e7\u00e3o profissional e entidades de investiga\u00e7\u00e3o, o GREENPORT tem como objetivo abordar a necessidade premente de redu\u00e7\u00e3o de emiss\u00f5es e de mudan\u00e7a de comportamento nas opera\u00e7\u00f5es portu\u00e1rias.\u00a0<\/span><\/p><p class=\"translation-block\"><span style=\"font-weight: 400\"><strong>A nossa miss\u00e3o<\/strong>: Na GREENPORT, a nossa miss\u00e3o \u00e9 fomentar a co-cria\u00e7\u00e3o intersectorial e o fluxo de conhecimentos para desenvolver e implementar solu\u00e7\u00f5es inovadoras para reduzir as emiss\u00f5es e promover pr\u00e1ticas sustent\u00e1veis nos servi\u00e7os portu\u00e1rios.\n Ao reunir o meio acad\u00e9mico, a ind\u00fastria e a investiga\u00e7\u00e3o, esfor\u00e7amo-nos por refor\u00e7ar a capacidade de inova\u00e7\u00e3o da Europa e contribuir para enfrentar a crise clim\u00e1tica. <\/span><\/p>\t\t\t\t\t\t\t\t<\/div>\n\t\t\t\t<\/div>\n\t\t\t\t\t<\/div>\n\t\t<\/div>\n\t\t\t\t\t<\/div>\n\t\t<\/section>\n\t\t\t\t<\/div>","protected":false},"excerpt":{"rendered":"<p>GREENPORT Alliances is a pioneering collaboration dedicated to driving sustainability and innovation in the maritime port services sector. Bringing together a diverse consortium of European-level trade groupings, companies, higher education institutions, vocational training providers, and research entities, GREENPORT aims to address the pressing need for emissions reduction and behavioural change within port operations.\u00a0 Our mission:&hellip;&nbsp;<a href=\"https:\/\/greenportalliance.eu\/pt\/about-us\/\" class=\"\" rel=\"bookmark\">Ler mais &raquo;<span class=\"screen-reader-text\">Sobre n\u00f3s<\/span><\/a><\/p>","protected":false},"author":1,"featured_media":0,"parent":0,"menu_order":0,"comment_status":"closed","ping_status":"closed","template":"page-templates\/template-pagebuilder-full-width.php","meta":{"inline_featured_image":false,"neve_meta_sidebar":"","neve_meta_container":"","neve_meta_enable_content_width":"","neve_meta_content_width":0,"neve_meta_title_alignment":"","neve_meta_author_avatar":"","neve_post_elements_order":"","neve_meta_disable_header":"","neve_meta_disable_footer":"","neve_meta_disable_title":"","footnotes":""},"class_list":["post-128","page","type-page","status-publish","hentry"],"_links":{"self":[{"href":"https:\/\/greenportalliance.eu\/pt\/wp-json\/wp\/v2\/pages\/128","targetHints":{"allow":["GET"]}}],"collection":[{"href":"https:\/\/greenportalliance.eu\/pt\/wp-json\/wp\/v2\/pages"}],"about":[{"href":"https:\/\/greenportalliance.eu\/pt\/wp-json\/wp\/v2\/types\/page"}],"author":[{"embeddable":true,"href":"https:\/\/greenportalliance.eu\/pt\/wp-json\/wp\/v2\/users\/1"}],"replies":[{"embeddable":true,"href":"https:\/\/greenportalliance.eu\/pt\/wp-json\/wp\/v2\/comments?post=128"}],"version-history":[{"count":35,"href":"https:\/\/greenportalliance.eu\/pt\/wp-json\/wp\/v2\/pages\/128\/revisions"}],"predecessor-version":[{"id":1441,"href":"https:\/\/greenportalliance.eu\/pt\/wp-json\/wp\/v2\/pages\/128\/revisions\/1441"}],"wp:attachment":[{"href":"https:\/\/greenportalliance.eu\/pt\/wp-json\/wp\/v2\/media?parent=128"}],"curies":[{"name":"wp","href":"https:\/\/api.w.org\/{rel}","templated":true}]}}