{"id":159,"date":"2024-03-20T10:44:27","date_gmt":"2024-03-20T10:44:27","guid":{"rendered":"https:\/\/greenportalliance.eu\/?page_id=159"},"modified":"2024-04-02T14:51:35","modified_gmt":"2024-04-02T14:51:35","slug":"challenges-and-objectives","status":"publish","type":"page","link":"https:\/\/greenportalliance.eu\/pt\/challenges-and-objectives\/","title":{"rendered":"Desafios e Objectivos"},"content":{"rendered":"<div data-elementor-type=\"wp-page\" data-elementor-id=\"159\" class=\"elementor elementor-159\">\n\t\t\t\t\t\t<section class=\"elementor-section elementor-top-section elementor-element elementor-element-3e1aab20 elementor-section-content-middle elementor-section-boxed elementor-section-height-default elementor-section-height-default\" data-id=\"3e1aab20\" data-element_type=\"section\" data-e-type=\"section\" data-settings=\"{&quot;background_background&quot;:&quot;classic&quot;}\">\n\t\t\t\t\t\t<div class=\"elementor-container elementor-column-gap-extended\">\n\t\t\t\t\t<div class=\"elementor-column elementor-col-100 elementor-top-column elementor-element elementor-element-54fc8dc7\" data-id=\"54fc8dc7\" data-element_type=\"column\" data-e-type=\"column\">\n\t\t\t<div class=\"elementor-widget-wrap elementor-element-populated\">\n\t\t\t\t\t\t<div class=\"elementor-element elementor-element-6109ef6f elementor-widget elementor-widget-text-editor\" data-id=\"6109ef6f\" data-element_type=\"widget\" data-e-type=\"widget\" data-widget_type=\"text-editor.default\">\n\t\t\t\t<div class=\"elementor-widget-container\">\n\t\t\t\t\t\t\t\t\t<p><span style=\"font-weight: 400;\"><strong>Desafios<\/strong>: O sector dos servi\u00e7os portu\u00e1rios mar\u00edtimos enfrenta desafios significativos na redu\u00e7\u00e3o das emiss\u00f5es, na promo\u00e7\u00e3o da sustentabilidade e na adapta\u00e7\u00e3o \u00e0 regulamenta\u00e7\u00e3o ambiental. Os principais desafios incluem a necessidade de mudan\u00e7a de comportamento nas opera\u00e7\u00f5es portu\u00e1rias, a falta de compet\u00eancias ecol\u00f3gicas integradas nos curr\u00edculos actuais, e a urg\u00eancia de abordar o impacto das emiss\u00f5es no ambiente e no clima.\u00a0<\/span><\/p><p><span style=\"font-weight: 400;\"><strong>Objectivos<\/strong>:\u00a0<\/span><\/p><ul><li><span style=\"font-weight: 400;\">Desenvolver programas curriculares inovadores: O GREENPORT tem por objetivo criar novos materiais did\u00e1cticos para o ensino superior e a forma\u00e7\u00e3o profissional que integrem compet\u00eancias ecol\u00f3gicas e promovam a sustentabilidade nos servi\u00e7os portu\u00e1rios\u00a0<\/span><\/li><li style=\"font-weight: 400;\" aria-level=\"1\"><span style=\"font-weight: 400;\">Promover o interc\u00e2mbio de conhecimentos: Ao facilitar a colabora\u00e7\u00e3o entre o meio acad\u00e9mico, a ind\u00fastria e as entidades de investiga\u00e7\u00e3o, o GREENPORT procura melhorar o fluxo de conhecimentos e as melhores pr\u00e1ticas em mat\u00e9ria de redu\u00e7\u00e3o de emiss\u00f5es e opera\u00e7\u00f5es portu\u00e1rias sustent\u00e1veis.\u00a0<\/span><\/li><li style=\"font-weight: 400;\" aria-level=\"1\"><span style=\"font-weight: 400;\">Promover a mudan\u00e7a de comportamentos: Atrav\u00e9s de programas de forma\u00e7\u00e3o e sensibiliza\u00e7\u00e3o espec\u00edficos, o GREENPORT visa incutir uma cultura de sustentabilidade e responsabilidade ambiental no sector mar\u00edtimo\u00a0<\/span><\/li><li style=\"font-weight: 400;\" aria-level=\"1\"><span style=\"font-weight: 400;\">Melhorar as aptid\u00f5es e compet\u00eancias: O projeto visa equipar o pessoal dos servi\u00e7os portu\u00e1rios com as aptid\u00f5es e compet\u00eancias necess\u00e1rias para navegar na transi\u00e7\u00e3o ecol\u00f3gica e satisfazer as exig\u00eancias de uma ind\u00fastria mar\u00edtima sustent\u00e1vel\u00a0<\/span><\/li><li style=\"font-weight: 400;\" aria-level=\"1\"><span style=\"font-weight: 400;\">Promover a inova\u00e7\u00e3o e a colabora\u00e7\u00e3o: O GREENPORT esfor\u00e7a-se por promover uma cultura de inova\u00e7\u00e3o e colabora\u00e7\u00e3o entre as partes interessadas do sector mar\u00edtimo para enfrentar eficazmente os desafios da redu\u00e7\u00e3o das emiss\u00f5es e da sustentabilidade.\u00a0<\/span><\/li><\/ul><p>\u00a0<\/p><p><span style=\"font-weight: 400;\">Junte-se a n\u00f3s para superar os desafios e alcan\u00e7ar os nossos objectivos para um sector de servi\u00e7os portu\u00e1rios mar\u00edtimos mais ecol\u00f3gico e sustent\u00e1vel.<\/span><\/p>\t\t\t\t\t\t\t\t<\/div>\n\t\t\t\t<\/div>\n\t\t\t\t\t<\/div>\n\t\t<\/div>\n\t\t\t\t\t<\/div>\n\t\t<\/section>\n\t\t\t\t<\/div>","protected":false},"excerpt":{"rendered":"<p>Challenges: The maritime port services sector faces significant challenges in reducing emissions, promoting sustainability, and adapting to environmental regulations. Key challenges include the need for behavioural change within port operations, the lack of integrated green skills in existing curricula, and the urgency to address the impact of emissions on the environment and climate.\u00a0 Objectives:\u00a0 Develop&hellip;&nbsp;<a href=\"https:\/\/greenportalliance.eu\/pt\/challenges-and-objectives\/\" class=\"\" rel=\"bookmark\">Ler mais &raquo;<span class=\"screen-reader-text\">Desafios e Objectivos<\/span><\/a><\/p>","protected":false},"author":1,"featured_media":0,"parent":0,"menu_order":0,"comment_status":"closed","ping_status":"closed","template":"page-templates\/template-pagebuilder-full-width.php","meta":{"inline_featured_image":false,"neve_meta_sidebar":"","neve_meta_container":"","neve_meta_enable_content_width":"","neve_meta_content_width":0,"neve_meta_title_alignment":"","neve_meta_author_avatar":"","neve_post_elements_order":"","neve_meta_disable_header":"","neve_meta_disable_footer":"","neve_meta_disable_title":"","footnotes":""},"class_list":["post-159","page","type-page","status-publish","hentry"],"_links":{"self":[{"href":"https:\/\/greenportalliance.eu\/pt\/wp-json\/wp\/v2\/pages\/159","targetHints":{"allow":["GET"]}}],"collection":[{"href":"https:\/\/greenportalliance.eu\/pt\/wp-json\/wp\/v2\/pages"}],"about":[{"href":"https:\/\/greenportalliance.eu\/pt\/wp-json\/wp\/v2\/types\/page"}],"author":[{"embeddable":true,"href":"https:\/\/greenportalliance.eu\/pt\/wp-json\/wp\/v2\/users\/1"}],"replies":[{"embeddable":true,"href":"https:\/\/greenportalliance.eu\/pt\/wp-json\/wp\/v2\/comments?post=159"}],"version-history":[{"count":37,"href":"https:\/\/greenportalliance.eu\/pt\/wp-json\/wp\/v2\/pages\/159\/revisions"}],"predecessor-version":[{"id":626,"href":"https:\/\/greenportalliance.eu\/pt\/wp-json\/wp\/v2\/pages\/159\/revisions\/626"}],"wp:attachment":[{"href":"https:\/\/greenportalliance.eu\/pt\/wp-json\/wp\/v2\/media?parent=159"}],"curies":[{"name":"wp","href":"https:\/\/api.w.org\/{rel}","templated":true}]}}