{"id":198,"date":"2024-03-20T10:51:02","date_gmt":"2024-03-20T10:51:02","guid":{"rendered":"https:\/\/greenportalliance.eu\/?page_id=198"},"modified":"2024-04-17T07:50:39","modified_gmt":"2024-04-17T07:50:39","slug":"work-packages","status":"publish","type":"page","link":"https:\/\/greenportalliance.eu\/pt\/work-packages\/","title":{"rendered":"Pacotes de Trabalho"},"content":{"rendered":"<div data-elementor-type=\"wp-page\" data-elementor-id=\"198\" class=\"elementor elementor-198\">\n\t\t\t\t\t\t<section class=\"elementor-section elementor-top-section elementor-element elementor-element-3e1aab20 elementor-section-content-middle elementor-section-boxed elementor-section-height-default elementor-section-height-default\" data-id=\"3e1aab20\" data-element_type=\"section\" data-e-type=\"section\" data-settings=\"{&quot;background_background&quot;:&quot;classic&quot;}\">\n\t\t\t\t\t\t<div class=\"elementor-container elementor-column-gap-extended\">\n\t\t\t\t\t<div class=\"elementor-column elementor-col-100 elementor-top-column elementor-element elementor-element-54fc8dc7\" data-id=\"54fc8dc7\" data-element_type=\"column\" data-e-type=\"column\">\n\t\t\t<div class=\"elementor-widget-wrap elementor-element-populated\">\n\t\t\t\t\t\t<div class=\"elementor-element elementor-element-6109ef6f elementor-widget elementor-widget-text-editor\" data-id=\"6109ef6f\" data-element_type=\"widget\" data-e-type=\"widget\" data-widget_type=\"text-editor.default\">\n\t\t\t\t<div class=\"elementor-widget-container\">\n\t\t\t\t\t\t\t\t\t<p><strong><i>WP1: Gest\u00e3o de projeto e controlo de qualidade<\/i><\/strong><\/p><p><span style=\"font-weight: 400;\">Objetivo: Assegurar a gest\u00e3o eficaz do projeto, a coordena\u00e7\u00e3o e o acompanhamento das actividades.<\/span><\/p><p><span style=\"font-weight: 400;\">Actividades:\u00a0<\/span><\/p><ul><li style=\"font-weight: 400;\" aria-level=\"1\"><span style=\"font-weight: 400;\">Organizar reuni\u00f5es de projeto e actividades de coordena\u00e7\u00e3o<\/span><\/li><li style=\"font-weight: 400;\" aria-level=\"1\"><span style=\"font-weight: 400;\">Acompanhar o progresso do projeto e avaliar os resultados<\/span><\/li><li style=\"font-weight: 400;\" aria-level=\"1\"><span style=\"font-weight: 400;\">Gerir os aspectos financeiros e os relat\u00f3rios<\/span><\/li><li style=\"font-weight: 400;\" aria-level=\"1\"><span style=\"font-weight: 400;\">Preparar relat\u00f3rios de progresso e documenta\u00e7\u00e3o\u00a0<\/span><\/li><\/ul><p>\u00a0<\/p><p><strong><i>WP2: An\u00e1lise das necessidades e factores comerciais<\/i><\/strong><\/p><p><span style=\"font-weight: 400;\">Objetivo: Realizar uma an\u00e1lise das necessidades de todo o sector para recolher dados e informa\u00e7\u00f5es para o desenvolvimento do curr\u00edculo<\/span><\/p><p><span style=\"font-weight: 400;\">Actividades:\u00a0<\/span><\/p><ul><li style=\"font-weight: 400;\" aria-level=\"1\"><span style=\"font-weight: 400;\">Recolher dados sobre a sustentabilidade dos servi\u00e7os portu\u00e1rios<\/span><\/li><li style=\"font-weight: 400;\" aria-level=\"1\"><span style=\"font-weight: 400;\">Analisar as condi\u00e7\u00f5es existentes no sector e no meio acad\u00e9mico\u00a0<\/span><\/li><li style=\"font-weight: 400;\" aria-level=\"1\"><span style=\"font-weight: 400;\">Identificar lacunas nas actuais ofertas de educa\u00e7\u00e3o\/forma\u00e7\u00e3o<\/span><\/li><li style=\"font-weight: 400;\" aria-level=\"1\"><span style=\"font-weight: 400;\">Compilar um relat\u00f3rio de an\u00e1lise das necessidades\u00a0<\/span><\/li><\/ul><p>\u00a0<\/p><p><strong><i>WP3: An\u00e1lise de dados em bruto para o desenvolvimento curricular<\/i><\/strong><\/p><p><span style=\"font-weight: 400;\">Objetivo: Desenvolver curr\u00edculos inovadores para o ensino superior e para a forma\u00e7\u00e3o profissional<\/span><\/p><p><span style=\"font-weight: 400;\">Actividades:\u00a0<\/span><\/p><ul><li style=\"font-weight: 400;\" aria-level=\"1\"><span style=\"font-weight: 400;\">Definir objectivos e resultados de aprendizagem para cada m\u00f3dulo curricular\u00a0<\/span><\/li><li style=\"font-weight: 400;\" aria-level=\"1\"><span style=\"font-weight: 400;\">Conceber a estrutura e o conte\u00fado do curr\u00edculo com base nos resultados da an\u00e1lise das necessidades\u00a0<\/span><\/li><li style=\"font-weight: 400;\" aria-level=\"1\"><span style=\"font-weight: 400;\">Incorporar compet\u00eancias ecol\u00f3gicas e princ\u00edpios de sustentabilidade no curr\u00edculo<\/span><\/li><li style=\"font-weight: 400;\" aria-level=\"1\"><span style=\"font-weight: 400;\">Rever e finalizar o curr\u00edculo em consulta com peritos do sector<\/span><\/li><\/ul><p>\u00a0<\/p><p><i><span style=\"font-weight: 400;\"><strong>WP4: Desenvolvimento de material did\u00e1tico<\/strong>\u00a0<\/span><\/i><\/p><p><span style=\"font-weight: 400;\">Objetivo: Criar materiais de aprendizagem envolventes e interactivos para os curr\u00edculos desenvolvidos\u00a0<\/span><\/p><p><span style=\"font-weight: 400;\">Actividades:\u00a0<\/span><\/p><ul><li style=\"font-weight: 400;\" aria-level=\"1\"><span style=\"font-weight: 400;\">Desenvolver conte\u00fados multim\u00e9dia, apresenta\u00e7\u00f5es e casos de estudo\u00a0<\/span><\/li><li style=\"font-weight: 400;\" aria-level=\"1\"><span style=\"font-weight: 400;\">Conceber m\u00f3dulos de e-learning interactivos e simula\u00e7\u00f5es\u00a0<\/span><\/li><li style=\"font-weight: 400;\" aria-level=\"1\"><span style=\"font-weight: 400;\">Criar ferramentas de avalia\u00e7\u00e3o e exerc\u00edcios para avalia\u00e7\u00e3o de conhecimentos<\/span><\/li><li style=\"font-weight: 400;\" aria-level=\"1\"><span style=\"font-weight: 400;\">Assegurar o alinhamento dos materiais de aprendizagem com os objectivos curriculares\u00a0<\/span><\/li><\/ul><p>\u00a0<\/p><p><strong><i>WP5: Projeto-piloto, avalia\u00e7\u00e3o e an\u00e1lise do impacto curricular<\/i><\/strong><\/p><p><span style=\"font-weight: 400;\">Objetivo: Implementar programas de forma\u00e7\u00e3o e avaliar a sua efic\u00e1cia<\/span><\/p><p><span style=\"font-weight: 400;\">Actividades:\u00a0<\/span><\/p><ul><li style=\"font-weight: 400;\" aria-level=\"1\"><span style=\"font-weight: 400;\">Organizar sess\u00f5es de forma\u00e7\u00e3o para professores, formadores e alunos<\/span><\/li><li style=\"font-weight: 400;\" aria-level=\"1\"><span style=\"font-weight: 400;\">Monitorizar os resultados da forma\u00e7\u00e3o e recolher feedback dos participantes\u00a0<\/span><\/li><li style=\"font-weight: 400;\" aria-level=\"1\"><span style=\"font-weight: 400;\">Identificar \u00e1reas a melhorar e efetuar os ajustes necess\u00e1rios<\/span><\/li><\/ul><p>\u00a0<\/p><p><strong><i>WP6: Divulga\u00e7\u00e3o e impacto\u00a0<\/i><\/strong><\/p><p><span style=\"font-weight: 400;\">Objetivo: Promover os resultados do projeto, assegurar a sustentabilidade e fomentar o interc\u00e2mbio de conhecimentos\u00a0<\/span><\/p><p><span style=\"font-weight: 400;\">Actividades:\u00a0<\/span><\/p><ul><li style=\"font-weight: 400;\" aria-level=\"1\"><span style=\"font-weight: 400;\">Desenvolver uma estrat\u00e9gia de divulga\u00e7\u00e3o e um plano de comunica\u00e7\u00e3o\u00a0<\/span><\/li><li style=\"font-weight: 400;\" aria-level=\"1\"><span style=\"font-weight: 400;\">Organizar workshops, webinars e confer\u00eancias para partilhar os resultados do projeto<\/span><\/li><li style=\"font-weight: 400;\" aria-level=\"1\"><span style=\"font-weight: 400;\">Estabelecer parcerias com as partes interessadas relevantes para obter um impacto a longo prazo\u00a0<\/span><\/li><li style=\"font-weight: 400;\" aria-level=\"1\"><span style=\"font-weight: 400;\">Acompanhar a sustentabilidade dos resultados do projeto para al\u00e9m do per\u00edodo de financiamento.<\/span><\/li><\/ul>\t\t\t\t\t\t\t\t<\/div>\n\t\t\t\t<\/div>\n\t\t\t\t\t<\/div>\n\t\t<\/div>\n\t\t\t\t\t<\/div>\n\t\t<\/section>\n\t\t\t\t<\/div>","protected":false},"excerpt":{"rendered":"<p>WP1: Project Management and Quality Assurance Objective: Ensuring effective project management, coordination, and monitoring activities. Activities:\u00a0 Organise project meetings and coordination activities Monitor project progress and evaluate outcomes Manage financial aspects and reporting Prepare progress reports and documentation\u00a0 \u00a0 WP2: Needs analysis and Commercial Drivers Objective: Conduct an industry-wide needs analysis to gather data and&hellip;&nbsp;<a href=\"https:\/\/greenportalliance.eu\/pt\/work-packages\/\" class=\"\" rel=\"bookmark\">Ler mais &raquo;<span class=\"screen-reader-text\">Pacotes de Trabalho<\/span><\/a><\/p>","protected":false},"author":1,"featured_media":0,"parent":0,"menu_order":0,"comment_status":"closed","ping_status":"closed","template":"page-templates\/template-pagebuilder-full-width.php","meta":{"inline_featured_image":false,"neve_meta_sidebar":"","neve_meta_container":"","neve_meta_enable_content_width":"","neve_meta_content_width":0,"neve_meta_title_alignment":"","neve_meta_author_avatar":"","neve_post_elements_order":"","neve_meta_disable_header":"","neve_meta_disable_footer":"","neve_meta_disable_title":"","footnotes":""},"class_list":["post-198","page","type-page","status-publish","hentry"],"_links":{"self":[{"href":"https:\/\/greenportalliance.eu\/pt\/wp-json\/wp\/v2\/pages\/198","targetHints":{"allow":["GET"]}}],"collection":[{"href":"https:\/\/greenportalliance.eu\/pt\/wp-json\/wp\/v2\/pages"}],"about":[{"href":"https:\/\/greenportalliance.eu\/pt\/wp-json\/wp\/v2\/types\/page"}],"author":[{"embeddable":true,"href":"https:\/\/greenportalliance.eu\/pt\/wp-json\/wp\/v2\/users\/1"}],"replies":[{"embeddable":true,"href":"https:\/\/greenportalliance.eu\/pt\/wp-json\/wp\/v2\/comments?post=198"}],"version-history":[{"count":22,"href":"https:\/\/greenportalliance.eu\/pt\/wp-json\/wp\/v2\/pages\/198\/revisions"}],"predecessor-version":[{"id":713,"href":"https:\/\/greenportalliance.eu\/pt\/wp-json\/wp\/v2\/pages\/198\/revisions\/713"}],"wp:attachment":[{"href":"https:\/\/greenportalliance.eu\/pt\/wp-json\/wp\/v2\/media?parent=198"}],"curies":[{"name":"wp","href":"https:\/\/api.w.org\/{rel}","templated":true}]}}