{"id":222,"date":"2024-03-20T10:57:00","date_gmt":"2024-03-20T10:57:00","guid":{"rendered":"https:\/\/greenportalliance.eu\/?page_id=222"},"modified":"2024-04-02T14:56:50","modified_gmt":"2024-04-02T14:56:50","slug":"funding-scheme","status":"publish","type":"page","link":"https:\/\/greenportalliance.eu\/pt\/funding-scheme\/","title":{"rendered":"Programa de Financiamento"},"content":{"rendered":"<div data-elementor-type=\"wp-page\" data-elementor-id=\"222\" class=\"elementor elementor-222\">\n\t\t\t\t\t\t<section class=\"elementor-section elementor-top-section elementor-element elementor-element-3e1aab20 elementor-section-content-middle elementor-section-boxed elementor-section-height-default elementor-section-height-default\" data-id=\"3e1aab20\" data-element_type=\"section\" data-e-type=\"section\" data-settings=\"{&quot;background_background&quot;:&quot;classic&quot;}\">\n\t\t\t\t\t\t<div class=\"elementor-container elementor-column-gap-extended\">\n\t\t\t\t\t<div class=\"elementor-column elementor-col-100 elementor-top-column elementor-element elementor-element-54fc8dc7\" data-id=\"54fc8dc7\" data-element_type=\"column\" data-e-type=\"column\">\n\t\t\t<div class=\"elementor-widget-wrap elementor-element-populated\">\n\t\t\t\t\t\t<div class=\"elementor-element elementor-element-6109ef6f elementor-widget elementor-widget-text-editor\" data-id=\"6109ef6f\" data-element_type=\"widget\" data-e-type=\"widget\" data-widget_type=\"text-editor.default\">\n\t\t\t\t<div class=\"elementor-widget-container\">\n\t\t\t\t\t\t\t\t\t<p class=\"translation-block\"><span style=\"font-weight: 400\">O projeto GREENPORT Alliances \u00e9 financiado ao abrigo do <strong>Programa Erasmus+<\/strong>, que \u00e9 o programa da Uni\u00e3o Europeia para a educa\u00e7\u00e3o, forma\u00e7\u00e3o, juventude e desporto. \nO Erasmus+ apoia projectos e actividades destinados a modernizar e melhorar os sistemas educativos, a promover a aprendizagem ao longo da vida e a fomentar a coopera\u00e7\u00e3o internacional no dom\u00ednio da educa\u00e7\u00e3o e da forma\u00e7\u00e3o.<\/span><\/p><p><span style=\"font-weight: 400;\">O projeto GREENPORT Alliances est\u00e1 alinhado com v\u00e1rios objectivos estrat\u00e9gicos da UE, nomeadamente os relacionados com a sustentabilidade, a inova\u00e7\u00e3o e o desenvolvimento de compet\u00eancias no sector mar\u00edtimo. \nOs objectivos estrat\u00e9gicos da UE com os quais o projeto se alinha s\u00e3o os seguintes\u00a0<\/span><\/p><ul><li style=\"font-weight: 400;\" aria-level=\"1\"><span style=\"font-weight: 400;\">Pacto Ecol\u00f3gico e Neutralidade Clim\u00e1tica: O projeto contribui para os objectivos do Pacto Ecol\u00f3gico da UE atrav\u00e9s da promo\u00e7\u00e3o de pr\u00e1ticas sustent\u00e1veis no sector mar\u00edtimo, da redu\u00e7\u00e3o das emiss\u00f5es e da promo\u00e7\u00e3o de uma abordagem de economia circular.\u00a0<\/span><\/li><li style=\"font-weight: 400;\" aria-level=\"1\"><span style=\"font-weight: 400;\">Mobilidade inteligente e sustent\u00e1vel: Ao centrar-se em pr\u00e1ticas sustent\u00e1veis e inteligentes nos servi\u00e7os portu\u00e1rios, o projeto apoia o objetivo da UE de reduzir as emiss\u00f5es dos transportes e promover solu\u00e7\u00f5es de transporte amigas do ambiente\u00a0<\/span><\/li><li style=\"font-weight: 400;\" aria-level=\"1\"><span style=\"font-weight: 400;\">Desenvolvimento de compet\u00eancias e educa\u00e7\u00e3o: O projeto visa desenvolver novos curr\u00edculos e programas de forma\u00e7\u00e3o para os prestadores de servi\u00e7os portu\u00e1rios, em conformidade com os objectivos da UE de refor\u00e7ar o desenvolvimento de compet\u00eancias, promover a aprendizagem ao longo da vida e melhorar a qualidade da educa\u00e7\u00e3o e da forma\u00e7\u00e3o\u00a0<\/span><\/li><li style=\"font-weight: 400;\" aria-level=\"1\"><span style=\"font-weight: 400;\">Inova\u00e7\u00e3o e investiga\u00e7\u00e3o: Atrav\u00e9s do desenvolvimento de novas solu\u00e7\u00f5es de aprendizagem e da integra\u00e7\u00e3o de pr\u00e1ticas sustent\u00e1veis, o projeto contribui para promover a inova\u00e7\u00e3o no sector mar\u00edtimo e apoiar actividades de investiga\u00e7\u00e3o relacionadas com o transporte sustent\u00e1vel.\u00a0<\/span><\/li><\/ul><p>\u00a0<\/p><p><span style=\"font-weight: 400;\">Os objectivos e actividades do projeto GREENPORT Alliances est\u00e3o em conson\u00e2ncia com os objectivos mais amplos da UE de promover a sustentabilidade, a inova\u00e7\u00e3o e o desenvolvimento de compet\u00eancias no sector mar\u00edtimo, tal como referido em v\u00e1rios quadros estrat\u00e9gicos e iniciativas da UE.<\/span><\/p>\t\t\t\t\t\t\t\t<\/div>\n\t\t\t\t<\/div>\n\t\t\t\t\t<\/div>\n\t\t<\/div>\n\t\t\t\t\t<\/div>\n\t\t<\/section>\n\t\t\t\t<\/div>","protected":false},"excerpt":{"rendered":"<p>The GREENPORT Alliances project is funded under the Erasmus+ Programme, which is the European Union\u2019s programme for education, training, youth, and sport. Erasmus+ supports projects and activities aimed at modernising and improving education systems, promoting lifelong learning, and fostering international cooperation in the field of education and training.\u00a0 The GREENPORT Alliances project aligns with several&hellip;&nbsp;<a href=\"https:\/\/greenportalliance.eu\/pt\/funding-scheme\/\" class=\"\" rel=\"bookmark\">Ler mais &raquo;<span class=\"screen-reader-text\">Programa de Financiamento<\/span><\/a><\/p>","protected":false},"author":1,"featured_media":0,"parent":0,"menu_order":0,"comment_status":"closed","ping_status":"closed","template":"page-templates\/template-pagebuilder-full-width.php","meta":{"inline_featured_image":false,"neve_meta_sidebar":"","neve_meta_container":"","neve_meta_enable_content_width":"","neve_meta_content_width":0,"neve_meta_title_alignment":"","neve_meta_author_avatar":"","neve_post_elements_order":"","neve_meta_disable_header":"","neve_meta_disable_footer":"","neve_meta_disable_title":"","footnotes":""},"class_list":["post-222","page","type-page","status-publish","hentry"],"_links":{"self":[{"href":"https:\/\/greenportalliance.eu\/pt\/wp-json\/wp\/v2\/pages\/222","targetHints":{"allow":["GET"]}}],"collection":[{"href":"https:\/\/greenportalliance.eu\/pt\/wp-json\/wp\/v2\/pages"}],"about":[{"href":"https:\/\/greenportalliance.eu\/pt\/wp-json\/wp\/v2\/types\/page"}],"author":[{"embeddable":true,"href":"https:\/\/greenportalliance.eu\/pt\/wp-json\/wp\/v2\/users\/1"}],"replies":[{"embeddable":true,"href":"https:\/\/greenportalliance.eu\/pt\/wp-json\/wp\/v2\/comments?post=222"}],"version-history":[{"count":19,"href":"https:\/\/greenportalliance.eu\/pt\/wp-json\/wp\/v2\/pages\/222\/revisions"}],"predecessor-version":[{"id":674,"href":"https:\/\/greenportalliance.eu\/pt\/wp-json\/wp\/v2\/pages\/222\/revisions\/674"}],"wp:attachment":[{"href":"https:\/\/greenportalliance.eu\/pt\/wp-json\/wp\/v2\/media?parent=222"}],"curies":[{"name":"wp","href":"https:\/\/api.w.org\/{rel}","templated":true}]}}