{"id":294,"date":"2024-03-20T11:27:24","date_gmt":"2024-03-20T11:27:24","guid":{"rendered":"https:\/\/greenportalliance.eu\/?page_id=294"},"modified":"2024-04-02T14:56:55","modified_gmt":"2024-04-02T14:56:55","slug":"for-higher-education","status":"publish","type":"page","link":"https:\/\/greenportalliance.eu\/pt\/for-higher-education\/","title":{"rendered":"Para o Ensino Superior"},"content":{"rendered":"<div data-elementor-type=\"wp-page\" data-elementor-id=\"294\" class=\"elementor elementor-294\">\n\t\t\t\t\t\t<section class=\"elementor-section elementor-top-section elementor-element elementor-element-3e1aab20 elementor-section-content-middle elementor-section-boxed elementor-section-height-default elementor-section-height-default\" data-id=\"3e1aab20\" data-element_type=\"section\" data-e-type=\"section\" data-settings=\"{&quot;background_background&quot;:&quot;classic&quot;}\">\n\t\t\t\t\t\t<div class=\"elementor-container elementor-column-gap-extended\">\n\t\t\t\t\t<div class=\"elementor-column elementor-col-100 elementor-top-column elementor-element elementor-element-54fc8dc7\" data-id=\"54fc8dc7\" data-element_type=\"column\" data-e-type=\"column\">\n\t\t\t<div class=\"elementor-widget-wrap elementor-element-populated\">\n\t\t\t\t\t\t<div class=\"elementor-element elementor-element-6109ef6f elementor-widget elementor-widget-text-editor\" data-id=\"6109ef6f\" data-element_type=\"widget\" data-e-type=\"widget\" data-widget_type=\"text-editor.default\">\n\t\t\t\t<div class=\"elementor-widget-container\">\n\t\t\t\t\t\t\t\t\t<p><span style=\"font-weight: 400;\">A metodologia de aprendizagem GREENPORT para institui\u00e7\u00f5es de ensino superior centra-se na integra\u00e7\u00e3o de pr\u00e1ticas sustent\u00e1veis, estrat\u00e9gias de redu\u00e7\u00e3o de emiss\u00f5es \ne tecnologias verdes nos programas de estudos mar\u00edtimos. \nOs estudantes participam em aplica\u00e7\u00f5es pr\u00e1ticas atrav\u00e9s de experi\u00eancias concretas e projectos do mundo real para desenvolver compet\u00eancias que lhes permitam enfrentar os desafios da sustentabilidade nos servi\u00e7os portu\u00e1rios.\u00a0<\/span><\/p><p><span style=\"font-weight: 400;\">A colabora\u00e7\u00e3o com parceiros da ind\u00fastria assegura que os programas curriculares reflectem as \u00faltimas tend\u00eancias e proporciona oportunidades valiosas de trabalho em rede. \nA avalia\u00e7\u00e3o cont\u00ednua e os mecanismos de feedback refor\u00e7am a efic\u00e1cia da metodologia. \nAo promover a inova\u00e7\u00e3o, abordagens multidisciplinares, desenvolvimento profissional e oportunidades de trabalho em rede, a metodologia prepara os estudantes para impulsionar mudan\u00e7as positivas no sector mar\u00edtimo e para contribu\u00edrem para um futuro mais sustent\u00e1vel. <\/span><\/p>\t\t\t\t\t\t\t\t<\/div>\n\t\t\t\t<\/div>\n\t\t\t\t\t<\/div>\n\t\t<\/div>\n\t\t\t\t\t<\/div>\n\t\t<\/section>\n\t\t\t\t<\/div>","protected":false},"excerpt":{"rendered":"<p>The GREENPORT Learning methodology for higher education institutions focuses on seamlessly integrating sustainable practices, emissions reduction strategies, and green technologies into maritime studies programmes. Students engage in practical applications through hands-on experiences and real-world projects to develop competencies for addressing sustainability challenges in port services.\u00a0 Collaboration with industry partners ensures that curricula reflect the latest&hellip;&nbsp;<a href=\"https:\/\/greenportalliance.eu\/pt\/for-higher-education\/\" class=\"\" rel=\"bookmark\">Ler mais &raquo;<span class=\"screen-reader-text\">Para o Ensino Superior<\/span><\/a><\/p>","protected":false},"author":1,"featured_media":0,"parent":0,"menu_order":0,"comment_status":"closed","ping_status":"closed","template":"page-templates\/template-pagebuilder-full-width.php","meta":{"inline_featured_image":false,"neve_meta_sidebar":"","neve_meta_container":"","neve_meta_enable_content_width":"","neve_meta_content_width":0,"neve_meta_title_alignment":"","neve_meta_author_avatar":"","neve_post_elements_order":"","neve_meta_disable_header":"","neve_meta_disable_footer":"","neve_meta_disable_title":"","footnotes":""},"class_list":["post-294","page","type-page","status-publish","hentry"],"_links":{"self":[{"href":"https:\/\/greenportalliance.eu\/pt\/wp-json\/wp\/v2\/pages\/294","targetHints":{"allow":["GET"]}}],"collection":[{"href":"https:\/\/greenportalliance.eu\/pt\/wp-json\/wp\/v2\/pages"}],"about":[{"href":"https:\/\/greenportalliance.eu\/pt\/wp-json\/wp\/v2\/types\/page"}],"author":[{"embeddable":true,"href":"https:\/\/greenportalliance.eu\/pt\/wp-json\/wp\/v2\/users\/1"}],"replies":[{"embeddable":true,"href":"https:\/\/greenportalliance.eu\/pt\/wp-json\/wp\/v2\/comments?post=294"}],"version-history":[{"count":19,"href":"https:\/\/greenportalliance.eu\/pt\/wp-json\/wp\/v2\/pages\/294\/revisions"}],"predecessor-version":[{"id":677,"href":"https:\/\/greenportalliance.eu\/pt\/wp-json\/wp\/v2\/pages\/294\/revisions\/677"}],"wp:attachment":[{"href":"https:\/\/greenportalliance.eu\/pt\/wp-json\/wp\/v2\/media?parent=294"}],"curies":[{"name":"wp","href":"https:\/\/api.w.org\/{rel}","templated":true}]}}