{"id":310,"date":"2024-03-20T11:30:48","date_gmt":"2024-03-20T11:30:48","guid":{"rendered":"https:\/\/greenportalliance.eu\/?page_id=310"},"modified":"2024-04-23T09:12:04","modified_gmt":"2024-04-23T09:12:04","slug":"events","status":"publish","type":"page","link":"https:\/\/greenportalliance.eu\/pt\/events\/","title":{"rendered":"Eventos"},"content":{"rendered":"<div data-elementor-type=\"wp-page\" data-elementor-id=\"310\" class=\"elementor elementor-310\">\n\t\t\t\t\t\t<section class=\"elementor-section elementor-top-section elementor-element elementor-element-3e1aab20 elementor-section-content-middle elementor-section-boxed elementor-section-height-default elementor-section-height-default\" data-id=\"3e1aab20\" data-element_type=\"section\" data-e-type=\"section\" data-settings=\"{&quot;background_background&quot;:&quot;classic&quot;}\">\n\t\t\t\t\t\t<div class=\"elementor-container elementor-column-gap-extended\">\n\t\t\t\t\t<div class=\"elementor-column elementor-col-100 elementor-top-column elementor-element elementor-element-54fc8dc7\" data-id=\"54fc8dc7\" data-element_type=\"column\" data-e-type=\"column\">\n\t\t\t<div class=\"elementor-widget-wrap elementor-element-populated\">\n\t\t\t\t\t\t<div class=\"elementor-element elementor-element-6109ef6f elementor-widget elementor-widget-text-editor\" data-id=\"6109ef6f\" data-element_type=\"widget\" data-e-type=\"widget\" data-widget_type=\"text-editor.default\">\n\t\t\t\t<div class=\"elementor-widget-container\">\n\t\t\t\t\t\t\t\t\t<p class=\"translation-block\">A reuni\u00e3o de lan\u00e7amento e a Confer\u00eancia das Partes Interessadas foram realizadas pela Universidade de Piri Reis nos dias\u00a0<strong>28 e 29 de fevereiro de 2024<\/strong>. A Confer\u00eancia das Partes Interessadas marcou o primeiro marco do projeto, \ne testemunhou um forte envolvimento das principais partes interessadas, abrangendo a ind\u00fastria mar\u00edtima e as institui\u00e7\u00f5es de ensino.<\/p><p>Durante o evento, foi revelada a defini\u00e7\u00e3o das fun\u00e7\u00f5es e responsabilidades a assumir pelos parceiros do projeto ao longo da dura\u00e7\u00e3o do mesmo. \nRepresentantes do sector mar\u00edtimo turco, incluindo a Sanmar Shipyards, a Associa\u00e7\u00e3o Turca de Construtores Navais e a Associa\u00e7\u00e3o Turca de Pilotos, participaram ativamente na confer\u00eancia. \nForam partilhados conhecimentos sobre estrat\u00e9gias inovadoras para reduzir as emiss\u00f5es de carbono no sector atrav\u00e9s de apresenta\u00e7\u00f5es feitas por representantes da Turkon Line e da GISA\u0218.<\/p>\t\t\t\t\t\t\t\t<\/div>\n\t\t\t\t<\/div>\n\t\t\t\t<div class=\"elementor-element elementor-element-6b4ef72 elementor-widget elementor-widget-text-editor\" data-id=\"6b4ef72\" data-element_type=\"widget\" data-e-type=\"widget\" data-widget_type=\"text-editor.default\">\n\t\t\t\t<div class=\"elementor-widget-container\">\n\t\t\t\t\t\t\t\t\t<p>Veja abaixo a nossa reuni\u00e3o de lan\u00e7amento e a confer\u00eancia!<\/p>\t\t\t\t\t\t\t\t<\/div>\n\t\t\t\t<\/div>\n\t\t\t\t\t<\/div>\n\t\t<\/div>\n\t\t\t\t\t<\/div>\n\t\t<\/section>\n\t\t<div class=\"elementor-element elementor-element-15e1dec e-flex e-con-boxed e-con e-parent\" data-id=\"15e1dec\" data-element_type=\"container\" data-e-type=\"container\">\n\t\t\t\t\t<div class=\"e-con-inner\">\n\t\t\t\t<div class=\"elementor-element elementor-element-a4adaca elementor-widget elementor-widget-video\" data-id=\"a4adaca\" data-element_type=\"widget\" data-e-type=\"widget\" data-settings=\"{&quot;youtube_url&quot;:&quot;https:\\\/\\\/www.youtube.com\\\/watch?v=LljXtEwVjzY&quot;,&quot;video_type&quot;:&quot;youtube&quot;,&quot;controls&quot;:&quot;yes&quot;}\" data-widget_type=\"video.default\">\n\t\t\t\t<div class=\"elementor-widget-container\">\n\t\t\t\t\t\t\t<div class=\"elementor-wrapper elementor-open-inline\">\n\t\t\t<div class=\"elementor-video\"><\/div>\t\t<\/div>\n\t\t\t\t\t\t<\/div>\n\t\t\t\t<\/div>\n\t\t\t\t\t<\/div>\n\t\t\t\t<\/div>\n\t\t\t\t<\/div>","protected":false},"excerpt":{"rendered":"<p>The Kick-off meeting and Stakeholders Conference was held by Piri Reis University on\u00a0February 28-29 2024. The Stakeholders Conference marked the project\u2019s first milestone, and witnessed a strong engagement from key stakeholders spanning the maritime industry and educational institutions. During the event, the delineation of roles and responsibilities to be undertaken by project partners over the&hellip;&nbsp;<a href=\"https:\/\/greenportalliance.eu\/pt\/events\/\" class=\"\" rel=\"bookmark\">Ler mais &raquo;<span class=\"screen-reader-text\">Eventos<\/span><\/a><\/p>","protected":false},"author":1,"featured_media":0,"parent":0,"menu_order":0,"comment_status":"closed","ping_status":"closed","template":"page-templates\/template-pagebuilder-full-width.php","meta":{"inline_featured_image":false,"neve_meta_sidebar":"","neve_meta_container":"","neve_meta_enable_content_width":"","neve_meta_content_width":0,"neve_meta_title_alignment":"","neve_meta_author_avatar":"","neve_post_elements_order":"","neve_meta_disable_header":"","neve_meta_disable_footer":"","neve_meta_disable_title":"","footnotes":""},"class_list":["post-310","page","type-page","status-publish","hentry"],"_links":{"self":[{"href":"https:\/\/greenportalliance.eu\/pt\/wp-json\/wp\/v2\/pages\/310","targetHints":{"allow":["GET"]}}],"collection":[{"href":"https:\/\/greenportalliance.eu\/pt\/wp-json\/wp\/v2\/pages"}],"about":[{"href":"https:\/\/greenportalliance.eu\/pt\/wp-json\/wp\/v2\/types\/page"}],"author":[{"embeddable":true,"href":"https:\/\/greenportalliance.eu\/pt\/wp-json\/wp\/v2\/users\/1"}],"replies":[{"embeddable":true,"href":"https:\/\/greenportalliance.eu\/pt\/wp-json\/wp\/v2\/comments?post=310"}],"version-history":[{"count":40,"href":"https:\/\/greenportalliance.eu\/pt\/wp-json\/wp\/v2\/pages\/310\/revisions"}],"predecessor-version":[{"id":741,"href":"https:\/\/greenportalliance.eu\/pt\/wp-json\/wp\/v2\/pages\/310\/revisions\/741"}],"wp:attachment":[{"href":"https:\/\/greenportalliance.eu\/pt\/wp-json\/wp\/v2\/media?parent=310"}],"curies":[{"name":"wp","href":"https:\/\/api.w.org\/{rel}","templated":true}]}}