{"id":742,"date":"2024-04-24T14:45:04","date_gmt":"2024-04-24T14:45:04","guid":{"rendered":"https:\/\/greenportalliance.eu\/?page_id=742"},"modified":"2024-04-24T15:18:34","modified_gmt":"2024-04-24T15:18:34","slug":"gdpr-policy","status":"publish","type":"page","link":"https:\/\/greenportalliance.eu\/pt\/gdpr-policy\/","title":{"rendered":"Pol\u00edtica RGPD"},"content":{"rendered":"<div data-elementor-type=\"wp-page\" data-elementor-id=\"742\" class=\"elementor elementor-742\">\n\t\t\t\t<div class=\"elementor-element elementor-element-7cc45f6 e-flex e-con-boxed e-con e-parent\" data-id=\"7cc45f6\" data-element_type=\"container\" data-e-type=\"container\">\n\t\t\t\t\t<div class=\"e-con-inner\">\n\t\t\t\t<div class=\"elementor-element elementor-element-5c15a37 elementor-widget elementor-widget-text-editor\" data-id=\"5c15a37\" data-element_type=\"widget\" data-e-type=\"widget\" data-widget_type=\"text-editor.default\">\n\t\t\t\t<div class=\"elementor-widget-container\">\n\t\t\t\t\t\t\t\t\t<p><span style=\"font-weight: 400;\">Para efeitos de cumprimento das obriga\u00e7\u00f5es previstas no Regulamento UE 2016\/679 (\u201cRegulamento Geral sobre a Prote\u00e7\u00e3o de Dados\u201d ou \u201cRGPD\u201d), somos obrigados a obter o consentimento expl\u00edcito para a recolha e o tratamento de dados sens\u00edveis e pessoais. Se o consentimento for dado, o titular dos dados ter\u00e1 o direito de:<\/span><\/p><ul><li style=\"font-weight: 400;\" aria-level=\"1\"><span style=\"font-weight: 400;\">aceder aos seus dados,\u00a0<\/span><\/li><li style=\"font-weight: 400;\" aria-level=\"1\"><span style=\"font-weight: 400;\">solicitar a altera\u00e7\u00e3o ou a supress\u00e3o dos seus dados\u00a0<\/span><\/li><li style=\"font-weight: 400;\" aria-level=\"1\"><span style=\"font-weight: 400;\">e solicitar a suspens\u00e3o do tratamento dos dados.\u00a0<\/span><\/li><\/ul><p><span style=\"font-weight: 400;\">Segue-se uma descri\u00e7\u00e3o das finalidades para as quais os dados ser\u00e3o utilizados e as informa\u00e7\u00f5es necess\u00e1rias para dar o seu consentimento.<\/span><\/p><h3><b>Objetivo do tratamento de dados<\/b><\/h3><p><span style=\"font-weight: 400;\">Os dados sens\u00edveis ser\u00e3o recolhidos exclusivamente para as seguintes finalidades:<\/span><\/p><ul><li style=\"font-weight: 400;\" aria-level=\"1\"><span style=\"font-weight: 400;\">Ser contactado relativamente a iniciativas associadas ao GREENPORT.<\/span><\/li><li style=\"font-weight: 400;\" aria-level=\"1\"><span style=\"font-weight: 400;\">Comunica\u00e7\u00f5es de eventos.<\/span><\/li><li style=\"font-weight: 400;\" aria-level=\"1\"><span style=\"font-weight: 400;\">Ajudar-nos a melhorar a assist\u00eancia t\u00e9cnica, o atendimento ao cliente, os nossos servi\u00e7os e conte\u00fados, incluindo a realiza\u00e7\u00e3o de exerc\u00edcios de acompanhamento para esclarecer qualquer envio de informa\u00e7\u00f5es como parte de um inqu\u00e9rito, \nquestion\u00e1rio ou outra recolha de dados.<\/span><\/li><li style=\"font-weight: 400;\" aria-level=\"1\"><span style=\"font-weight: 400;\">Realizar qualquer an\u00e1lise estat\u00edstica agregada numa base an\u00f3nima.\u00a0<\/span><\/li><li style=\"font-weight: 400;\" aria-level=\"1\"><span style=\"font-weight: 400;\">Exercer os direitos e proteger os interesses leg\u00edtimos do respons\u00e1vel pelo tratamento de dados ou de terceiros, por exemplo, o direito de defesa em tribunal.<\/span><\/li><li style=\"font-weight: 400;\" aria-level=\"1\"><span style=\"font-weight: 400;\">Enviar-lhe comunica\u00e7\u00f5es para o endere\u00e7o de correio eletr\u00f3nico que forneceu. Cada correio eletr\u00f3nico enviado permitir-lhe-\u00e1, clicando na liga\u00e7\u00e3o adequada, recusar novos envios.\u00a0<\/span><\/li><li style=\"font-weight: 400;\" aria-level=\"1\"><span style=\"font-weight: 400;\">Para o cumprimento de obriga\u00e7\u00f5es legais, os seus dados ser\u00e3o utilizados para cumprir e satisfazer as obriga\u00e7\u00f5es previstas nas leis, regulamentos, regulamentos comunit\u00e1rios, ordens e prescri\u00e7\u00f5es das autoridades competentes.<\/span><\/li><li style=\"font-weight: 400;\" aria-level=\"1\"><span style=\"font-weight: 400;\">Interpola\u00e7\u00e3o estat\u00edstica.<\/span><\/li><\/ul><p>\u00a0<\/p><h3><b>Tipos de dados pessoais recolhidos<\/b><\/h3><p><span style=\"font-weight: 400;\">Os dados que ser\u00e3o recolhidos, quando solicitados e fornecidos, s\u00e3o os seguintes<\/span><\/p><ul><li style=\"font-weight: 400;\" aria-level=\"1\"><span style=\"font-weight: 400;\">Primeiro nome do utilizador<\/span><\/li><li style=\"font-weight: 400;\" aria-level=\"1\"><span style=\"font-weight: 400;\">\u00daltimo nome do utilizador<\/span><\/li><li style=\"font-weight: 400;\" aria-level=\"1\"><span style=\"font-weight: 400;\">Nome da empresa do utilizador<\/span><\/li><li style=\"font-weight: 400;\" aria-level=\"1\"><span style=\"font-weight: 400;\">Dimens\u00e3o da empresa do utilizador<\/span><\/li><li style=\"font-weight: 400;\" aria-level=\"1\"><span style=\"font-weight: 400;\">Pa\u00eds do utilizador<\/span><\/li><li style=\"font-weight: 400;\" aria-level=\"1\"><span style=\"font-weight: 400;\">Endere\u00e7o da empresa do utilizador<\/span><\/li><li style=\"font-weight: 400;\" aria-level=\"1\"><span style=\"font-weight: 400;\">Endere\u00e7o de e-mail do utilizador<\/span><\/li><\/ul><p>\u00a0<\/p><h3><b>Com quem ser\u00e3o partilhados os dados<\/b><\/h3><ul><li style=\"font-weight: 400;\" aria-level=\"1\"><span style=\"font-weight: 400;\">Universidade de Piri Reis<\/span><\/li><li style=\"font-weight: 400;\" aria-level=\"1\"><span style=\"font-weight: 400;\">ACROSSLIMITS<\/span><\/li><li style=\"font-weight: 400;\" aria-level=\"1\"><span style=\"font-weight: 400;\">Universidade Mar\u00edtima de Constanta<\/span><\/li><li style=\"font-weight: 400;\" aria-level=\"1\"><span style=\"font-weight: 400;\">Escola de Artes Hogere Zeeva<\/span><\/li><li style=\"font-weight: 400;\" aria-level=\"1\"><span style=\"font-weight: 400;\">Academia Naval Nikola Vaptsarov<\/span><\/li><li style=\"font-weight: 400;\" aria-level=\"1\"><span style=\"font-weight: 400;\">Universidade de Rijeka<\/span><\/li><li style=\"font-weight: 400;\" aria-level=\"1\"><span style=\"font-weight: 400;\">Associa\u00e7\u00e3o Europeia de Armadores de Rebocadores VZW<\/span><\/li><li style=\"font-weight: 400;\" aria-level=\"1\"><span style=\"font-weight: 400;\">Agrega\u00e7\u00e3o P\u00fablico-Privada de Log\u00edstica Mar\u00edtimo-Terrestre Empresa de Cons\u00f3rcio de Responsabilidade Limitada<\/span><\/li><li style=\"font-weight: 400;\" aria-level=\"1\"><span style=\"font-weight: 400;\">APA - Administra\u00e7\u00e3o do Porto de Aveiro, S.A.<\/span><\/li><li style=\"font-weight: 400;\" aria-level=\"1\"><span style=\"font-weight: 400;\">Associa\u00e7\u00e3o Europeia de Pilotos Mar\u00edtimos<\/span><\/li><\/ul><p>\u00a0<\/p><h3><b>Base jur\u00eddica do tratamento<\/b><\/h3><p><span style=\"font-weight: 400;\">O tratamento de dados sens\u00edveis e pessoais ser\u00e1 efectuado com base numa ou mais das seguintes bases jur\u00eddicas:<\/span><\/p><ul><li style=\"font-weight: 400;\" aria-level=\"1\"><span style=\"font-weight: 400;\">Consentimento expl\u00edcito da pessoa em causa<\/span><\/li><li style=\"font-weight: 400;\" aria-level=\"1\"><span style=\"font-weight: 400;\">Cumprimento de uma obriga\u00e7\u00e3o legal a que o respons\u00e1vel pelo tratamento de dados esteja sujeito<\/span><\/li><li style=\"font-weight: 400;\" aria-level=\"1\"><span style=\"font-weight: 400;\">Prote\u00e7\u00e3o de interesses vitais da pessoa em causa ou de outra pessoa singular<\/span><\/li><li style=\"font-weight: 400;\" aria-level=\"1\"><span style=\"font-weight: 400;\">Execu\u00e7\u00e3o de uma miss\u00e3o de interesse p\u00fablico ou no exerc\u00edcio da autoridade p\u00fablica de que est\u00e1 investido o respons\u00e1vel pelo tratamento<\/span><\/li><li style=\"font-weight: 400;\" aria-level=\"1\"><span style=\"font-weight: 400;\">Interesses leg\u00edtimos prosseguidos pelo respons\u00e1vel pelo tratamento ou por terceiros<\/span><\/li><\/ul><p>\u00a0<\/p><h3><b>Informa\u00e7\u00f5es de contacto do respons\u00e1vel pela prote\u00e7\u00e3o dos dados<\/b><\/h3><p class=\"translation-block\">Nome e designa\u00e7\u00e3o: Emanuele Prister\u00e0, Diretor - Departamento de Desenvolvimento de TI e Meios Digitais<\/p><p><span style=\"font-weight: 400;\">Endere\u00e7o de correio eletr\u00f3nico: <\/span> <span style=\"text-decoration: underline;\"><a href=\"mailto:emanuele@acrosslimits.com\"><span style=\"font-weight: 400;\">emanuele@acrosslimits.com<\/span><\/a><\/span><span style=\"font-weight: 400;\">\u00a0<\/span><\/p><h3><b>Informa\u00e7\u00f5es de contacto do respons\u00e1vel pelo tratamento de dados<\/b><\/h3><p><span style=\"font-weight: 400;\">O respons\u00e1vel pelo tratamento de dados \u00e9:\u00a0<\/span> <b>AcrossLimits Ltd (Malta)<\/b><\/p><p><span style=\"font-weight: 400;\">Endere\u00e7o de correio eletr\u00f3nico: <\/span> <span style=\"text-decoration: underline;\"><a href=\"mailto:info@acrosslimits.com\"><span style=\"font-weight: 400;\">info@acrosslimits.com<\/span><\/a><\/span><\/p><p><span style=\"font-weight: 400;\">Nos termos do artigo 4.\u00ba do Regulamento, a AcrossLimits Ltd, com sede social no segundo andar, Torre Business Centre, Torre Street, Swatar, Birkirkara, BKR 4013, Malta, na pessoa do Representante Legal,\nAngele Giuliano \u00e9 a respons\u00e1vel pelo tratamento dos seus dados pessoais. Para comunica\u00e7\u00f5es ou pedidos, a Empresa est\u00e1 contact\u00e1vel atrav\u00e9s do endere\u00e7o info@acrosslimits.com. \nA lista actualizada dos nossos processadores de dados est\u00e1 dispon\u00edvel nos escrit\u00f3rios do controlador de dados e no s\u00edtio Web <span style=\"text-decoration: underline;\"><a href=\"https:\/\/acrosslimits.com\/\" target=\"_blank\" rel=\"noopener\">www.acrosslimits.com<\/a><\/span><\/span><\/p><h3><b>Dura\u00e7\u00e3o da conserva\u00e7\u00e3o dos dados<\/b><\/h3><p><span style=\"font-weight: 400;\">Os dados recolhidos ser\u00e3o armazenados por um per\u00edodo n\u00e3o superior ao necess\u00e1rio para as finalidades para as quais foram recolhidos ou posteriormente tratados.<\/span><\/p><p><span style=\"font-weight: 400;\">Os dados ser\u00e3o armazenados nos servi\u00e7os da AcrossLimits e podem sempre ser removidos ap\u00f3s um pedido espec\u00edfico do Utilizador ao respons\u00e1vel de prote\u00e7\u00e3o de dados<\/span><\/p><p><span style=\"font-weight: 400;\">Os dados n\u00e3o ser\u00e3o, em caso algum, partilhados com terceiros. \nA AcrossLimits Ltd compromete-se a manter a confidencialidade dos dados pessoais e sens\u00edveis com as salvaguardas adequadas para evitar a sua divulga\u00e7\u00e3o n\u00e3o autorizada.<\/span><\/p><h3><b>Direito de retirar o consentimento<\/b><\/h3><p><span style=\"font-weight: 400;\">O consentimento pode ser retirado em qualquer altura, enviando uma mensagem de correio eletr\u00f3nico para o respons\u00e1vel de prote\u00e7\u00e3o de dados <\/span><span style=\"text-decoration: underline;\"><a href=\"mailto:info@acrosslimits.com\"><span style=\"font-weight: 400;\">info@acrosslimits.com<\/span><\/a><\/span><\/p><h3><b>Direito de apresentar uma queixa<\/b><\/h3><p><span style=\"font-weight: 400;\">Sem preju\u00edzo de qualquer outro recurso administrativo ou judicial, qualquer pessoa em causa tem o direito de apresentar uma queixa \u00e0 autoridade de controlo dos dados de Malta:\no Comiss\u00e1rio para a Informa\u00e7\u00e3o e Prote\u00e7\u00e3o de Dados, se considerar que o tratamento dos dados pessoais que lhe dizem respeito viola o presente regulamento<\/span><\/p><p><span style=\"font-weight: 400;\">Endere\u00e7o de correio eletr\u00f3nico: <a href=\"mailto:idpc.info@idpc.org.mt\"><span style=\"text-decoration: underline;\">idpc.info@idpc.org.mt<\/span><\/a><\/span><\/p><h3><b>Medidas de seguran\u00e7a<\/b><\/h3><p><span style=\"font-weight: 400;\">Sempre que utiliza os nossos servi\u00e7os, o respons\u00e1vel pelo tratamento de dados e os terceiros que trabalham para n\u00f3s adoptam medidas de seguran\u00e7a apropriadas e adequadas para impedir o acesso n\u00e3o autorizado, divulga\u00e7\u00e3o, altera\u00e7\u00e3o ou destrui\u00e7\u00e3o n\u00e3o autorizadas dos seus dados, em conformidade com as disposi\u00e7\u00f5es da legisla\u00e7\u00e3o nacional aplic\u00e1vel e do RGPD.<\/span><\/p><h3><b>Consentimento<\/b><\/h3><p><span style=\"font-weight: 400;\">Ao enviar este formul\u00e1rio, reconhe\u00e7o que li e compreendi as informa\u00e7\u00f5es fornecidas acima sobre a recolha e o tratamento de dados sens\u00edveis e pessoais, e dou o meu consentimento expl\u00edcito para essa recolha e tratamento para os fins acima especificados.<\/span><\/p>\t\t\t\t\t\t\t\t<\/div>\n\t\t\t\t<\/div>\n\t\t\t\t\t<\/div>\n\t\t\t\t<\/div>\n\t\t\t\t<\/div>","protected":false},"excerpt":{"rendered":"<p>For the purpose of compliance with the obligations provided for by the EU Regulation 2016\/679 (&#8220;General Data Protection Regulation&#8221; or &#8220;GDPR&#8221;), we are required to obtain explicit consent for the collection and processing of sensitive and personal data. Should consent be given, the data subject will have the right to : access his\/her data,\u00a0 have&hellip;&nbsp;<a href=\"https:\/\/greenportalliance.eu\/pt\/gdpr-policy\/\" class=\"\" rel=\"bookmark\">Ler mais &raquo;<span class=\"screen-reader-text\">Pol\u00edtica RGPD<\/span><\/a><\/p>","protected":false},"author":1,"featured_media":0,"parent":0,"menu_order":0,"comment_status":"closed","ping_status":"closed","template":"page-templates\/template-pagebuilder-full-width.php","meta":{"inline_featured_image":false,"neve_meta_sidebar":"","neve_meta_container":"","neve_meta_enable_content_width":"","neve_meta_content_width":0,"neve_meta_title_alignment":"","neve_meta_author_avatar":"","neve_post_elements_order":"","neve_meta_disable_header":"","neve_meta_disable_footer":"","neve_meta_disable_title":"","footnotes":""},"class_list":["post-742","page","type-page","status-publish","hentry"],"_links":{"self":[{"href":"https:\/\/greenportalliance.eu\/pt\/wp-json\/wp\/v2\/pages\/742","targetHints":{"allow":["GET"]}}],"collection":[{"href":"https:\/\/greenportalliance.eu\/pt\/wp-json\/wp\/v2\/pages"}],"about":[{"href":"https:\/\/greenportalliance.eu\/pt\/wp-json\/wp\/v2\/types\/page"}],"author":[{"embeddable":true,"href":"https:\/\/greenportalliance.eu\/pt\/wp-json\/wp\/v2\/users\/1"}],"replies":[{"embeddable":true,"href":"https:\/\/greenportalliance.eu\/pt\/wp-json\/wp\/v2\/comments?post=742"}],"version-history":[{"count":10,"href":"https:\/\/greenportalliance.eu\/pt\/wp-json\/wp\/v2\/pages\/742\/revisions"}],"predecessor-version":[{"id":770,"href":"https:\/\/greenportalliance.eu\/pt\/wp-json\/wp\/v2\/pages\/742\/revisions\/770"}],"wp:attachment":[{"href":"https:\/\/greenportalliance.eu\/pt\/wp-json\/wp\/v2\/media?parent=742"}],"curies":[{"name":"wp","href":"https:\/\/api.w.org\/{rel}","templated":true}]}}