{"id":128,"date":"2024-03-20T10:32:53","date_gmt":"2024-03-20T10:32:53","guid":{"rendered":"https:\/\/greenportalliance.eu\/?page_id=128"},"modified":"2024-04-02T14:56:11","modified_gmt":"2024-04-02T14:56:11","slug":"about-us","status":"publish","type":"page","link":"https:\/\/greenportalliance.eu\/ro\/about-us\/","title":{"rendered":"Despre noi"},"content":{"rendered":"<div data-elementor-type=\"wp-page\" data-elementor-id=\"128\" class=\"elementor elementor-128\">\n\t\t\t\t\t\t<section class=\"elementor-section elementor-top-section elementor-element elementor-element-3e1aab20 elementor-section-content-middle elementor-section-boxed elementor-section-height-default elementor-section-height-default\" data-id=\"3e1aab20\" data-element_type=\"section\" data-e-type=\"section\" data-settings=\"{&quot;background_background&quot;:&quot;classic&quot;}\">\n\t\t\t\t\t\t<div class=\"elementor-container elementor-column-gap-extended\">\n\t\t\t\t\t<div class=\"elementor-column elementor-col-100 elementor-top-column elementor-element elementor-element-54fc8dc7\" data-id=\"54fc8dc7\" data-element_type=\"column\" data-e-type=\"column\">\n\t\t\t<div class=\"elementor-widget-wrap elementor-element-populated\">\n\t\t\t\t\t\t<div class=\"elementor-element elementor-element-6109ef6f elementor-widget elementor-widget-text-editor\" data-id=\"6109ef6f\" data-element_type=\"widget\" data-e-type=\"widget\" data-widget_type=\"text-editor.default\">\n\t\t\t\t<div class=\"elementor-widget-container\">\n\t\t\t\t\t\t\t\t\t<p><span style=\"font-weight: 400;\"><strong>GREENPORT Alliances<\/strong> este o colaborare de pionierat dedicat\u0103 promov\u0103rii durabilit\u0103\u021bii \u0219i inov\u0103rii \u00een sectorul serviciilor portuare maritime.\nReunind un consor\u021biu divers de grup\u0103ri comerciale la nivel european, companii, institu\u021bii de \u00eenv\u0103\u021b\u0103m\u00e2nt superior, furnizori de formare voca\u021bionala \u0219i entit\u0103\u021bi de cercetare, GREENPORT \u00ee\u0219i propune s\u0103 abordeze nevoia urgent\u0103 de reducere a emisiilor \u0219i de schimbare a comportamentului \u00een cadrul opera\u021biunilor portuare.\u00a0<\/span><\/p><p class=\"translation-block\"><span style=\"font-weight: 400;\"><strong>Our mission<\/strong>: At GREENPORT, our mission is to foster cross-sectoral co-creation and knowledge flow to develop and implement cutting-edge solutions for reducing emissions and promoting sustainable practices in port services. By uniting academia, industry, and research, we strive to enhance Europe\u2019s capacity for innovation and contribute to addressing the climate crisis. <\/span><\/p>\t\t\t\t\t\t\t\t<\/div>\n\t\t\t\t<\/div>\n\t\t\t\t\t<\/div>\n\t\t<\/div>\n\t\t\t\t\t<\/div>\n\t\t<\/section>\n\t\t\t\t<\/div>","protected":false},"excerpt":{"rendered":"<p>GREENPORT Alliances is a pioneering collaboration dedicated to driving sustainability and innovation in the maritime port services sector. Bringing together a diverse consortium of European-level trade groupings, companies, higher education institutions, vocational training providers, and research entities, GREENPORT aims to address the pressing need for emissions reduction and behavioural change within port operations.\u00a0 Our mission:&hellip;&nbsp;<a href=\"https:\/\/greenportalliance.eu\/ro\/about-us\/\" class=\"\" rel=\"bookmark\">Cite\u0219te mai mult &raquo;<span class=\"screen-reader-text\">Despre noi<\/span><\/a><\/p>","protected":false},"author":1,"featured_media":0,"parent":0,"menu_order":0,"comment_status":"closed","ping_status":"closed","template":"page-templates\/template-pagebuilder-full-width.php","meta":{"inline_featured_image":false,"neve_meta_sidebar":"","neve_meta_container":"","neve_meta_enable_content_width":"","neve_meta_content_width":0,"neve_meta_title_alignment":"","neve_meta_author_avatar":"","neve_post_elements_order":"","neve_meta_disable_header":"","neve_meta_disable_footer":"","neve_meta_disable_title":"","footnotes":""},"class_list":["post-128","page","type-page","status-publish","hentry"],"_links":{"self":[{"href":"https:\/\/greenportalliance.eu\/ro\/wp-json\/wp\/v2\/pages\/128","targetHints":{"allow":["GET"]}}],"collection":[{"href":"https:\/\/greenportalliance.eu\/ro\/wp-json\/wp\/v2\/pages"}],"about":[{"href":"https:\/\/greenportalliance.eu\/ro\/wp-json\/wp\/v2\/types\/page"}],"author":[{"embeddable":true,"href":"https:\/\/greenportalliance.eu\/ro\/wp-json\/wp\/v2\/users\/1"}],"replies":[{"embeddable":true,"href":"https:\/\/greenportalliance.eu\/ro\/wp-json\/wp\/v2\/comments?post=128"}],"version-history":[{"count":35,"href":"https:\/\/greenportalliance.eu\/ro\/wp-json\/wp\/v2\/pages\/128\/revisions"}],"predecessor-version":[{"id":1441,"href":"https:\/\/greenportalliance.eu\/ro\/wp-json\/wp\/v2\/pages\/128\/revisions\/1441"}],"wp:attachment":[{"href":"https:\/\/greenportalliance.eu\/ro\/wp-json\/wp\/v2\/media?parent=128"}],"curies":[{"name":"wp","href":"https:\/\/api.w.org\/{rel}","templated":true}]}}