{"id":159,"date":"2024-03-20T10:44:27","date_gmt":"2024-03-20T10:44:27","guid":{"rendered":"https:\/\/greenportalliance.eu\/?page_id=159"},"modified":"2024-04-02T14:51:35","modified_gmt":"2024-04-02T14:51:35","slug":"challenges-and-objectives","status":"publish","type":"page","link":"https:\/\/greenportalliance.eu\/ro\/challenges-and-objectives\/","title":{"rendered":"Provoc\u0103ri \u0219i obiective"},"content":{"rendered":"<div data-elementor-type=\"wp-page\" data-elementor-id=\"159\" class=\"elementor elementor-159\">\n\t\t\t\t\t\t<section class=\"elementor-section elementor-top-section elementor-element elementor-element-3e1aab20 elementor-section-content-middle elementor-section-boxed elementor-section-height-default elementor-section-height-default\" data-id=\"3e1aab20\" data-element_type=\"section\" data-e-type=\"section\" data-settings=\"{&quot;background_background&quot;:&quot;classic&quot;}\">\n\t\t\t\t\t\t<div class=\"elementor-container elementor-column-gap-extended\">\n\t\t\t\t\t<div class=\"elementor-column elementor-col-100 elementor-top-column elementor-element elementor-element-54fc8dc7\" data-id=\"54fc8dc7\" data-element_type=\"column\" data-e-type=\"column\">\n\t\t\t<div class=\"elementor-widget-wrap elementor-element-populated\">\n\t\t\t\t\t\t<div class=\"elementor-element elementor-element-6109ef6f elementor-widget elementor-widget-text-editor\" data-id=\"6109ef6f\" data-element_type=\"widget\" data-e-type=\"widget\" data-widget_type=\"text-editor.default\">\n\t\t\t\t<div class=\"elementor-widget-container\">\n\t\t\t\t\t\t\t\t\t<p><span style=\"font-weight: 400;\"><strong>Provoc\u0103ri<\/strong>: Sectorul serviciilor portuare maritime se confrunt\u0103 cu provoc\u0103ri semnificative \u00een ceea ce prive\u0219te reducerea emisiilor, promovarea durabilit\u0103\u021bii,\n\u0219i adaptarea la reglement\u0103rile de mediu. Printre principalele provoc\u0103ri se num\u0103r\u0103 necesitatea unei schimb\u0103ri de comportament \u00een cadrul opera\u021biunilor portuare, lipsa de competen\u021be ecologice integrate \u00een programele de studii existente, \u0219i urgen\u021ba de a aborda impactul emisiilor asupra mediului \u0219i climei.\u00a0<\/span><\/p><p><span style=\"font-weight: 400;\"><strong>Obiective:<\/strong>:\u00a0<\/span><\/p><ul><li><span style=\"font-weight: 400;\">Dezvoltarea de programe de \u00eenv\u0103\u021b\u0103m\u00e2nt inovatoare: GREENPORT \u00ee\u0219i propune s\u0103 creeze noi materiale educa\u021bionale pentru \u00eenv\u0103\u021b\u0103m\u00e2ntul superior \u0219i formarea voca\u021bional\u0103 care s\u0103 integreze competen\u021bele ecologice \u0219i s\u0103 promoveze durabilitatea \u00een serviciile portuare\u00a0<\/span><\/li><li style=\"font-weight: 400;\" aria-level=\"1\"><span style=\"font-weight: 400;\">Promovarea schimbului de cuno\u0219tin\u021be: Prin facilitarea colabor\u0103rii dintre mediul academic, industrie \u0219i entit\u0103\u021bile de cercetare, GREENPORT urm\u0103re\u0219te s\u0103 sporeasc\u0103 fluxul de cuno\u0219tin\u021be \u0219i cele mai bune practici \u00een reducerea emisiilor \u0219i \u00een opera\u021biunile portuare durabile.\u00a0<\/span><\/li><li style=\"font-weight: 400;\" aria-level=\"1\"><span style=\"font-weight: 400;\">Promovarea schimb\u0103rii comportamentale: Prin programe specifice de formare \u0219i sensibilizare, GREENPORT urm\u0103re\u0219te s\u0103 insufle o cultur\u0103 a durabilit\u0103\u021bii \u0219i a responsabilit\u0103\u021bii fa\u021b\u0103 de mediu \u00een cadrul sectorului maritim\u00a0<\/span><\/li><li style=\"font-weight: 400;\" aria-level=\"1\"><span style=\"font-weight: 400;\">\u00cembun\u0103t\u0103\u021birea aptitudinilor \u0219i competen\u021belor: Proiectul urm\u0103re\u0219te s\u0103 doteze personalul din serviciile portuare cu aptitudinile \u0219i competen\u021bele necesare pentru a parcurge tranzi\u021bia ecologic\u0103 \u0219i a r\u0103spunde cerin\u021belor unei industrii maritime durabile\u00a0<\/span><\/li><li style=\"font-weight: 400;\" aria-level=\"1\"><span style=\"font-weight: 400;\">Promovarea inov\u0103rii \u0219i a colabor\u0103rii: GREENPORT se str\u0103duie\u0219te s\u0103 promoveze o cultur\u0103 a inov\u0103rii \u0219i a colabor\u0103rii \u00een r\u00e2ndul p\u0103r\u021bilor interesate din sectorul maritim pentru a aborda \u00een mod eficient provoc\u0103rile legate de reducerea emisiilor \u0219i de durabilitate.\u00a0<\/span><\/li><\/ul><p>\u00a0<\/p><p><span style=\"font-weight: 400;\">Al\u0103tura\u021bi-v\u0103 nou\u0103 \u00een dep\u0103\u0219irea provoc\u0103rilor \u0219i atingerea obiectivelor noastre pentru un sector al serviciilor portuare maritime mai ecologic \u0219i mai durabil.<\/span><\/p>\t\t\t\t\t\t\t\t<\/div>\n\t\t\t\t<\/div>\n\t\t\t\t\t<\/div>\n\t\t<\/div>\n\t\t\t\t\t<\/div>\n\t\t<\/section>\n\t\t\t\t<\/div>","protected":false},"excerpt":{"rendered":"<p>Challenges: The maritime port services sector faces significant challenges in reducing emissions, promoting sustainability, and adapting to environmental regulations. Key challenges include the need for behavioural change within port operations, the lack of integrated green skills in existing curricula, and the urgency to address the impact of emissions on the environment and climate.\u00a0 Objectives:\u00a0 Develop&hellip;&nbsp;<a href=\"https:\/\/greenportalliance.eu\/ro\/challenges-and-objectives\/\" class=\"\" rel=\"bookmark\">Cite\u0219te mai mult &raquo;<span class=\"screen-reader-text\">Provoc\u0103ri \u0219i obiective<\/span><\/a><\/p>","protected":false},"author":1,"featured_media":0,"parent":0,"menu_order":0,"comment_status":"closed","ping_status":"closed","template":"page-templates\/template-pagebuilder-full-width.php","meta":{"inline_featured_image":false,"neve_meta_sidebar":"","neve_meta_container":"","neve_meta_enable_content_width":"","neve_meta_content_width":0,"neve_meta_title_alignment":"","neve_meta_author_avatar":"","neve_post_elements_order":"","neve_meta_disable_header":"","neve_meta_disable_footer":"","neve_meta_disable_title":"","footnotes":""},"class_list":["post-159","page","type-page","status-publish","hentry"],"_links":{"self":[{"href":"https:\/\/greenportalliance.eu\/ro\/wp-json\/wp\/v2\/pages\/159","targetHints":{"allow":["GET"]}}],"collection":[{"href":"https:\/\/greenportalliance.eu\/ro\/wp-json\/wp\/v2\/pages"}],"about":[{"href":"https:\/\/greenportalliance.eu\/ro\/wp-json\/wp\/v2\/types\/page"}],"author":[{"embeddable":true,"href":"https:\/\/greenportalliance.eu\/ro\/wp-json\/wp\/v2\/users\/1"}],"replies":[{"embeddable":true,"href":"https:\/\/greenportalliance.eu\/ro\/wp-json\/wp\/v2\/comments?post=159"}],"version-history":[{"count":37,"href":"https:\/\/greenportalliance.eu\/ro\/wp-json\/wp\/v2\/pages\/159\/revisions"}],"predecessor-version":[{"id":626,"href":"https:\/\/greenportalliance.eu\/ro\/wp-json\/wp\/v2\/pages\/159\/revisions\/626"}],"wp:attachment":[{"href":"https:\/\/greenportalliance.eu\/ro\/wp-json\/wp\/v2\/media?parent=159"}],"curies":[{"name":"wp","href":"https:\/\/api.w.org\/{rel}","templated":true}]}}