{"id":198,"date":"2024-03-20T10:51:02","date_gmt":"2024-03-20T10:51:02","guid":{"rendered":"https:\/\/greenportalliance.eu\/?page_id=198"},"modified":"2024-04-17T07:50:39","modified_gmt":"2024-04-17T07:50:39","slug":"work-packages","status":"publish","type":"page","link":"https:\/\/greenportalliance.eu\/ro\/work-packages\/","title":{"rendered":"Pachete de sarcini"},"content":{"rendered":"<div data-elementor-type=\"wp-page\" data-elementor-id=\"198\" class=\"elementor elementor-198\">\n\t\t\t\t\t\t<section class=\"elementor-section elementor-top-section elementor-element elementor-element-3e1aab20 elementor-section-content-middle elementor-section-boxed elementor-section-height-default elementor-section-height-default\" data-id=\"3e1aab20\" data-element_type=\"section\" data-e-type=\"section\" data-settings=\"{&quot;background_background&quot;:&quot;classic&quot;}\">\n\t\t\t\t\t\t<div class=\"elementor-container elementor-column-gap-extended\">\n\t\t\t\t\t<div class=\"elementor-column elementor-col-100 elementor-top-column elementor-element elementor-element-54fc8dc7\" data-id=\"54fc8dc7\" data-element_type=\"column\" data-e-type=\"column\">\n\t\t\t<div class=\"elementor-widget-wrap elementor-element-populated\">\n\t\t\t\t\t\t<div class=\"elementor-element elementor-element-6109ef6f elementor-widget elementor-widget-text-editor\" data-id=\"6109ef6f\" data-element_type=\"widget\" data-e-type=\"widget\" data-widget_type=\"text-editor.default\">\n\t\t\t\t<div class=\"elementor-widget-container\">\n\t\t\t\t\t\t\t\t\t<p><strong><i>WP1: Managementul proiectului \u0219i asigurarea calit\u0103\u021bii<\/i><\/strong><\/p><p><span style=\"font-weight: 400;\">Obiectiv: Asigurarea unui management eficient al proiectului, coordonarea \u0219i monitorizarea activit\u0103\u021bilor.<\/span><\/p><p><span style=\"font-weight: 400;\">Activit\u0103\u021bi\u00a0<\/span><\/p><ul><li style=\"font-weight: 400;\" aria-level=\"1\"><span style=\"font-weight: 400;\">Organizarea reuniunilor proiectului \u0219i a activit\u0103\u021bilor de coordonare<\/span><\/li><li style=\"font-weight: 400;\" aria-level=\"1\"><span style=\"font-weight: 400;\">Monitorizarea progresului proiectului \u0219i evaluarea rezultatelor<\/span><\/li><li style=\"font-weight: 400;\" aria-level=\"1\"><span style=\"font-weight: 400;\">Gestionarea aspectelor financiare \u0219i raportarea<\/span><\/li><li style=\"font-weight: 400;\" aria-level=\"1\"><span style=\"font-weight: 400;\">Preg\u0103tirea rapoartelor de progres \u0219i a documenta\u021biei\u00a0<\/span><\/li><\/ul><p>\u00a0<\/p><p><strong><i>WP2: Analiza necesit\u0103\u021bilor \u0219i factorilor comerciali determinan\u021bi<\/i><\/strong><\/p><p><span style=\"font-weight: 400;\">Obiectiv: Efectuarea unei analize a nevoilor la nivelul \u00eentregii industrii pentru a aduna date \u0219i informa\u021bii pentru dezvoltarea curriculumului<\/span><\/p><p><span style=\"font-weight: 400;\">Activit\u0103\u021bi\u00a0<\/span><\/p><ul><li style=\"font-weight: 400;\" aria-level=\"1\"><span style=\"font-weight: 400;\">Colectarea de date privind durabilitatea \u00een serviciile portuare<\/span><\/li><li style=\"font-weight: 400;\" aria-level=\"1\"><span style=\"font-weight: 400;\">Analiza condi\u021biilor existente \u00een industrie \u0219i \u00een mediul academic\u00a0<\/span><\/li><li style=\"font-weight: 400;\" aria-level=\"1\"><span style=\"font-weight: 400;\">Identificarea lacunelor \u00een ofertele actuale de educa\u021bie\/formare<\/span><\/li><li style=\"font-weight: 400;\" aria-level=\"1\"><span style=\"font-weight: 400;\">Compilarea unui raport de analiz\u0103 al necesit\u0103\u021bilor\u00a0<\/span><\/li><\/ul><p>\u00a0<\/p><p><strong><i>WP3: Analiza datelor brute pentru dezvoltarea curriculumului<\/i><\/strong><\/p><p><span style=\"font-weight: 400;\">Obiectiv: Dezvoltarea de programe de studii inovatoare pentru \u00eenv\u0103\u021b\u0103m\u00e2ntul superior \u0219i formarea voca\u021bional\u0103.<\/span><\/p><p><span style=\"font-weight: 400;\">Activit\u0103\u021bi\u00a0<\/span><\/p><ul><li style=\"font-weight: 400;\" aria-level=\"1\"><span style=\"font-weight: 400;\">Definirea obiectivelor \u0219i rezultatelor \u00eenv\u0103\u021b\u0103rii pentru fiecare modul curricular\u00a0<\/span><\/li><li style=\"font-weight: 400;\" aria-level=\"1\"><span style=\"font-weight: 400;\">Proiectarea structurii \u0219i con\u021binutului curriculumului pe baza rezultatelor analizei nevoilor\u00a0<\/span><\/li><li style=\"font-weight: 400;\" aria-level=\"1\"><span style=\"font-weight: 400;\">\u00cencorporarea competen\u021belor ecologice \u0219i a principiilor de durabilitate \u00een curriculum<\/span><\/li><li style=\"font-weight: 400;\" aria-level=\"1\"><span style=\"font-weight: 400;\">Revizuirea \u0219i finalizarea curriculumului \u00een consultare cu exper\u021bii din industrie<\/span><\/li><\/ul><p>\u00a0<\/p><p><i><span style=\"font-weight: 400;\"><strong>WP4: Elaborarea de materiale educa\u021bionale<\/strong>\u00a0<\/span><\/i><\/p><p><span style=\"font-weight: 400;\">Obiectiv: Crearea de materiale didactice atractive \u0219i interactive pentru programele de studiu dezvoltate\u00a0<\/span><\/p><p><span style=\"font-weight: 400;\">Activit\u0103\u021bi\u00a0<\/span><\/p><ul><li style=\"font-weight: 400;\" aria-level=\"1\"><span style=\"font-weight: 400;\">Elaborarea de con\u021binut multimedia, prezent\u0103ri \u0219i studii de caz\u00a0<\/span><\/li><li style=\"font-weight: 400;\" aria-level=\"1\"><span style=\"font-weight: 400;\">Conceperea de module interactive de e-learning \u0219i simul\u0103ri\u00a0<\/span><\/li><li style=\"font-weight: 400;\" aria-level=\"1\"><span style=\"font-weight: 400;\">Crearea de instrumente de evaluare \u0219i exerci\u021bii pentru evaluarea cuno\u0219tin\u021belor<\/span><\/li><li style=\"font-weight: 400;\" aria-level=\"1\"><span style=\"font-weight: 400;\">Asigurarea alinierii materialelor de \u00eenv\u0103\u021bare la obiectivele curriculare\u00a0<\/span><\/li><\/ul><p>\u00a0<\/p><p><strong><i>WP5: Pilotare, evaluare \u0219i analiza impactului curriculumului<\/i><\/strong><\/p><p><span style=\"font-weight: 400;\">Obiectiv: Implementarea programelor de formare \u0219i evaluarea eficacit\u0103\u021bii acestora<\/span><\/p><p><span style=\"font-weight: 400;\">Activit\u0103\u021bi\u00a0<\/span><\/p><ul><li style=\"font-weight: 400;\" aria-level=\"1\"><span style=\"font-weight: 400;\">Organizarea de sesiuni de formare pentru educatori, formatori \u0219i cursan\u021bi<\/span><\/li><li style=\"font-weight: 400;\" aria-level=\"1\"><span style=\"font-weight: 400;\">Monitorizarea rezultatelor form\u0103rii \u0219i colectarea feedback-ului de la participan\u021bi\u00a0<\/span><\/li><li style=\"font-weight: 400;\" aria-level=\"1\"><span style=\"font-weight: 400;\">Identificarea domeniilor de \u00eembun\u0103t\u0103\u021bire \u0219i efectuarea ajust\u0103rilor necesare<\/span><\/li><\/ul><p>\u00a0<\/p><p><strong><i>WP6: Diseminare \u0219i impact\u00a0<\/i><\/strong><\/p><p><span style=\"font-weight: 400;\">Obiectiv: Promovarea rezultatelor proiectului, asigurarea durabilit\u0103\u021bii \u0219i \u00eencurajarea schimbului de cuno\u0219tin\u021be\u00a0<\/span><\/p><p><span style=\"font-weight: 400;\">Activit\u0103\u021bi\u00a0<\/span><\/p><ul><li style=\"font-weight: 400;\" aria-level=\"1\"><span style=\"font-weight: 400;\">Elaborarea unei strategii de diseminare \u0219i a unui plan de comunicare\u00a0<\/span><\/li><li style=\"font-weight: 400;\" aria-level=\"1\"><span style=\"font-weight: 400;\">Organizarea de ateliere, webinarii \u0219i conferin\u021be pentru a \u00eemp\u0103rt\u0103\u0219i rezultatele proiectului<\/span><\/li><li style=\"font-weight: 400;\" aria-level=\"1\"><span style=\"font-weight: 400;\">Stabilirea de parteneriate cu p\u0103r\u021bile interesate relevante pentru un impact pe termen lung\u00a0<\/span><\/li><li style=\"font-weight: 400;\" aria-level=\"1\"><span style=\"font-weight: 400;\">Monitorizarea durabilit\u0103\u021bii rezultatelor proiectului \u0219i dup\u0103 perioada de finan\u021bare.<\/span><\/li><\/ul>\t\t\t\t\t\t\t\t<\/div>\n\t\t\t\t<\/div>\n\t\t\t\t\t<\/div>\n\t\t<\/div>\n\t\t\t\t\t<\/div>\n\t\t<\/section>\n\t\t\t\t<\/div>","protected":false},"excerpt":{"rendered":"<p>WP1: Project Management and Quality Assurance Objective: Ensuring effective project management, coordination, and monitoring activities. Activities:\u00a0 Organise project meetings and coordination activities Monitor project progress and evaluate outcomes Manage financial aspects and reporting Prepare progress reports and documentation\u00a0 \u00a0 WP2: Needs analysis and Commercial Drivers Objective: Conduct an industry-wide needs analysis to gather data and&hellip;&nbsp;<a href=\"https:\/\/greenportalliance.eu\/ro\/work-packages\/\" class=\"\" rel=\"bookmark\">Cite\u0219te mai mult &raquo;<span class=\"screen-reader-text\">Pachete de sarcini<\/span><\/a><\/p>","protected":false},"author":1,"featured_media":0,"parent":0,"menu_order":0,"comment_status":"closed","ping_status":"closed","template":"page-templates\/template-pagebuilder-full-width.php","meta":{"inline_featured_image":false,"neve_meta_sidebar":"","neve_meta_container":"","neve_meta_enable_content_width":"","neve_meta_content_width":0,"neve_meta_title_alignment":"","neve_meta_author_avatar":"","neve_post_elements_order":"","neve_meta_disable_header":"","neve_meta_disable_footer":"","neve_meta_disable_title":"","footnotes":""},"class_list":["post-198","page","type-page","status-publish","hentry"],"_links":{"self":[{"href":"https:\/\/greenportalliance.eu\/ro\/wp-json\/wp\/v2\/pages\/198","targetHints":{"allow":["GET"]}}],"collection":[{"href":"https:\/\/greenportalliance.eu\/ro\/wp-json\/wp\/v2\/pages"}],"about":[{"href":"https:\/\/greenportalliance.eu\/ro\/wp-json\/wp\/v2\/types\/page"}],"author":[{"embeddable":true,"href":"https:\/\/greenportalliance.eu\/ro\/wp-json\/wp\/v2\/users\/1"}],"replies":[{"embeddable":true,"href":"https:\/\/greenportalliance.eu\/ro\/wp-json\/wp\/v2\/comments?post=198"}],"version-history":[{"count":22,"href":"https:\/\/greenportalliance.eu\/ro\/wp-json\/wp\/v2\/pages\/198\/revisions"}],"predecessor-version":[{"id":713,"href":"https:\/\/greenportalliance.eu\/ro\/wp-json\/wp\/v2\/pages\/198\/revisions\/713"}],"wp:attachment":[{"href":"https:\/\/greenportalliance.eu\/ro\/wp-json\/wp\/v2\/media?parent=198"}],"curies":[{"name":"wp","href":"https:\/\/api.w.org\/{rel}","templated":true}]}}