{"id":222,"date":"2024-03-20T10:57:00","date_gmt":"2024-03-20T10:57:00","guid":{"rendered":"https:\/\/greenportalliance.eu\/?page_id=222"},"modified":"2024-04-02T14:56:50","modified_gmt":"2024-04-02T14:56:50","slug":"funding-scheme","status":"publish","type":"page","link":"https:\/\/greenportalliance.eu\/ro\/funding-scheme\/","title":{"rendered":"Schema de finan\u021bare"},"content":{"rendered":"<div data-elementor-type=\"wp-page\" data-elementor-id=\"222\" class=\"elementor elementor-222\">\n\t\t\t\t\t\t<section class=\"elementor-section elementor-top-section elementor-element elementor-element-3e1aab20 elementor-section-content-middle elementor-section-boxed elementor-section-height-default elementor-section-height-default\" data-id=\"3e1aab20\" data-element_type=\"section\" data-e-type=\"section\" data-settings=\"{&quot;background_background&quot;:&quot;classic&quot;}\">\n\t\t\t\t\t\t<div class=\"elementor-container elementor-column-gap-extended\">\n\t\t\t\t\t<div class=\"elementor-column elementor-col-100 elementor-top-column elementor-element elementor-element-54fc8dc7\" data-id=\"54fc8dc7\" data-element_type=\"column\" data-e-type=\"column\">\n\t\t\t<div class=\"elementor-widget-wrap elementor-element-populated\">\n\t\t\t\t\t\t<div class=\"elementor-element elementor-element-6109ef6f elementor-widget elementor-widget-text-editor\" data-id=\"6109ef6f\" data-element_type=\"widget\" data-e-type=\"widget\" data-widget_type=\"text-editor.default\">\n\t\t\t\t<div class=\"elementor-widget-container\">\n\t\t\t\t\t\t\t\t\t<p class=\"translation-block\"><span style=\"font-weight: 400\">Proiectul  <strong>GREENPORT Alliances <\/strong> <strong>Programme<\/strong>, este finan\u021bat \u00een cadrul programului <strong>Erasmus+<\/strong>, care este programul Uniunii Europene pentru educa\u021bie, formare, tineret \u0219i sport.<\/span><\/p><p><span style=\"font-weight: 400;\">Erasmus+ sprijin\u0103 proiecte \u0219i activit\u0103\u021bi care vizeaz\u0103 modernizarea \u0219i \u00eembun\u0103t\u0103\u021birea sistemelor de educa\u021bie, promovarea \u00eenv\u0103\u021b\u0103rii pe tot parcursul vie\u021bii \u0219i \u00eencurajarea cooper\u0103rii interna\u021bionale \u00een domeniul educa\u021biei \u0219i form\u0103rii. \n<br><br>\nProiectul GREENPORT Alliances se aliniaz\u0103 mai multor obiective strategice ale UE, \u00een special celor legate de durabilitate, inovare \u0219i dezvoltarea competen\u021belor \u00een sectorul maritim.\n<br><br>\n<strong>Obiectivele strategice ale UE cu care se aliniaz\u0103 proiectul sunt:<\/strong>\u00a0<\/span><\/p><ul><li style=\"font-weight: 400;\" aria-level=\"1\"><span style=\"font-weight: 400;\"><b>Green Deal \u0219i Neutralitatea climatic\u0103:<\/b> Proiectul contribuie la obiectivele Green Deal ale UE prin promovarea practicilor durabile \u00een industria maritim\u0103, reducerea emisiilor \u0219i promovarea unei abord\u0103ri bazate pe economia circular\u0103.\u00a0<\/span><\/li><li style=\"font-weight: 400;\" aria-level=\"1\"><span style=\"font-weight: 400;\"><b>Mobilitate inteligent\u0103 \u0219i durabil\u0103:<\/b> Prin concentrarea asupra practicilor durabile \u0219i inteligente \u00een serviciile portuare, proiectul sprijin\u0103 obiectivul UE de reducere a emisiilor din transporturi \u0219i de promovare a solu\u021biilor de transport ecologice\u00a0<\/span><\/li><li style=\"font-weight: 400;\" aria-level=\"1\"><span style=\"font-weight: 400;\"><b>Dezvoltarea competen\u021belor \u0219i educa\u021bie: <\/b>Proiectul urm\u0103re\u0219te s\u0103 dezvolte noi programe de studii \u0219i de formare pentru furnizorii de servicii portuare, aliniindu-se obiectivelor UE de \u00eembun\u0103t\u0103\u021bire a dezvolt\u0103rii competen\u021belor, de promovare a \u00eenv\u0103\u021b\u0103rii pe tot parcursul vie\u021bii \u0219i de \u00eembun\u0103t\u0103\u021bire a calit\u0103\u021bii educa\u021biei \u0219i form\u0103rii\u00a0<\/span><\/li><li style=\"font-weight: 400;\" aria-level=\"1\"><span style=\"font-weight: 400;\"><b>Inovare \u0219i cercetare:<\/b> Prin dezvoltarea de noi solu\u021bii de \u00eenv\u0103\u021bare \u0219i integrarea practicilor durabile, proiectul contribuie la \u00eencurajarea inov\u0103rii \u00een sectorul maritim \u0219i la sprijinirea activit\u0103\u021bilor de cercetare legate de transportul durabil.\u00a0<\/span><\/li><\/ul><p>\u00a0<\/p><p><span style=\"font-weight: 400;\">Obiectivele \u0219i activit\u0103\u021bile proiectului GREENPORT Alliances sunt \u00een conformitate cu obiectivele mai largi ale UE de promovare a sustenabilit\u0103\u021bii, inov\u0103rii \u0219i dezvolt\u0103rii competen\u021belor \u00een industria maritim\u0103, astfel cum se subliniaz\u0103 \u00een diferite cadre strategice \u0219i ini\u021biative ale UE.<\/span><\/p>\t\t\t\t\t\t\t\t<\/div>\n\t\t\t\t<\/div>\n\t\t\t\t\t<\/div>\n\t\t<\/div>\n\t\t\t\t\t<\/div>\n\t\t<\/section>\n\t\t\t\t<\/div>","protected":false},"excerpt":{"rendered":"<p>The GREENPORT Alliances project is funded under the Erasmus+ Programme, which is the European Union\u2019s programme for education, training, youth, and sport. Erasmus+ supports projects and activities aimed at modernising and improving education systems, promoting lifelong learning, and fostering international cooperation in the field of education and training.\u00a0 The GREENPORT Alliances project aligns with several&hellip;&nbsp;<a href=\"https:\/\/greenportalliance.eu\/ro\/funding-scheme\/\" class=\"\" rel=\"bookmark\">Cite\u0219te mai mult &raquo;<span class=\"screen-reader-text\">Schema de finan\u021bare<\/span><\/a><\/p>","protected":false},"author":1,"featured_media":0,"parent":0,"menu_order":0,"comment_status":"closed","ping_status":"closed","template":"page-templates\/template-pagebuilder-full-width.php","meta":{"inline_featured_image":false,"neve_meta_sidebar":"","neve_meta_container":"","neve_meta_enable_content_width":"","neve_meta_content_width":0,"neve_meta_title_alignment":"","neve_meta_author_avatar":"","neve_post_elements_order":"","neve_meta_disable_header":"","neve_meta_disable_footer":"","neve_meta_disable_title":"","footnotes":""},"class_list":["post-222","page","type-page","status-publish","hentry"],"_links":{"self":[{"href":"https:\/\/greenportalliance.eu\/ro\/wp-json\/wp\/v2\/pages\/222","targetHints":{"allow":["GET"]}}],"collection":[{"href":"https:\/\/greenportalliance.eu\/ro\/wp-json\/wp\/v2\/pages"}],"about":[{"href":"https:\/\/greenportalliance.eu\/ro\/wp-json\/wp\/v2\/types\/page"}],"author":[{"embeddable":true,"href":"https:\/\/greenportalliance.eu\/ro\/wp-json\/wp\/v2\/users\/1"}],"replies":[{"embeddable":true,"href":"https:\/\/greenportalliance.eu\/ro\/wp-json\/wp\/v2\/comments?post=222"}],"version-history":[{"count":19,"href":"https:\/\/greenportalliance.eu\/ro\/wp-json\/wp\/v2\/pages\/222\/revisions"}],"predecessor-version":[{"id":674,"href":"https:\/\/greenportalliance.eu\/ro\/wp-json\/wp\/v2\/pages\/222\/revisions\/674"}],"wp:attachment":[{"href":"https:\/\/greenportalliance.eu\/ro\/wp-json\/wp\/v2\/media?parent=222"}],"curies":[{"name":"wp","href":"https:\/\/api.w.org\/{rel}","templated":true}]}}