{"id":301,"date":"2024-03-20T11:29:36","date_gmt":"2024-03-20T11:29:36","guid":{"rendered":"https:\/\/greenportalliance.eu\/?page_id=301"},"modified":"2024-04-02T14:57:01","modified_gmt":"2024-04-02T14:57:01","slug":"for-vocational-courses","status":"publish","type":"page","link":"https:\/\/greenportalliance.eu\/ro\/for-vocational-courses\/","title":{"rendered":"Pentru \u00eenv\u0103\u021b\u0103m\u00e2ntul voca\u021bional"},"content":{"rendered":"<div data-elementor-type=\"wp-page\" data-elementor-id=\"301\" class=\"elementor elementor-301\">\n\t\t\t\t\t\t<section class=\"elementor-section elementor-top-section elementor-element elementor-element-3e1aab20 elementor-section-content-middle elementor-section-boxed elementor-section-height-default elementor-section-height-default\" data-id=\"3e1aab20\" data-element_type=\"section\" data-e-type=\"section\" data-settings=\"{&quot;background_background&quot;:&quot;classic&quot;}\">\n\t\t\t\t\t\t<div class=\"elementor-container elementor-column-gap-extended\">\n\t\t\t\t\t<div class=\"elementor-column elementor-col-100 elementor-top-column elementor-element elementor-element-54fc8dc7\" data-id=\"54fc8dc7\" data-element_type=\"column\" data-e-type=\"column\">\n\t\t\t<div class=\"elementor-widget-wrap elementor-element-populated\">\n\t\t\t\t\t\t<div class=\"elementor-element elementor-element-6109ef6f elementor-widget elementor-widget-text-editor\" data-id=\"6109ef6f\" data-element_type=\"widget\" data-e-type=\"widget\" data-widget_type=\"text-editor.default\">\n\t\t\t\t<div class=\"elementor-widget-container\">\n\t\t\t\t\t\t\t\t\t<p><span style=\"font-weight: 400;\">Metodologia de \u00eenv\u0103\u021bare GREENPORT pentru \u00eenv\u0103\u021b\u0103m\u00e2ntul voca\u021bional ofer\u0103 persoanelor din serviciile portuare competen\u021be \u0219i cuno\u0219tin\u021be practice pentru durabilitate. \n<br><br>\nAceasta pune accentul pe dezvoltarea competen\u021belor, formarea practic\u0103, relevan\u021ba pentru industrie, programele personalizate, \u00eembun\u0103t\u0103\u021birea continu\u0103, aplicarea practic\u0103 \u0219i avansarea \u00een carier\u0103. \n<br><br>\nPrin punerea \u00een aplicare a acestei metodologii, participan\u021bii pot determina schimb\u0103ri pozitive \u00een direc\u021bia durabilit\u0103\u021bii \u00een rolurile lor profesionale. <\/span><\/p>\t\t\t\t\t\t\t\t<\/div>\n\t\t\t\t<\/div>\n\t\t\t\t\t<\/div>\n\t\t<\/div>\n\t\t\t\t\t<\/div>\n\t\t<\/section>\n\t\t\t\t<\/div>","protected":false},"excerpt":{"rendered":"<p>Metodologia de \u00eenv\u0103\u021bare GREENPORT pentru \u00eenv\u0103\u021b\u0103m\u00e2ntul voca\u021bional ofer\u0103 persoanelor din serviciile portuare competen\u021be \u0219i cuno\u0219tin\u021be practice pentru durabilitate. \n<br><br>\nAceasta pune accentul pe dezvoltarea competen\u021belor, formarea practic\u0103, relevan\u021ba pentru industrie, programele personalizate, \u00eembun\u0103t\u0103\u021birea continu\u0103, aplicarea practic\u0103 \u0219i avansarea \u00een carier\u0103. \n<br><br>\nPrin punerea \u00een aplicare a acestei metodologii, participan\u021bii pot determina schimb\u0103ri pozitive \u00een direc\u021bia durabilit\u0103\u021bii \u00een rolurile lor profesionale.<\/p>","protected":false},"author":1,"featured_media":0,"parent":0,"menu_order":0,"comment_status":"closed","ping_status":"closed","template":"page-templates\/template-pagebuilder-full-width.php","meta":{"inline_featured_image":false,"neve_meta_sidebar":"","neve_meta_container":"","neve_meta_enable_content_width":"","neve_meta_content_width":0,"neve_meta_title_alignment":"","neve_meta_author_avatar":"","neve_post_elements_order":"","neve_meta_disable_header":"","neve_meta_disable_footer":"","neve_meta_disable_title":"","footnotes":""},"class_list":["post-301","page","type-page","status-publish","hentry"],"_links":{"self":[{"href":"https:\/\/greenportalliance.eu\/ro\/wp-json\/wp\/v2\/pages\/301","targetHints":{"allow":["GET"]}}],"collection":[{"href":"https:\/\/greenportalliance.eu\/ro\/wp-json\/wp\/v2\/pages"}],"about":[{"href":"https:\/\/greenportalliance.eu\/ro\/wp-json\/wp\/v2\/types\/page"}],"author":[{"embeddable":true,"href":"https:\/\/greenportalliance.eu\/ro\/wp-json\/wp\/v2\/users\/1"}],"replies":[{"embeddable":true,"href":"https:\/\/greenportalliance.eu\/ro\/wp-json\/wp\/v2\/comments?post=301"}],"version-history":[{"count":28,"href":"https:\/\/greenportalliance.eu\/ro\/wp-json\/wp\/v2\/pages\/301\/revisions"}],"predecessor-version":[{"id":680,"href":"https:\/\/greenportalliance.eu\/ro\/wp-json\/wp\/v2\/pages\/301\/revisions\/680"}],"wp:attachment":[{"href":"https:\/\/greenportalliance.eu\/ro\/wp-json\/wp\/v2\/media?parent=301"}],"curies":[{"name":"wp","href":"https:\/\/api.w.org\/{rel}","templated":true}]}}