{"id":310,"date":"2024-03-20T11:30:48","date_gmt":"2024-03-20T11:30:48","guid":{"rendered":"https:\/\/greenportalliance.eu\/?page_id=310"},"modified":"2024-04-23T09:12:04","modified_gmt":"2024-04-23T09:12:04","slug":"events","status":"publish","type":"page","link":"https:\/\/greenportalliance.eu\/ro\/events\/","title":{"rendered":"Evenimente"},"content":{"rendered":"<div data-elementor-type=\"wp-page\" data-elementor-id=\"310\" class=\"elementor elementor-310\">\n\t\t\t\t\t\t<section class=\"elementor-section elementor-top-section elementor-element elementor-element-3e1aab20 elementor-section-content-middle elementor-section-boxed elementor-section-height-default elementor-section-height-default\" data-id=\"3e1aab20\" data-element_type=\"section\" data-e-type=\"section\" data-settings=\"{&quot;background_background&quot;:&quot;classic&quot;}\">\n\t\t\t\t\t\t<div class=\"elementor-container elementor-column-gap-extended\">\n\t\t\t\t\t<div class=\"elementor-column elementor-col-100 elementor-top-column elementor-element elementor-element-54fc8dc7\" data-id=\"54fc8dc7\" data-element_type=\"column\" data-e-type=\"column\">\n\t\t\t<div class=\"elementor-widget-wrap elementor-element-populated\">\n\t\t\t\t\t\t<div class=\"elementor-element elementor-element-6109ef6f elementor-widget elementor-widget-text-editor\" data-id=\"6109ef6f\" data-element_type=\"widget\" data-e-type=\"widget\" data-widget_type=\"text-editor.default\">\n\t\t\t\t<div class=\"elementor-widget-container\">\n\t\t\t\t\t\t\t\t\t<p class=\"translation-block\">Reuniunea de lansare \u0219i Conferin\u021ba p\u0103r\u021bilor interesate au fost organizate de Universitatea Piri Reis \u00een perioada 28-29 februarie 2024. Conferin\u021ba p\u0103r\u021bilor interesate a marcat prima etap\u0103 a proiectului, \u0219i a fost martora unui angajament puternic din partea principalelor p\u0103r\u021bi interesate din industria maritim\u0103 \u0219i institu\u021biile de \u00eenv\u0103\u021b\u0103m\u00e2nt.<\/p><p>\u00cen cadrul evenimentului, a fost prezentat\u0103 delimitarea rolurilor \u0219i responsabilit\u0103\u021bilor care urmeaz\u0103 s\u0103 fie asumate de partenerii de proiect pe durata proiectului. \n<br><br>\nLa conferin\u021b\u0103 au participat activ reprezentan\u021bi din sectorul maritim turc, inclusiv Sanmar Shipyards, Asocia\u021bia constructorilor de nave din Turcia \u0219i Asocia\u021bia pilo\u021bilor din Turcia. \n<br><br>\n\u00cen cadrul prezent\u0103rilor sus\u021binute de reprezentan\u021bii Turkon Line \u0219i GISA\u0218, au fost \u00eemp\u0103rt\u0103\u0219ite informa\u021bii despre strategiile inovatoare de reducere a emisiilor de carbon \u00een cadrul sectorului.<\/p>\t\t\t\t\t\t\t\t<\/div>\n\t\t\t\t<\/div>\n\t\t\t\t<div class=\"elementor-element elementor-element-6b4ef72 elementor-widget elementor-widget-text-editor\" data-id=\"6b4ef72\" data-element_type=\"widget\" data-e-type=\"widget\" data-widget_type=\"text-editor.default\">\n\t\t\t\t<div class=\"elementor-widget-container\">\n\t\t\t\t\t\t\t\t\t<p>Pute\u021bi vedea mai jos un scurt montaj video al reuniunii noastre de lansare \u0219i de la conferin\u021b\u0103!<\/p>\t\t\t\t\t\t\t\t<\/div>\n\t\t\t\t<\/div>\n\t\t\t\t\t<\/div>\n\t\t<\/div>\n\t\t\t\t\t<\/div>\n\t\t<\/section>\n\t\t<div class=\"elementor-element elementor-element-15e1dec e-flex e-con-boxed e-con e-parent\" data-id=\"15e1dec\" data-element_type=\"container\" data-e-type=\"container\">\n\t\t\t\t\t<div class=\"e-con-inner\">\n\t\t\t\t<div class=\"elementor-element elementor-element-a4adaca elementor-widget elementor-widget-video\" data-id=\"a4adaca\" data-element_type=\"widget\" data-e-type=\"widget\" data-settings=\"{&quot;youtube_url&quot;:&quot;https:\\\/\\\/www.youtube.com\\\/watch?v=LljXtEwVjzY&quot;,&quot;video_type&quot;:&quot;youtube&quot;,&quot;controls&quot;:&quot;yes&quot;}\" data-widget_type=\"video.default\">\n\t\t\t\t<div class=\"elementor-widget-container\">\n\t\t\t\t\t\t\t<div class=\"elementor-wrapper elementor-open-inline\">\n\t\t\t<div class=\"elementor-video\"><\/div>\t\t<\/div>\n\t\t\t\t\t\t<\/div>\n\t\t\t\t<\/div>\n\t\t\t\t\t<\/div>\n\t\t\t\t<\/div>\n\t\t\t\t<\/div>","protected":false},"excerpt":{"rendered":"<p>The Kick-off meeting and Stakeholders Conference was held by Piri Reis University on\u00a0February 28-29 2024. The Stakeholders Conference marked the project\u2019s first milestone, and witnessed a strong engagement from key stakeholders spanning the maritime industry and educational institutions. During the event, the delineation of roles and responsibilities to be undertaken by project partners over the&hellip;&nbsp;<a href=\"https:\/\/greenportalliance.eu\/ro\/events\/\" class=\"\" rel=\"bookmark\">Cite\u0219te mai mult &raquo;<span class=\"screen-reader-text\">Evenimente<\/span><\/a><\/p>","protected":false},"author":1,"featured_media":0,"parent":0,"menu_order":0,"comment_status":"closed","ping_status":"closed","template":"page-templates\/template-pagebuilder-full-width.php","meta":{"inline_featured_image":false,"neve_meta_sidebar":"","neve_meta_container":"","neve_meta_enable_content_width":"","neve_meta_content_width":0,"neve_meta_title_alignment":"","neve_meta_author_avatar":"","neve_post_elements_order":"","neve_meta_disable_header":"","neve_meta_disable_footer":"","neve_meta_disable_title":"","footnotes":""},"class_list":["post-310","page","type-page","status-publish","hentry"],"_links":{"self":[{"href":"https:\/\/greenportalliance.eu\/ro\/wp-json\/wp\/v2\/pages\/310","targetHints":{"allow":["GET"]}}],"collection":[{"href":"https:\/\/greenportalliance.eu\/ro\/wp-json\/wp\/v2\/pages"}],"about":[{"href":"https:\/\/greenportalliance.eu\/ro\/wp-json\/wp\/v2\/types\/page"}],"author":[{"embeddable":true,"href":"https:\/\/greenportalliance.eu\/ro\/wp-json\/wp\/v2\/users\/1"}],"replies":[{"embeddable":true,"href":"https:\/\/greenportalliance.eu\/ro\/wp-json\/wp\/v2\/comments?post=310"}],"version-history":[{"count":40,"href":"https:\/\/greenportalliance.eu\/ro\/wp-json\/wp\/v2\/pages\/310\/revisions"}],"predecessor-version":[{"id":741,"href":"https:\/\/greenportalliance.eu\/ro\/wp-json\/wp\/v2\/pages\/310\/revisions\/741"}],"wp:attachment":[{"href":"https:\/\/greenportalliance.eu\/ro\/wp-json\/wp\/v2\/media?parent=310"}],"curies":[{"name":"wp","href":"https:\/\/api.w.org\/{rel}","templated":true}]}}