{"id":742,"date":"2024-04-24T14:45:04","date_gmt":"2024-04-24T14:45:04","guid":{"rendered":"https:\/\/greenportalliance.eu\/?page_id=742"},"modified":"2024-04-24T15:18:34","modified_gmt":"2024-04-24T15:18:34","slug":"gdpr-policy","status":"publish","type":"page","link":"https:\/\/greenportalliance.eu\/ro\/gdpr-policy\/","title":{"rendered":"Politica GDPR"},"content":{"rendered":"<div data-elementor-type=\"wp-page\" data-elementor-id=\"742\" class=\"elementor elementor-742\">\n\t\t\t\t<div class=\"elementor-element elementor-element-7cc45f6 e-flex e-con-boxed e-con e-parent\" data-id=\"7cc45f6\" data-element_type=\"container\" data-e-type=\"container\">\n\t\t\t\t\t<div class=\"e-con-inner\">\n\t\t\t\t<div class=\"elementor-element elementor-element-5c15a37 elementor-widget elementor-widget-text-editor\" data-id=\"5c15a37\" data-element_type=\"widget\" data-e-type=\"widget\" data-widget_type=\"text-editor.default\">\n\t\t\t\t<div class=\"elementor-widget-container\">\n\t\t\t\t\t\t\t\t\t<p><span style=\"font-weight: 400;\">\u00cen scopul respect\u0103rii obliga\u021biilor prev\u0103zute de Regulamentul UE 2016\/679 (\"Regulamentul general privind protec\u021bia datelor\" sau \"GDPR\"), \nsuntem obliga\u021bi s\u0103 ob\u021binem consim\u021b\u0103m\u00e2ntul explicit pentru colectarea \u0219i prelucrarea datelor sensibile \u0219i personale. \u00cen cazul \u00een care consim\u021b\u0103m\u00e2ntul este dat, persoana vizat\u0103 va avea dreptul:<\/span><\/p><ul><li style=\"font-weight: 400;\" aria-level=\"1\"><span style=\"font-weight: 400;\">s\u0103 acceseze datele sale,\u00a0<\/span><\/li><li style=\"font-weight: 400;\" aria-level=\"1\"><span style=\"font-weight: 400;\">s\u0103 ob\u021bin\u0103 modificarea sau \u0219tergerea datelor sale, \u0219i oprirea prelucr\u0103rii datelor.\u00a0<\/span><\/li><li style=\"font-weight: 400;\" aria-level=\"1\"><span style=\"font-weight: 400;\">\u0219i au oprit procesarea datelor.\u00a0<\/span><\/li><\/ul><p><span style=\"font-weight: 400;\"><br>\nMai jos este prezentat\u0103 o descriere a scopurilor \u00een care vor fi utilizate datele \u0219i a informa\u021biilor necesare pentru furnizarea consim\u021b\u0103m\u00e2ntului.<\/span><\/p><h3><b>Scopul prelucr\u0103rii datelor<\/b><\/h3><p><span style=\"font-weight: 400;\"><b>Datele sensibile vor fi colectate exclusiv pentru urm\u0103toarele scopuri:<\/b><\/span><\/p><ul><li style=\"font-weight: 400;\" aria-level=\"1\"><span style=\"font-weight: 400;\">Pentru a fi contactat cu privire la ini\u021biativele asociate cu GREENPORT.<\/span><\/li><li style=\"font-weight: 400;\" aria-level=\"1\"><span style=\"font-weight: 400;\">Comunic\u0103ri \u00een cadrul evenimentelor.<\/span><\/li><li style=\"font-weight: 400;\" aria-level=\"1\"><span style=\"font-weight: 400;\">A ne ajuta s\u0103 \u00eembun\u0103t\u0103\u021bim asisten\u021ba tehnic\u0103, asisten\u021ba pentru clien\u021bi, serviciile \u0219i con\u021binutul nostru, inclusiv efectuarea de exerci\u021bii de urm\u0103rire pentru a clarifica orice transmitere de   informa\u021bii ca parte a unui sondaj, \n  chestionar sau alt\u0103 colectare de date.<\/span><\/li><li style=\"font-weight: 400;\" aria-level=\"1\"><span style=\"font-weight: 400;\">Efectuarea oric\u0103rei analize statistice agregate pe o baz\u0103 anonim\u0103.\u00a0<\/span><\/li><li style=\"font-weight: 400;\" aria-level=\"1\"><span style=\"font-weight: 400;\">Exercitarea drepturilor \u0219i protejarea intereselor legitime ale operatorului de date sau ale p\u0103r\u021bilor ter\u021be, de exemplu dreptul la ap\u0103rare \u00een instan\u021b\u0103.<\/span><\/li><li style=\"font-weight: 400;\" aria-level=\"1\"><span style=\"font-weight: 400;\">S\u0103 v\u0103 trimit\u0103 comunic\u0103ri la adresa de e-mail pe care a\u021bi furnizat-o. Fiecare e-mail trimis v\u0103 va permite, f\u0103c\u00e2nd clic pe link-ul corespunz\u0103tor, s\u0103 refuza\u021bi alte trimiteri.\u00a0<\/span><\/li><li style=\"font-weight: 400;\" aria-level=\"1\"><span style=\"font-weight: 400;\">Pentru \u00eendeplinirea obliga\u021biilor legale, datele dumneavoastr\u0103 vor fi utilizate pentru a respecta \u0219i a \u00eendeplini obliga\u021biile prev\u0103zute de legi, regulamente, reglement\u0103ri comunitare, ordine \u0219i prescrip\u021bii ale autorit\u0103\u021bilor competente.<\/span><\/li><li style=\"font-weight: 400;\" aria-level=\"1\"><span style=\"font-weight: 400;\">Interpolare statistic\u0103.<\/span><\/li><\/ul><p>\u00a0<\/p><h3><b>Tipuri de date cu caracter personal colectate<\/b><\/h3><p><span style=\"font-weight: 400;\">Datele care vor fi colectate, atunci c\u00e2nd sunt solicitate \u0219i furnizate, sunt urm\u0103toarele:<\/span><\/p><ul><li style=\"font-weight: 400;\" aria-level=\"1\"><span style=\"font-weight: 400;\">Primul nume al utilizatorului<\/span><\/li><li style=\"font-weight: 400;\" aria-level=\"1\"><span style=\"font-weight: 400;\">Numele de familie al utilizatorului<\/span><\/li><li style=\"font-weight: 400;\" aria-level=\"1\"><span style=\"font-weight: 400;\">Numele companiei utilizatorului<\/span><\/li><li style=\"font-weight: 400;\" aria-level=\"1\"><span style=\"font-weight: 400;\">M\u0103rimea companiei utilizatorului<\/span><\/li><li style=\"font-weight: 400;\" aria-level=\"1\"><span style=\"font-weight: 400;\">\u021aara utilizatorului<\/span><\/li><li style=\"font-weight: 400;\" aria-level=\"1\"><span style=\"font-weight: 400;\">Adresa companiei utilizatorului<\/span><\/li><li style=\"font-weight: 400;\" aria-level=\"1\"><span style=\"font-weight: 400;\">Adresa de e-mail a utilizatorului<\/span><\/li><\/ul><p>\u00a0<\/p><h3><b>Cu cine vor fi partajate datele<\/b><\/h3><ul><li style=\"font-weight: 400;\" aria-level=\"1\"><span style=\"font-weight: 400;\">T.C. Piri Reis Universitesi<\/span><\/li><li style=\"font-weight: 400;\" aria-level=\"1\"><span style=\"font-weight: 400;\">ACROSSLIMITS<\/span><\/li><li style=\"font-weight: 400;\" aria-level=\"1\"><span style=\"font-weight: 400;\">Universitatea Maritima Din Constan\u021ba<\/span><\/li><li style=\"font-weight: 400;\" aria-level=\"1\"><span style=\"font-weight: 400;\">Hogere Zeevaartschool<\/span><\/li><li style=\"font-weight: 400;\" aria-level=\"1\"><span style=\"font-weight: 400;\">Academia Naval\u0103 Nikola Vaptsarov<\/span><\/li><li style=\"font-weight: 400;\" aria-level=\"1\"><span style=\"font-weight: 400;\">Sveuciliste U Rijeci<\/span><\/li><li style=\"font-weight: 400;\" aria-level=\"1\"><span style=\"font-weight: 400;\">European Tugowners Association VZW<\/span><\/li><li style=\"font-weight: 400;\" aria-level=\"1\"><span style=\"font-weight: 400;\">Aggregazione Pubblico Privata Sullalogistica Mare Terra Societa Consortile A Responsabilita Limitata<\/span><\/li><li style=\"font-weight: 400;\" aria-level=\"1\"><span style=\"font-weight: 400;\">APA- Administracao Do Porto De Aveiro, S.A.<\/span><\/li><li style=\"font-weight: 400;\" aria-level=\"1\"><span style=\"font-weight: 400;\">Asocia\u021bia European\u0103 a Pilo\u021bilor Maritimi<\/span><\/li><\/ul><p>\u00a0<\/p><h3><b>Temeiul juridic al prelucr\u0103rii<\/b><\/h3><p><span style=\"font-weight: 400;\">Prelucrarea datelor sensibile \u0219i cu caracter personal va fi efectuat\u0103 pe unul sau mai multe dintre urm\u0103toarele temeiuri juridice:<\/span><\/p><ul><li style=\"font-weight: 400;\" aria-level=\"1\"><span style=\"font-weight: 400;\">Consim\u021b\u0103m\u00e2ntul explicit al persoanei vizate<\/span><\/li><li style=\"font-weight: 400;\" aria-level=\"1\"><span style=\"font-weight: 400;\">Respectarea unei obliga\u021bii legale la care este supus operatorul de date<\/span><\/li><li style=\"font-weight: 400;\" aria-level=\"1\"><span style=\"font-weight: 400;\">Protec\u021bia intereselor vitale ale persoanei vizate sau ale unei alte persoane fizice<\/span><\/li><li style=\"font-weight: 400;\" aria-level=\"1\"><span style=\"font-weight: 400;\">Executarea unei sarcini efectuate \u00een interes public sau \u00een exercitarea autorit\u0103\u021bii publice cu care este \u00eenvestit operatorul de date<\/span><\/li><li style=\"font-weight: 400;\" aria-level=\"1\"><span style=\"font-weight: 400;\">interese legitime urm\u0103rite de operatorul de date sau de o ter\u021b\u0103 parte<\/span><\/li><\/ul><p>\u00a0<\/p><h3><b>Informa\u021bii privind responsabilul cu protec\u021bia datelor<\/b><\/h3><p class=\"translation-block\">Numele \u0219i denumirea: Emanuele Prister\u00e0, \u0218ef - Departamentul de dezvoltare IT \u0219i Digital Media<\/p><p><span style=\"font-weight: 400;\">Adresa de e-mail: <\/span> <span style=\"text-decoration: underline;\"><a href=\"mailto:emanuele@acrosslimits.com\"><span style=\"font-weight: 400;\">emanuele@acrosslimits.com<\/span><\/a><\/span><span style=\"font-weight: 400;\">\u00a0<\/span><\/p><h3><b>Informa\u021bii de contact ale operatorului de date<\/b><\/h3><p><span style=\"font-weight: 400;\">Operatorul de date este:\u00a0<\/span> <b>AcrossLimits Ltd (Malta)<\/b><\/p><p><span style=\"font-weight: 400;\">Adresa de e-mail: <\/span> <span style=\"text-decoration: underline;\"><a href=\"mailto:info@acrosslimits.com\"><span style=\"font-weight: 400;\">info@acrosslimits.com<\/span><\/a><\/span><\/p><p><span style=\"font-weight: 400;\">\u00cen conformitate cu articolul 4 din regulament, AcrossLimits Ltd cu sediul social la 2nd Floor, Tower Business Centre, Tower Street, Swatar, Birkirkara, BKR 4013, Malta \u00een persoana reprezentantului legal, Angele Giuliano este operatorul de date cu caracter personal al datelor dumneavoastr\u0103. Pentru comunic\u0103ri sau solicit\u0103ri, societatea poate fi contactat\u0103 la adresa info@acrosslimits.com. Lista actualizat\u0103 a procesatorilor no\u0219tri de date este disponibil\u0103 la sediul operatorului de date <span style=\"text-decoration: underline;\"><a href=\"https:\/\/acrosslimits.com\/\" target=\"_blank\" rel=\"noopener\">www.acrosslimits.com<\/a><\/span><\/span><\/p><h3><b>Durata stoc\u0103rii datelor<\/b><\/h3><p><span style=\"font-weight: 400;\">Datele colectate vor fi stocate pentru o perioad\u0103 nu mai lung\u0103 dec\u00e2t cea necesar\u0103 pentru scopurile \u00een care au fost colectate sau prelucrate ulterior.<\/span><\/p><p><span style=\"font-weight: 400;\">Datele vor fi stocate pe serverele AcrossLimits \u0219i pot fi \u00eentotdeauna eliminate \u00een urma unei solicit\u0103ri specifice din partea utilizatorului c\u0103tre operatorul de date.<\/span><\/p><p><span style=\"font-weight: 400;\">Datele nu vor fi \u00een niciun caz partajate cu ter\u021be p\u0103r\u021bi. \nAcrossLimits Ltd se angajeaz\u0103 s\u0103 p\u0103streze confiden\u021bialitatea datelor cu caracter personal \u0219i a datelor sensibile, cu garan\u021bii adecvate pentru a preveni divulgarea neautorizat\u0103 a acestora.<\/span><\/p><h3><b>Dreptul de a retrage consim\u021b\u0103m\u00e2ntul<\/b><\/h3><p><span style=\"font-weight: 400;\">Consim\u021b\u0103m\u00e2ntul poate fi retras \u00een orice moment prin trimiterea unui e-mail c\u0103tre operatorul de date la adresa <\/span><span style=\"text-decoration: underline;\"><a href=\"mailto:info@acrosslimits.com\"><span style=\"font-weight: 400;\">info@acrosslimits.com<\/span><\/a><\/span><\/p><h3><b>Dreptul de a depune o pl\u00e2ngere<\/b><\/h3><p><span style=\"font-weight: 400;\">F\u0103r\u0103 a aduce atingere oric\u0103rei alte c\u0103i de atac administrative sau judiciare, fiecare persoan\u0103 vizat\u0103 are dreptul de a depune o pl\u00e2ngere la autoritatea maltez\u0103 de supraveghere a datelor: Comisarul pentru informa\u021bii \u0219i protec\u021bia datelor, \u00een cazul \u00een care consider\u0103 c\u0103 prelucrarea datelor cu caracter personal care o privesc \u00eencalc\u0103 prezentul regulament<\/span><\/p><p><span style=\"font-weight: 400;\">E-mail: <a href=\"mailto:idpc.info@idpc.org.mt\"><span style=\"text-decoration: underline;\">idpc.info@idpc.org.mt<\/span><\/a><\/span><\/p><h3><b>M\u0103suri de securitate<\/b><\/h3><p><span style=\"font-weight: 400;\">De fiecare dat\u0103 c\u00e2nd utiliza\u021bi serviciile noastre, operatorul de date \u0219i p\u0103r\u021bile ter\u021be care lucreaz\u0103 pentru noi adopt\u0103 m\u0103suri de securitate corespunz\u0103toare \u0219i adecvate pentru a preveni accesul neautorizat, dezv\u0103luirea neautorizat\u0103, modificarea sau distrugerea datelor dumneavoastr\u0103, \u00een conformitate cu prevederile legisla\u021biei na\u021bionale aplicabile \u0219i ale GDPR.<\/span><\/p><h3><b>Consim\u021b\u0103m\u00e2nt<\/b><\/h3><p><span style=\"font-weight: 400;\">Prin trimiterea acestui formular, recunosc c\u0103 am citit \u0219i am \u00een\u021beles informa\u021biile furnizate mai sus cu privire la colectarea \u0219i prelucrarea datelor sensibile \u0219i personale, \u0219i \u00eemi dau consim\u021b\u0103m\u00e2ntul explicit pentru o astfel de colectare \u0219i prelucrare \u00een scopurile specificate mai sus.<\/span><\/p>\t\t\t\t\t\t\t\t<\/div>\n\t\t\t\t<\/div>\n\t\t\t\t\t<\/div>\n\t\t\t\t<\/div>\n\t\t\t\t<\/div>","protected":false},"excerpt":{"rendered":"<p>For the purpose of compliance with the obligations provided for by the EU Regulation 2016\/679 (&#8220;General Data Protection Regulation&#8221; or &#8220;GDPR&#8221;), we are required to obtain explicit consent for the collection and processing of sensitive and personal data. Should consent be given, the data subject will have the right to : access his\/her data,\u00a0 have&hellip;&nbsp;<a href=\"https:\/\/greenportalliance.eu\/ro\/gdpr-policy\/\" class=\"\" rel=\"bookmark\">Cite\u0219te mai mult &raquo;<span class=\"screen-reader-text\">Politica GDPR<\/span><\/a><\/p>","protected":false},"author":1,"featured_media":0,"parent":0,"menu_order":0,"comment_status":"closed","ping_status":"closed","template":"page-templates\/template-pagebuilder-full-width.php","meta":{"inline_featured_image":false,"neve_meta_sidebar":"","neve_meta_container":"","neve_meta_enable_content_width":"","neve_meta_content_width":0,"neve_meta_title_alignment":"","neve_meta_author_avatar":"","neve_post_elements_order":"","neve_meta_disable_header":"","neve_meta_disable_footer":"","neve_meta_disable_title":"","footnotes":""},"class_list":["post-742","page","type-page","status-publish","hentry"],"_links":{"self":[{"href":"https:\/\/greenportalliance.eu\/ro\/wp-json\/wp\/v2\/pages\/742","targetHints":{"allow":["GET"]}}],"collection":[{"href":"https:\/\/greenportalliance.eu\/ro\/wp-json\/wp\/v2\/pages"}],"about":[{"href":"https:\/\/greenportalliance.eu\/ro\/wp-json\/wp\/v2\/types\/page"}],"author":[{"embeddable":true,"href":"https:\/\/greenportalliance.eu\/ro\/wp-json\/wp\/v2\/users\/1"}],"replies":[{"embeddable":true,"href":"https:\/\/greenportalliance.eu\/ro\/wp-json\/wp\/v2\/comments?post=742"}],"version-history":[{"count":10,"href":"https:\/\/greenportalliance.eu\/ro\/wp-json\/wp\/v2\/pages\/742\/revisions"}],"predecessor-version":[{"id":770,"href":"https:\/\/greenportalliance.eu\/ro\/wp-json\/wp\/v2\/pages\/742\/revisions\/770"}],"wp:attachment":[{"href":"https:\/\/greenportalliance.eu\/ro\/wp-json\/wp\/v2\/media?parent=742"}],"curies":[{"name":"wp","href":"https:\/\/api.w.org\/{rel}","templated":true}]}}