{"id":128,"date":"2024-03-20T10:32:53","date_gmt":"2024-03-20T10:32:53","guid":{"rendered":"https:\/\/greenportalliance.eu\/?page_id=128"},"modified":"2024-04-02T14:56:11","modified_gmt":"2024-04-02T14:56:11","slug":"about-us","status":"publish","type":"page","link":"https:\/\/greenportalliance.eu\/tr\/about-us\/","title":{"rendered":"Hakk\u0131m\u0131zda"},"content":{"rendered":"<div data-elementor-type=\"wp-page\" data-elementor-id=\"128\" class=\"elementor elementor-128\">\n\t\t\t\t\t\t<section class=\"elementor-section elementor-top-section elementor-element elementor-element-3e1aab20 elementor-section-content-middle elementor-section-boxed elementor-section-height-default elementor-section-height-default\" data-id=\"3e1aab20\" data-element_type=\"section\" data-e-type=\"section\" data-settings=\"{&quot;background_background&quot;:&quot;classic&quot;}\">\n\t\t\t\t\t\t<div class=\"elementor-container elementor-column-gap-extended\">\n\t\t\t\t\t<div class=\"elementor-column elementor-col-100 elementor-top-column elementor-element elementor-element-54fc8dc7\" data-id=\"54fc8dc7\" data-element_type=\"column\" data-e-type=\"column\">\n\t\t\t<div class=\"elementor-widget-wrap elementor-element-populated\">\n\t\t\t\t\t\t<div class=\"elementor-element elementor-element-6109ef6f elementor-widget elementor-widget-text-editor\" data-id=\"6109ef6f\" data-element_type=\"widget\" data-e-type=\"widget\" data-widget_type=\"text-editor.default\">\n\t\t\t\t<div class=\"elementor-widget-container\">\n\t\t\t\t\t\t\t\t\t<p><span style=\"font-weight: 400;\"><strong>GREENPORT Alliances,<\/strong> liman hizmetleri sekt\u00f6r\u00fcnde s\u00fcrd\u00fcr\u00fclebilirlik ve yenili\u011fi te\u015fvik etmeye adanm\u0131\u015f \u00f6nc\u00fc bir i\u015f birli\u011fidir. \nAvrupa d\u00fczeyindeki ticaret gruplar\u0131, \u015firketler, y\u00fcksek\u00f6\u011fretim kurumlar\u0131, mesleki e\u011fitim sa\u011flay\u0131c\u0131lar\u0131 ve ara\u015ft\u0131rma kurulu\u015flar\u0131ndan olu\u015fan bir konsorsiyumu bir araya getirerek, GREENPORT, liman operasyonlar\u0131nda emisyon azalt\u0131m\u0131 ve davran\u0131\u015f de\u011fi\u015fikli\u011fi ihtiyac\u0131n\u0131 kar\u015f\u0131lamay\u0131 ama\u00e7lamaktad\u0131r.\u00a0<\/span><\/p><p class=\"translation-block\"><span style=\"font-weight: 400\"><strong>Misyonumuz<\/strong>: GREENPORT'ta misyonumuz, emisyonlar\u0131 azaltmak ve liman hizmetlerinde s\u00fcrd\u00fcr\u00fclebilir uygulamalar\u0131 te\u015fvik etmek maksad\u0131yla ileri d\u00fczey \u00e7\u00f6z\u00fcmler geli\u015ftirmek ve uygulamak amac\u0131yla sekt\u00f6rler aras\u0131 i\u015f birli\u011fi ve bilgi ak\u0131\u015f\u0131n\u0131 desteklemektir. Akademiyi, end\u00fcstriyi ve ara\u015ft\u0131rmay\u0131 bir araya getirerek, Avrupa'n\u0131n yenilik kapasitesini art\u0131rmay\u0131 ve iklim krizine \u00e7\u00f6z\u00fcm bulmaya katk\u0131da bulunmay\u0131 hedefliyoruz. <\/span><\/p>\t\t\t\t\t\t\t\t<\/div>\n\t\t\t\t<\/div>\n\t\t\t\t\t<\/div>\n\t\t<\/div>\n\t\t\t\t\t<\/div>\n\t\t<\/section>\n\t\t\t\t<\/div>","protected":false},"excerpt":{"rendered":"<p>GREENPORT Alliances is a pioneering collaboration dedicated to driving sustainability and innovation in the maritime port services sector. Bringing together a diverse consortium of European-level trade groupings, companies, higher education institutions, vocational training providers, and research entities, GREENPORT aims to address the pressing need for emissions reduction and behavioural change within port operations.\u00a0 Our mission:&hellip;&nbsp;<a href=\"https:\/\/greenportalliance.eu\/tr\/about-us\/\" class=\"\" rel=\"bookmark\">Daha fazlas\u0131n\u0131 oku &raquo;<span class=\"screen-reader-text\">Hakk\u0131m\u0131zda<\/span><\/a><\/p>","protected":false},"author":1,"featured_media":0,"parent":0,"menu_order":0,"comment_status":"closed","ping_status":"closed","template":"page-templates\/template-pagebuilder-full-width.php","meta":{"inline_featured_image":false,"neve_meta_sidebar":"","neve_meta_container":"","neve_meta_enable_content_width":"","neve_meta_content_width":0,"neve_meta_title_alignment":"","neve_meta_author_avatar":"","neve_post_elements_order":"","neve_meta_disable_header":"","neve_meta_disable_footer":"","neve_meta_disable_title":"","footnotes":""},"class_list":["post-128","page","type-page","status-publish","hentry"],"_links":{"self":[{"href":"https:\/\/greenportalliance.eu\/tr\/wp-json\/wp\/v2\/pages\/128","targetHints":{"allow":["GET"]}}],"collection":[{"href":"https:\/\/greenportalliance.eu\/tr\/wp-json\/wp\/v2\/pages"}],"about":[{"href":"https:\/\/greenportalliance.eu\/tr\/wp-json\/wp\/v2\/types\/page"}],"author":[{"embeddable":true,"href":"https:\/\/greenportalliance.eu\/tr\/wp-json\/wp\/v2\/users\/1"}],"replies":[{"embeddable":true,"href":"https:\/\/greenportalliance.eu\/tr\/wp-json\/wp\/v2\/comments?post=128"}],"version-history":[{"count":35,"href":"https:\/\/greenportalliance.eu\/tr\/wp-json\/wp\/v2\/pages\/128\/revisions"}],"predecessor-version":[{"id":1441,"href":"https:\/\/greenportalliance.eu\/tr\/wp-json\/wp\/v2\/pages\/128\/revisions\/1441"}],"wp:attachment":[{"href":"https:\/\/greenportalliance.eu\/tr\/wp-json\/wp\/v2\/media?parent=128"}],"curies":[{"name":"wp","href":"https:\/\/api.w.org\/{rel}","templated":true}]}}