{"id":159,"date":"2024-03-20T10:44:27","date_gmt":"2024-03-20T10:44:27","guid":{"rendered":"https:\/\/greenportalliance.eu\/?page_id=159"},"modified":"2024-04-02T14:51:35","modified_gmt":"2024-04-02T14:51:35","slug":"challenges-and-objectives","status":"publish","type":"page","link":"https:\/\/greenportalliance.eu\/tr\/challenges-and-objectives\/","title":{"rendered":"Zorluklar ve Hedefler"},"content":{"rendered":"<div data-elementor-type=\"wp-page\" data-elementor-id=\"159\" class=\"elementor elementor-159\">\n\t\t\t\t\t\t<section class=\"elementor-section elementor-top-section elementor-element elementor-element-3e1aab20 elementor-section-content-middle elementor-section-boxed elementor-section-height-default elementor-section-height-default\" data-id=\"3e1aab20\" data-element_type=\"section\" data-e-type=\"section\" data-settings=\"{&quot;background_background&quot;:&quot;classic&quot;}\">\n\t\t\t\t\t\t<div class=\"elementor-container elementor-column-gap-extended\">\n\t\t\t\t\t<div class=\"elementor-column elementor-col-100 elementor-top-column elementor-element elementor-element-54fc8dc7\" data-id=\"54fc8dc7\" data-element_type=\"column\" data-e-type=\"column\">\n\t\t\t<div class=\"elementor-widget-wrap elementor-element-populated\">\n\t\t\t\t\t\t<div class=\"elementor-element elementor-element-6109ef6f elementor-widget elementor-widget-text-editor\" data-id=\"6109ef6f\" data-element_type=\"widget\" data-e-type=\"widget\" data-widget_type=\"text-editor.default\">\n\t\t\t\t<div class=\"elementor-widget-container\">\n\t\t\t\t\t\t\t\t\t<p><span style=\"font-weight: 400;\"><strong>Zorluklar<\/strong>:  Liman hizmetleri sekt\u00f6r\u00fc emisyonlar\u0131 azaltma, s\u00fcrd\u00fcr\u00fclebilirli\u011fi te\u015fvik etme ve \u00e7evre d\u00fczenlemelerine uyum sa\u011flama konusunda \u00f6nemli zorluklarla kar\u015f\u0131 kar\u015f\u0131yad\u0131r. Ba\u015fl\u0131ca zorluklar aras\u0131nda liman operasyonlar\u0131 i\u00e7inde davran\u0131\u015f de\u011fi\u015fikli\u011fine ihtiya\u00e7 duyulmas\u0131, mevcut m\u00fcfredatlarda entegre ye\u015fil becerilerin olmamas\u0131 ve emisyonlar\u0131n \u00e7evre ve iklim \u00fczerindeki etkisini ele alma aciliyeti yer almaktad\u0131r.\u00a0<\/span><\/p><p><span style=\"font-weight: 400;\"><strong>Hedefler<\/strong>:\u00a0<\/span><\/p><ul><li><span style=\"font-weight: 400;\">Yenilik\u00e7i m\u00fcfredatlar geli\u015ftirmek: GREENPORT, ye\u015fil becerileri entegre eden ve liman hizmetlerinde s\u00fcrd\u00fcr\u00fclebilirli\u011fi te\u015fvik eden y\u00fcksek \u00f6\u011frenim ve mesleki e\u011fitim i\u00e7in yeni e\u011fitim materyalleri olu\u015fturmay\u0131 ama\u00e7lamaktad\u0131r.\u00a0<\/span><\/li><li style=\"font-weight: 400;\" aria-level=\"1\"><span style=\"font-weight: 400;\">Bilgi al\u0131\u015fveri\u015fini te\u015fvik etmek: GREENPORT, akademi, end\u00fcstri ve ara\u015ft\u0131rma kurulu\u015flar\u0131 aras\u0131ndaki i\u015f birli\u011fini kolayla\u015ft\u0131rarak emisyon azaltma ve s\u00fcrd\u00fcr\u00fclebilir liman operasyonlar\u0131nda bilgi ak\u0131\u015f\u0131n\u0131 ve en iyi uygulamalar\u0131 geli\u015ftirmeyi ama\u00e7lamaktad\u0131r.\u00a0<\/span><\/li><li style=\"font-weight: 400;\" aria-level=\"1\"><span style=\"font-weight: 400;\">Davran\u0131\u015f de\u011fi\u015fikli\u011fini y\u00f6nlendirmek: Hedeflenen e\u011fitim ve fark\u0131ndal\u0131k programlar\u0131 arac\u0131l\u0131\u011f\u0131yla GREENPORT, denizcilik sekt\u00f6r\u00fcnde s\u00fcrd\u00fcr\u00fclebilirlik ve \u00e7evresel sorumluluk k\u00fclt\u00fcr\u00fcn\u00fc a\u015f\u0131lamay\u0131 ama\u00e7lamaktad\u0131r.\u00a0<\/span><\/li><li style=\"font-weight: 400;\" aria-level=\"1\"><span style=\"font-weight: 400;\">Becerileri ve yetkinlikleri geli\u015ftirmek: Proje, liman hizmetleri personelini ye\u015fil ge\u00e7i\u015fi y\u00f6nlendirecek gerekli beceri ve yetkinliklerle donatmay\u0131 ve s\u00fcrd\u00fcr\u00fclebilir bir denizcilik sekt\u00f6r\u00fcn\u00fcn taleplerini kar\u015f\u0131lamay\u0131 ama\u00e7lamaktad\u0131r\u00a0<\/span><\/li><li style=\"font-weight: 400;\" aria-level=\"1\"><span style=\"font-weight: 400;\">Yenilik\u00e7ili\u011fi ve i\u015f birli\u011fini te\u015fvik etmek: GREENPORT, emisyon azalt\u0131m\u0131 ve s\u00fcrd\u00fcr\u00fclebilirli\u011fi etkili bir \u015fekilde ele almak i\u00e7in denizcilik sekt\u00f6r\u00fcndeki payda\u015flar aras\u0131nda yenilik ve i\u015f birli\u011fi k\u00fclt\u00fcr\u00fcn\u00fc te\u015fvik etmeyi hedeflemektedir.\u00a0<\/span><\/li><\/ul><p>\u00a0<\/p><p><span style=\"font-weight: 400;\">Zorluklar\u0131  a\u015farak, daha ye\u015fil ve s\u00fcrd\u00fcr\u00fclebilir bir liman hizmet sekt\u00f6r\u00fc i\u00e7in hedeflerimize ula\u015fma yolunda bize kat\u0131l\u0131n.<\/span><\/p>\t\t\t\t\t\t\t\t<\/div>\n\t\t\t\t<\/div>\n\t\t\t\t\t<\/div>\n\t\t<\/div>\n\t\t\t\t\t<\/div>\n\t\t<\/section>\n\t\t\t\t<\/div>","protected":false},"excerpt":{"rendered":"<p>Challenges: The maritime port services sector faces significant challenges in reducing emissions, promoting sustainability, and adapting to environmental regulations. Key challenges include the need for behavioural change within port operations, the lack of integrated green skills in existing curricula, and the urgency to address the impact of emissions on the environment and climate.\u00a0 Objectives:\u00a0 Develop&hellip;&nbsp;<a href=\"https:\/\/greenportalliance.eu\/tr\/challenges-and-objectives\/\" class=\"\" rel=\"bookmark\">Daha fazlas\u0131n\u0131 oku &raquo;<span class=\"screen-reader-text\">Zorluklar ve Hedefler<\/span><\/a><\/p>","protected":false},"author":1,"featured_media":0,"parent":0,"menu_order":0,"comment_status":"closed","ping_status":"closed","template":"page-templates\/template-pagebuilder-full-width.php","meta":{"inline_featured_image":false,"neve_meta_sidebar":"","neve_meta_container":"","neve_meta_enable_content_width":"","neve_meta_content_width":0,"neve_meta_title_alignment":"","neve_meta_author_avatar":"","neve_post_elements_order":"","neve_meta_disable_header":"","neve_meta_disable_footer":"","neve_meta_disable_title":"","footnotes":""},"class_list":["post-159","page","type-page","status-publish","hentry"],"_links":{"self":[{"href":"https:\/\/greenportalliance.eu\/tr\/wp-json\/wp\/v2\/pages\/159","targetHints":{"allow":["GET"]}}],"collection":[{"href":"https:\/\/greenportalliance.eu\/tr\/wp-json\/wp\/v2\/pages"}],"about":[{"href":"https:\/\/greenportalliance.eu\/tr\/wp-json\/wp\/v2\/types\/page"}],"author":[{"embeddable":true,"href":"https:\/\/greenportalliance.eu\/tr\/wp-json\/wp\/v2\/users\/1"}],"replies":[{"embeddable":true,"href":"https:\/\/greenportalliance.eu\/tr\/wp-json\/wp\/v2\/comments?post=159"}],"version-history":[{"count":37,"href":"https:\/\/greenportalliance.eu\/tr\/wp-json\/wp\/v2\/pages\/159\/revisions"}],"predecessor-version":[{"id":626,"href":"https:\/\/greenportalliance.eu\/tr\/wp-json\/wp\/v2\/pages\/159\/revisions\/626"}],"wp:attachment":[{"href":"https:\/\/greenportalliance.eu\/tr\/wp-json\/wp\/v2\/media?parent=159"}],"curies":[{"name":"wp","href":"https:\/\/api.w.org\/{rel}","templated":true}]}}