{"id":198,"date":"2024-03-20T10:51:02","date_gmt":"2024-03-20T10:51:02","guid":{"rendered":"https:\/\/greenportalliance.eu\/?page_id=198"},"modified":"2024-04-17T07:50:39","modified_gmt":"2024-04-17T07:50:39","slug":"work-packages","status":"publish","type":"page","link":"https:\/\/greenportalliance.eu\/tr\/work-packages\/","title":{"rendered":"\u0130\u015f Paketleri"},"content":{"rendered":"<div data-elementor-type=\"wp-page\" data-elementor-id=\"198\" class=\"elementor elementor-198\">\n\t\t\t\t\t\t<section class=\"elementor-section elementor-top-section elementor-element elementor-element-3e1aab20 elementor-section-content-middle elementor-section-boxed elementor-section-height-default elementor-section-height-default\" data-id=\"3e1aab20\" data-element_type=\"section\" data-e-type=\"section\" data-settings=\"{&quot;background_background&quot;:&quot;classic&quot;}\">\n\t\t\t\t\t\t<div class=\"elementor-container elementor-column-gap-extended\">\n\t\t\t\t\t<div class=\"elementor-column elementor-col-100 elementor-top-column elementor-element elementor-element-54fc8dc7\" data-id=\"54fc8dc7\" data-element_type=\"column\" data-e-type=\"column\">\n\t\t\t<div class=\"elementor-widget-wrap elementor-element-populated\">\n\t\t\t\t\t\t<div class=\"elementor-element elementor-element-6109ef6f elementor-widget elementor-widget-text-editor\" data-id=\"6109ef6f\" data-element_type=\"widget\" data-e-type=\"widget\" data-widget_type=\"text-editor.default\">\n\t\t\t\t<div class=\"elementor-widget-container\">\n\t\t\t\t\t\t\t\t\t<p><strong><i>\u0130P1: Proje Y\u00f6netimi ve Kalite G\u00fcvencesi<\/i><\/strong><\/p><p><span style=\"font-weight: 400;\">Ama\u00e7: Etkili proje y\u00f6netimi, koordinasyonu ve izleme faaliyetlerini sa\u011flamak.<\/span><\/p><p><span style=\"font-weight: 400;\">Faaliyetler:\u00a0<\/span><\/p><ul><li style=\"font-weight: 400;\" aria-level=\"1\"><span style=\"font-weight: 400;\">Proje toplant\u0131lar\u0131n\u0131 ve koordinasyon faaliyetlerini d\u00fczenlemek<\/span><\/li><li style=\"font-weight: 400;\" aria-level=\"1\"><span style=\"font-weight: 400;\">Proje ilerlemesini izlemek ve sonu\u00e7lar\u0131 de\u011ferlendirmek<\/span><\/li><li style=\"font-weight: 400;\" aria-level=\"1\"><span style=\"font-weight: 400;\">Mali konular\u0131 y\u00f6netmek ve raporlamak<\/span><\/li><li style=\"font-weight: 400;\" aria-level=\"1\"><span style=\"font-weight: 400;\">\u0130lerleme raporlar\u0131n\u0131 ve belgeleri haz\u0131rlamak\u00a0<\/span><\/li><\/ul><p>\u00a0<\/p><p><strong><i>\u0130P2: \u0130htiya\u00e7 Analizi ve Ticari Etmenler<\/i><\/strong><\/p><p><span style=\"font-weight: 400;\">Ama\u00e7: M\u00fcfredat geli\u015ftirme i\u00e7in veri ve bilgi toplamak amac\u0131yla sekt\u00f6r genelinde bir ihtiya\u00e7 analizi ger\u00e7ekle\u015ftirmek.<\/span><\/p><p><span style=\"font-weight: 400;\">Faaliyetler:\u00a0<\/span><\/p><ul><li style=\"font-weight: 400;\" aria-level=\"1\"><span style=\"font-weight: 400;\">Liman hizmetlerinde s\u00fcrd\u00fcr\u00fclebilirlik \u00fczerine veri toplamak<\/span><\/li><li style=\"font-weight: 400;\" aria-level=\"1\"><span style=\"font-weight: 400;\">Sekt\u00f6rdeki ve akademideki mevcut durumlar\u0131 analiz etmek\u00a0<\/span><\/li><li style=\"font-weight: 400;\" aria-level=\"1\"><span style=\"font-weight: 400;\">Mevcut e\u011fitim\/\u00f6\u011fretim programlar\u0131ndaki eksiklikleri belirlemek<\/span><\/li><li style=\"font-weight: 400;\" aria-level=\"1\"><span style=\"font-weight: 400;\">\u0130htiya\u00e7 Analizi Raporu haz\u0131rlamak\u00a0<\/span><\/li><\/ul><p>\u00a0<\/p><p><strong><i>\u0130P3: M\u00fcfredat Geli\u015ftirme i\u00e7in Ham Verilerin Analizi<\/i><\/strong><\/p><p><span style=\"font-weight: 400;\">Ama\u00e7: Y\u00fcksek\u00f6\u011fretim ve mesleki e\u011fitim i\u00e7in yenilik\u00e7i m\u00fcfredatlar geli\u015ftirmek.<\/span><\/p><p><span style=\"font-weight: 400;\">Faaliyetler:\u00a0<\/span><\/p><ul><li style=\"font-weight: 400;\" aria-level=\"1\"><span style=\"font-weight: 400;\">Her m\u00fcfredat mod\u00fcl\u00fc i\u00e7in \u00f6\u011frenme hedeflerini ve \u00e7\u0131kt\u0131lar\u0131 tan\u0131mlamak\u00a0<\/span><\/li><li style=\"font-weight: 400;\" aria-level=\"1\"><span style=\"font-weight: 400;\">M\u00fcfredat yap\u0131s\u0131n\u0131 ve i\u00e7eri\u011fini ihtiya\u00e7 analizi bulgular\u0131na dayal\u0131 olarak tasarlamak\u00a0<\/span><\/li><li style=\"font-weight: 400;\" aria-level=\"1\"><span style=\"font-weight: 400;\">M\u00fcfredata ye\u015fil beceriler ve s\u00fcrd\u00fcr\u00fclebilirlik ilkelerini dahil etmek<\/span><\/li><li style=\"font-weight: 400;\" aria-level=\"1\"><span style=\"font-weight: 400;\">M\u00fcfredat\u0131 sekt\u00f6r uzmanlar\u0131yla isti\u015fare ederek g\u00f6zden ge\u00e7irmek ve son haline getirmek<\/span><\/li><\/ul><p>\u00a0<\/p><p><i><span style=\"font-weight: 400;\"><strong>\u0130P4: E\u011fitim Materyali Geli\u015ftirme<\/strong>\u00a0<\/span><\/i><\/p><p><span style=\"font-weight: 400;\">Ama\u00e7: Geli\u015ftirilen m\u00fcfredatlar i\u00e7in ilgi \u00e7ekici ve interaktif \u00f6\u011frenme materyalleri olu\u015fturmak.\u00a0<\/span><\/p><p><span style=\"font-weight: 400;\">Faaliyetler:\u00a0<\/span><\/p><ul><li style=\"font-weight: 400;\" aria-level=\"1\"><span style=\"font-weight: 400;\">Multimedya i\u00e7erikleri, sunumlar ve vaka \u00e7al\u0131\u015fmalar\u0131 geli\u015ftirmek\u00a0<\/span><\/li><li style=\"font-weight: 400;\" aria-level=\"1\"><span style=\"font-weight: 400;\">Interaktif e-\u00f6\u011frenme mod\u00fclleri ve sim\u00fclasyonlar tasarlamak\u00a0<\/span><\/li><li style=\"font-weight: 400;\" aria-level=\"1\"><span style=\"font-weight: 400;\">Bilgi de\u011ferlendirmesi i\u00e7in \u00f6l\u00e7me ara\u00e7lar\u0131 ve al\u0131\u015ft\u0131rmalar olu\u015fturmak<\/span><\/li><li style=\"font-weight: 400;\" aria-level=\"1\"><span style=\"font-weight: 400;\">\u00d6\u011frenme materyallerinin m\u00fcfredat hedefleriyle uyumlu olmas\u0131n\u0131 sa\u011flamak\u00a0<\/span><\/li><\/ul><p>\u00a0<\/p><p><strong><i>\u0130P5: Pilot Uygulama, De\u011ferlendirme ve M\u00fcfredat Etki Analizi<\/i><\/strong><\/p><p><span style=\"font-weight: 400;\">Ama\u00e7: E\u011fitim programlar\u0131n\u0131 uygulamak ve etkinliklerini de\u011ferlendirmek.<\/span><\/p><p><span style=\"font-weight: 400;\">Faaliyetler:\u00a0<\/span><\/p><ul><li style=\"font-weight: 400;\" aria-level=\"1\"><span style=\"font-weight: 400;\">E\u011fitimciler, e\u011fitmenler ve \u00f6\u011freniciler i\u00e7in e\u011fitim oturumlar\u0131 d\u00fczenlemek<\/span><\/li><li style=\"font-weight: 400;\" aria-level=\"1\"><span style=\"font-weight: 400;\">E\u011fitim sonu\u00e7lar\u0131n\u0131 izlemek ve kat\u0131l\u0131mc\u0131lardan geri bildirim toplamak\u00a0<\/span><\/li><li style=\"font-weight: 400;\" aria-level=\"1\"><span style=\"font-weight: 400;\">\u0130yile\u015ftirme gerektiren alanlar\u0131 belirlemek ve gerekli d\u00fczenlemeleri yapmak<\/span><\/li><\/ul><p>\u00a0<\/p><p><strong><i>\u0130P6: Yayg\u0131nla\u015ft\u0131rma ve Etki\u00a0<\/i><\/strong><\/p><p><span style=\"font-weight: 400;\">Ama\u00e7: Proje sonu\u00e7lar\u0131n\u0131 tan\u0131tmak, s\u00fcrd\u00fcr\u00fclebilirli\u011fi sa\u011flamak ve bilgi al\u0131\u015fveri\u015fini te\u015fvik etmek.\u00a0<\/span><\/p><p><span style=\"font-weight: 400;\">Faaliyetler:\u00a0<\/span><\/p><ul><li style=\"font-weight: 400;\" aria-level=\"1\"><span style=\"font-weight: 400;\">Bir yayg\u0131nla\u015ft\u0131rma stratejisi ve ileti\u015fim plan\u0131 geli\u015ftirmek\u00a0<\/span><\/li><li style=\"font-weight: 400;\" aria-level=\"1\"><span style=\"font-weight: 400;\">Proje sonu\u00e7lar\u0131n\u0131 payla\u015fmak i\u00e7in at\u00f6lye \u00e7al\u0131\u015fmalar\u0131, web seminerleri ve konferanslar d\u00fczenlemek<\/span><\/li><li style=\"font-weight: 400;\" aria-level=\"1\"><span style=\"font-weight: 400;\">Uzun vadeli etki i\u00e7in ilgili payda\u015flarla ortakl\u0131klar kurmak\u00a0<\/span><\/li><li style=\"font-weight: 400;\" aria-level=\"1\"><span style=\"font-weight: 400;\">Proje sonu\u00e7lar\u0131n\u0131n finansman d\u00f6nemi sonras\u0131nda da s\u00fcrd\u00fcr\u00fclebilirli\u011fini izlemek.<\/span><\/li><\/ul>\t\t\t\t\t\t\t\t<\/div>\n\t\t\t\t<\/div>\n\t\t\t\t\t<\/div>\n\t\t<\/div>\n\t\t\t\t\t<\/div>\n\t\t<\/section>\n\t\t\t\t<\/div>","protected":false},"excerpt":{"rendered":"<p>WP1: Project Management and Quality Assurance Objective: Ensuring effective project management, coordination, and monitoring activities. Activities:\u00a0 Organise project meetings and coordination activities Monitor project progress and evaluate outcomes Manage financial aspects and reporting Prepare progress reports and documentation\u00a0 \u00a0 WP2: Needs analysis and Commercial Drivers Objective: Conduct an industry-wide needs analysis to gather data and&hellip;&nbsp;<a href=\"https:\/\/greenportalliance.eu\/tr\/work-packages\/\" class=\"\" rel=\"bookmark\">Daha fazlas\u0131n\u0131 oku &raquo;<span class=\"screen-reader-text\">\u0130\u015f Paketleri<\/span><\/a><\/p>","protected":false},"author":1,"featured_media":0,"parent":0,"menu_order":0,"comment_status":"closed","ping_status":"closed","template":"page-templates\/template-pagebuilder-full-width.php","meta":{"inline_featured_image":false,"neve_meta_sidebar":"","neve_meta_container":"","neve_meta_enable_content_width":"","neve_meta_content_width":0,"neve_meta_title_alignment":"","neve_meta_author_avatar":"","neve_post_elements_order":"","neve_meta_disable_header":"","neve_meta_disable_footer":"","neve_meta_disable_title":"","footnotes":""},"class_list":["post-198","page","type-page","status-publish","hentry"],"_links":{"self":[{"href":"https:\/\/greenportalliance.eu\/tr\/wp-json\/wp\/v2\/pages\/198","targetHints":{"allow":["GET"]}}],"collection":[{"href":"https:\/\/greenportalliance.eu\/tr\/wp-json\/wp\/v2\/pages"}],"about":[{"href":"https:\/\/greenportalliance.eu\/tr\/wp-json\/wp\/v2\/types\/page"}],"author":[{"embeddable":true,"href":"https:\/\/greenportalliance.eu\/tr\/wp-json\/wp\/v2\/users\/1"}],"replies":[{"embeddable":true,"href":"https:\/\/greenportalliance.eu\/tr\/wp-json\/wp\/v2\/comments?post=198"}],"version-history":[{"count":22,"href":"https:\/\/greenportalliance.eu\/tr\/wp-json\/wp\/v2\/pages\/198\/revisions"}],"predecessor-version":[{"id":713,"href":"https:\/\/greenportalliance.eu\/tr\/wp-json\/wp\/v2\/pages\/198\/revisions\/713"}],"wp:attachment":[{"href":"https:\/\/greenportalliance.eu\/tr\/wp-json\/wp\/v2\/media?parent=198"}],"curies":[{"name":"wp","href":"https:\/\/api.w.org\/{rel}","templated":true}]}}