{"id":222,"date":"2024-03-20T10:57:00","date_gmt":"2024-03-20T10:57:00","guid":{"rendered":"https:\/\/greenportalliance.eu\/?page_id=222"},"modified":"2024-04-02T14:56:50","modified_gmt":"2024-04-02T14:56:50","slug":"funding-scheme","status":"publish","type":"page","link":"https:\/\/greenportalliance.eu\/tr\/funding-scheme\/","title":{"rendered":"Hibe Program\u0131"},"content":{"rendered":"<div data-elementor-type=\"wp-page\" data-elementor-id=\"222\" class=\"elementor elementor-222\">\n\t\t\t\t\t\t<section class=\"elementor-section elementor-top-section elementor-element elementor-element-3e1aab20 elementor-section-content-middle elementor-section-boxed elementor-section-height-default elementor-section-height-default\" data-id=\"3e1aab20\" data-element_type=\"section\" data-e-type=\"section\" data-settings=\"{&quot;background_background&quot;:&quot;classic&quot;}\">\n\t\t\t\t\t\t<div class=\"elementor-container elementor-column-gap-extended\">\n\t\t\t\t\t<div class=\"elementor-column elementor-col-100 elementor-top-column elementor-element elementor-element-54fc8dc7\" data-id=\"54fc8dc7\" data-element_type=\"column\" data-e-type=\"column\">\n\t\t\t<div class=\"elementor-widget-wrap elementor-element-populated\">\n\t\t\t\t\t\t<div class=\"elementor-element elementor-element-6109ef6f elementor-widget elementor-widget-text-editor\" data-id=\"6109ef6f\" data-element_type=\"widget\" data-e-type=\"widget\" data-widget_type=\"text-editor.default\">\n\t\t\t\t<div class=\"elementor-widget-container\">\n\t\t\t\t\t\t\t\t\t<p class=\"translation-block\"><span style=\"font-weight: 400\">GREENPORT Alliances projesi, Avrupa Birli\u011fi'nin (AB) e\u011fitim, \u00f6\u011fretim, gen\u00e7lik ve spor program\u0131 olan <strong>Erasmus+<\/strong> <strong>Programme<\/strong> kapsam\u0131nda finanse edilmektedir. Erasmus+, e\u011fitim sistemlerini modernize etme ve iyile\u015ftirme, ya\u015fam boyu \u00f6\u011frenmeyi te\u015fvik etme ve e\u011fitim ve \u00f6\u011fretim alan\u0131nda uluslararas\u0131 i\u015fbirli\u011fini geli\u015ftirme amac\u0131 g\u00fcden projeleri ve faaliyetleri destekler.<\/span><\/p><p><span style=\"font-weight: 400;\">GREENPORT Alliances projesi,\u00f6zellikle denizcilik sekt\u00f6r\u00fcnde s\u00fcrd\u00fcr\u00fclebilirlik, yenilik\u00e7ilik ve beceri geli\u015ftirme ile ilgili olanlar olmak \u00fczere AB'nin \u00e7e\u015fitli stratejik hedefleriyle uyumludur. Projenin uyumlu oldu\u011fu AB stratejik hedefleri \u015funlard\u0131r:\u00a0<\/span><\/p><ul><li style=\"font-weight: 400;\" aria-level=\"1\"><span style=\"font-weight: 400;\">Ye\u015fil Mutabakat ve \u0130klim N\u00f6trl\u00fc\u011f\u00fc: Proje, denizcilik sekt\u00f6r\u00fcnde s\u00fcrd\u00fcr\u00fclebilir uygulamalar\u0131 te\u015fvik ederek, emisyonlar\u0131 azaltarak ve d\u00f6ng\u00fcsel ekonomi yakla\u015f\u0131m\u0131n\u0131 destekleyerek AB'nin Ye\u015fil Mutabakat hedeflerine katk\u0131da bulunmaktad\u0131r.\u00a0<\/span><\/li><li style=\"font-weight: 400;\" aria-level=\"1\"><span style=\"font-weight: 400;\">Ak\u0131ll\u0131 ve S\u00fcrd\u00fcr\u00fclebilir Hareketlilik: Liman hizmetlerinde s\u00fcrd\u00fcr\u00fclebilir ve ak\u0131ll\u0131 uygulamalara odaklanarak, proje AB'nin ula\u015f\u0131m emisyonlar\u0131n\u0131 azaltma ve \u00e7evre dostu ula\u015f\u0131m \u00e7\u00f6z\u00fcmlerini te\u015fvik etme hedefine destek vermektedir.\u00a0<\/span><\/li><li style=\"font-weight: 400;\" aria-level=\"1\"><span style=\"font-weight: 400;\">Beceri Geli\u015ftirme ve E\u011fitim: Proje, liman hizmet sa\u011flay\u0131c\u0131lar\u0131 i\u00e7in yeni m\u00fcfredatlar ve e\u011fitim programlar\u0131 geli\u015ftirmeyi ama\u00e7lamakta olup, AB'nin beceri geli\u015fimini art\u0131rma, ya\u015fam boyu \u00f6\u011frenmeyi te\u015fvik etme ve e\u011fitim ve \u00f6\u011fretim kalitesini iyile\u015ftirme hedefleriyle uyumludur.\u00a0<\/span><\/li><li style=\"font-weight: 400;\" aria-level=\"1\"><span style=\"font-weight: 400;\">\u0130novasyon ve Ara\u015ft\u0131rma: Yeni \u00f6\u011frenme \u00e7\u00f6z\u00fcmlerinin geli\u015ftirilmesi ve s\u00fcrd\u00fcr\u00fclebilir uygulamalar\u0131n entegrasyonu arac\u0131l\u0131\u011f\u0131yla, proje denizcilik sekt\u00f6r\u00fcnde yenili\u011fi te\u015fvik etmeye ve s\u00fcrd\u00fcr\u00fclebilir ta\u015f\u0131mac\u0131l\u0131k ile ilgili ara\u015ft\u0131rma faaliyetlerini desteklemeye katk\u0131da bulunmaktad\u0131r.\u00a0<\/span><\/li><\/ul><p>\u00a0<\/p><p><span style=\"font-weight: 400;\">GREENPORT Alliances projesinin hedefleri ve faaliyetleri, \u00e7e\u015fitli AB stratejik \u00e7er\u00e7evelerinde ve giri\u015fimlerinde belirtildi\u011fi gibi, denizcilik sekt\u00f6r\u00fcnde s\u00fcrd\u00fcr\u00fclebilirli\u011fi, inovasyonu ve beceri geli\u015fimini te\u015fvik etme konusundaki AB'nin daha geni\u015f hedefleriyle uyumludur.<\/span><\/p>\t\t\t\t\t\t\t\t<\/div>\n\t\t\t\t<\/div>\n\t\t\t\t\t<\/div>\n\t\t<\/div>\n\t\t\t\t\t<\/div>\n\t\t<\/section>\n\t\t\t\t<\/div>","protected":false},"excerpt":{"rendered":"<p>The GREENPORT Alliances project is funded under the Erasmus+ Programme, which is the European Union\u2019s programme for education, training, youth, and sport. Erasmus+ supports projects and activities aimed at modernising and improving education systems, promoting lifelong learning, and fostering international cooperation in the field of education and training.\u00a0 The GREENPORT Alliances project aligns with several&hellip;&nbsp;<a href=\"https:\/\/greenportalliance.eu\/tr\/funding-scheme\/\" class=\"\" rel=\"bookmark\">Daha fazlas\u0131n\u0131 oku &raquo;<span class=\"screen-reader-text\">Hibe Program\u0131<\/span><\/a><\/p>","protected":false},"author":1,"featured_media":0,"parent":0,"menu_order":0,"comment_status":"closed","ping_status":"closed","template":"page-templates\/template-pagebuilder-full-width.php","meta":{"inline_featured_image":false,"neve_meta_sidebar":"","neve_meta_container":"","neve_meta_enable_content_width":"","neve_meta_content_width":0,"neve_meta_title_alignment":"","neve_meta_author_avatar":"","neve_post_elements_order":"","neve_meta_disable_header":"","neve_meta_disable_footer":"","neve_meta_disable_title":"","footnotes":""},"class_list":["post-222","page","type-page","status-publish","hentry"],"_links":{"self":[{"href":"https:\/\/greenportalliance.eu\/tr\/wp-json\/wp\/v2\/pages\/222","targetHints":{"allow":["GET"]}}],"collection":[{"href":"https:\/\/greenportalliance.eu\/tr\/wp-json\/wp\/v2\/pages"}],"about":[{"href":"https:\/\/greenportalliance.eu\/tr\/wp-json\/wp\/v2\/types\/page"}],"author":[{"embeddable":true,"href":"https:\/\/greenportalliance.eu\/tr\/wp-json\/wp\/v2\/users\/1"}],"replies":[{"embeddable":true,"href":"https:\/\/greenportalliance.eu\/tr\/wp-json\/wp\/v2\/comments?post=222"}],"version-history":[{"count":19,"href":"https:\/\/greenportalliance.eu\/tr\/wp-json\/wp\/v2\/pages\/222\/revisions"}],"predecessor-version":[{"id":674,"href":"https:\/\/greenportalliance.eu\/tr\/wp-json\/wp\/v2\/pages\/222\/revisions\/674"}],"wp:attachment":[{"href":"https:\/\/greenportalliance.eu\/tr\/wp-json\/wp\/v2\/media?parent=222"}],"curies":[{"name":"wp","href":"https:\/\/api.w.org\/{rel}","templated":true}]}}