{"id":290,"date":"2024-03-20T11:14:49","date_gmt":"2024-03-20T11:14:49","guid":{"rendered":"https:\/\/greenportalliance.eu\/?page_id=290"},"modified":"2024-03-20T11:14:49","modified_gmt":"2024-03-20T11:14:49","slug":"student-registration","status":"publish","type":"page","link":"https:\/\/greenportalliance.eu\/tr\/student-registration\/","title":{"rendered":"Student Registration"},"content":{"rendered":"<div id=\"tutor-registration-wrap\">\n\n\t\t\t\t<script src=\"https:\/\/www.google.com\/recaptcha\/api.js?render=6LeH0mcsAAAAAHX2-uz9rNEt8jS2CrRjq3pudX5E\"><\/script>\n\t\t<form method=\"post\" enctype=\"multipart\/form-data\" id=\"tutor-registration-form\" action=\"\">\n\t\t\t<input type=\"hidden\" name=\"tutor_course_enroll_attempt\" value=\"\">\n\t\t\t\n\t\t\t<input type=\"hidden\" id=\"_tutor_nonce\" name=\"_tutor_nonce\" value=\"661465faff\" \/><input type=\"hidden\" name=\"_wp_http_referer\" value=\"\/tr\/wp-json\/wp\/v2\/pages\/290\" \/>\t\t\t<input type=\"hidden\" value=\"tutor_register_student\" name=\"tutor_action\" \/>\n\n\t\t\t\n\t\t\t<div class=\"tutor-form-row\">\n\t\t\t\t<div class=\"tutor-form-col-6\">\n\t\t\t\t\t<div class=\"tutor-form-group\">\n\t\t\t\t\t\t<label>\n\t\t\t\t\t\t\tAd\u0131\t\t\t\t\t\t<\/label>\n\n\t\t\t\t\t\t<input type=\"text\" name=\"first_name\" value=\"\" placeholder=\"Ad\u0131\" required autocomplete=\"given-name\">\n\t\t\t\t\t<\/div>\n\t\t\t\t<\/div>\n\n\t\t\t\t<div class=\"tutor-form-col-6\">\n\t\t\t\t\t<div class=\"tutor-form-group\">\n\t\t\t\t\t\t<label>\n\t\t\t\t\t\t\tSoyad\u0131\t\t\t\t\t\t<\/label>\n\n\t\t\t\t\t\t<input type=\"text\" name=\"last_name\" value=\"\" placeholder=\"Soyad\u0131\" required autocomplete=\"family-name\">\n\t\t\t\t\t<\/div>\n\t\t\t\t<\/div>\n\n\t\t\t<\/div>\n\n\t\t\t<div class=\"tutor-form-row\">\n\t\t\t\t<div class=\"tutor-form-col-6\">\n\t\t\t\t\t<div class=\"tutor-form-group\">\n\t\t\t\t\t\t<label>\n\t\t\t\t\t\t\tKullan\u0131c\u0131 Ad\u0131\t\t\t\t\t\t<\/label>\n\n\t\t\t\t\t\t<input type=\"text\" name=\"user_login\" class=\"tutor_user_name\" value=\"\" placeholder=\"Kullan\u0131c\u0131 Ad\u0131\" required autocomplete=\"username\">\n\t\t\t\t\t<\/div>\n\t\t\t\t<\/div>\n\n\t\t\t\t<div class=\"tutor-form-col-6\">\n\t\t\t\t\t<div class=\"tutor-form-group\">\n\t\t\t\t\t\t<label>\n\t\t\t\t\t\t\tE-Posta\t\t\t\t\t\t<\/label>\n\n\t\t\t\t\t\t<input type=\"text\" name=\"email\" value=\"\" placeholder=\"E-Posta\" required autocomplete=\"email\">\n\t\t\t\t\t<\/div>\n\t\t\t\t<\/div>\n\n\t\t\t<\/div>\n\n\t\t\t<div class=\"tutor-form-row\">\n\t\t\t\t<div class=\"tutor-form-col-6\">\n\t\t\t\t\t<div class=\"tutor-form-group\">\n\t\t\t\t\t\t<div class=\"tutor-password-strength-checker\">\n\t\t\t\t\t\t\t<div class=\"tutor-password-field\">\n\t\t\t\t\t\t\t\t<label>\n\t\t\t\t\t\t\t\t\t\u015eifre\t\t\t\t\t\t\t\t<\/label>\n\n\t\t\t\t\t\t\t\t<input class=\"password-checker\" id=\"tutor-new-password\" type=\"password\" name=\"password\" value=\"\" placeholder=\"\u015eifre\" required autocomplete=\"new-password\" style=\"margin-bottom: 0;\">\n\t\t\t\t\t\t\t\t<span class=\"show-hide-btn\"><\/span>\n\t\t\t\t\t\t\t<\/div>\n\n\t\t\t\t\t\t\t<div class=\"tutor-password-strength-hint\">\n\t\t\t\t\t\t\t\t<div class=\"indicator\">\n\t\t\t\t\t\t\t\t\t<span class=\"weak\"><\/span>\n\t\t\t\t\t\t\t\t\t<span class=\"medium\"><\/span>\n\t\t\t\t\t\t\t\t\t<span class=\"strong\"><\/span>\n\t\t\t\t\t\t\t\t<\/div>\n\t\t\t\t\t\t\t\t<div class=\"text tutor-fs-7 tutor-color-muted\"><\/div>\n\t\t\t\t\t\t\t<\/div>\n\t\t\t\t\t\t<\/div>\n\t\t\t\t\t<\/div>\n\t\t\t\t<\/div>\n\n\t\t\t\t<div class=\"tutor-form-col-6\">\n\t\t\t\t\t<div class=\"tutor-form-group\">\n\t\t\t\t\t\t<label>\n\t\t\t\t\t\t\tParola Do\u011frulama\t\t\t\t\t\t<\/label>\n\n\t\t\t\t\t\t<div class=\"tutor-form-wrap\">\n\t\t\t\t\t\t\t<span class=\"tutor-validation-icon tutor-icon-mark tutor-color-success tutor-form-icon tutor-form-icon-reverse\" style=\"display: none;\"><\/span>\n\t\t\t\t\t\t\t<input type=\"password\" name=\"password_confirmation\" value=\"\" placeholder=\"\u015eifre Do\u011frulama\" required autocomplete=\"new-password\" style=\"margin-bottom: 0;\">\n\t\t\t\t\t\t<\/div>\n\t\t\t\t\t<\/div>\n\t\t\t\t<\/div>\n\t\t\t<\/div>\n\n\n\t\t\t<div class=\"tutor-form-row\">\n\t\t\t\t<div class=\"tutor-form-col-12\">\n\t\t\t\t\t<div class=\"tutor-form-group\">\n\t\t\t\t\t\t\t\t\t\t\t<\/div>\n\t\t\t\t<\/div>\n\t\t\t<\/div>\n\n\t\t\t<div class=\"tutor-form-row\">\n\t\t\t\t<div class=\"tutor-form-col-12\">\n\t\t\t\t\t<div class=\"tutor-form-group\">\n\t\t\t\t\t\t<label>\n\t\t\t\t\t\t\tCompany or Entity\t\t\t\t\t\t<\/label>\n\t\t\t\t\t\t<input type=\"text\" name=\"company_entity\" value=\"\" placeholder=\"Company or Entity\" required>\n\t\t\t\t\t<\/div>\n\t\t\t\t<\/div>\n\t\t\t<\/div>\n\n\t\t\t<div class=\"tutor-form-group\">\n\t\t\t\t<label class=\"required\">Category<\/label>\n\t\t\t\t<select class=\"tutor-form-select\" name=\"user_type\" required>\n\t\t\t\t\t<option value=\"\" disabled selected>Please Select a Category<\/option>\n\t\t\t\t\t<option value=\"Teacher\">Teacher<\/option>\n\t\t\t\t\t<option value=\"Pilot\">Pilot<\/option>\n\t\t\t\t\t<option value=\"Tug Crew\">Tug Crew<\/option>\n\t\t\t\t\t<option value=\"Port Operator\">Port Operator<\/option>\n\t\t\t\t\t<option value=\"Student\">Student<\/option>\n\t\t\t\t\t<option value=\"Other\">Other<\/option>\n\t\t\t\t<\/select>\n\t\t\t<\/div>\n\n\t\t\t<div class=\"tutor-form-group\">\n\t\t\t\t<label class=\"not-required\">How did you get to know about this Course?<\/label>\n\t\t\t\t<input type=\"text\" name=\"course_know\">\n\t\t\t<\/div>\n\n\t\t\t<div class=\"tutor-form-group tutor-mb-24\">\n\t\t\t\t<div class=\"tutor-form-check\">\n\t\t\t\t\t<input id=\"tutor_gdpr_consent\" type=\"checkbox\" name=\"gdpr_consent\" class=\"tutor-form-check-input\" required>\n\t\t\t\t\t<label for=\"tutor_gdpr_consent\" class=\"tutor-form-check-label\">\n\t\t\t\t\t\tBy checking this box, I accept the <a href=\"https:\/\/greenportalliance.eu\/tr\/gdpr-policy\/\" target=\"_blank\">GDPR Politikas\u0131<\/a>.\n\t\t\t\t\t<\/label>\n\t\t\t\t<\/div>\n\t\t\t<\/div>\n\t\t\t\t\t\t\t\t\t\n\t\t\t<div>\n\t\t\t\t<button type=\"submit\" name=\"tutor_register_student_btn\" value=\"register\" class=\"g-recaptcha tutor-btn tutor-btn-primary tutor-btn-block\" data-sitekey=\"6LeH0mcsAAAAAHX2-uz9rNEt8jS2CrRjq3pudX5E\" data-callback='onSubmit' data-action='submit'>Kay\u0131t Ol<\/button>\n\t\t\t<\/div>\n\t\t\t\n\t\t<input type=\"hidden\" name=\"trp-form-language\" value=\"tr\"\/><\/form>\n\t\t<script>\n\t\t\twindow.onSubmit = function(token) {\n\t\t\t\tvar form = document.getElementById(\"tutor-registration-form\");\n\t\t\t\tif (form.checkValidity()) {\n\t\t\t\t\tform.submit();\n\t\t\t\t} else {\n\t\t\t\t\tform.reportValidity();\n\t\t\t\t}\n\t\t\t};\n\t\t<\/script>\n\t\t\n\t<\/div>","protected":false},"excerpt":{"rendered":"<p>Ad\u0131 Soyad\u0131 Kullan\u0131c\u0131 Ad\u0131 E-Posta \u015eifre Parola Do\u011frulama Company or Entity Category Please Select a Category Teacher Pilot Tug Crew Port Operator Student Other How did you get to know about this Course? By checking this box, I accept the GDPR Policy. Kay\u0131t Ol<\/p>","protected":false},"author":1,"featured_media":0,"parent":0,"menu_order":0,"comment_status":"closed","ping_status":"closed","template":"","meta":{"inline_featured_image":false,"neve_meta_sidebar":"","neve_meta_container":"","neve_meta_enable_content_width":"","neve_meta_content_width":0,"neve_meta_title_alignment":"","neve_meta_author_avatar":"","neve_post_elements_order":"","neve_meta_disable_header":"","neve_meta_disable_footer":"","neve_meta_disable_title":"","footnotes":""},"class_list":["post-290","page","type-page","status-publish","hentry"],"_links":{"self":[{"href":"https:\/\/greenportalliance.eu\/tr\/wp-json\/wp\/v2\/pages\/290","targetHints":{"allow":["GET"]}}],"collection":[{"href":"https:\/\/greenportalliance.eu\/tr\/wp-json\/wp\/v2\/pages"}],"about":[{"href":"https:\/\/greenportalliance.eu\/tr\/wp-json\/wp\/v2\/types\/page"}],"author":[{"embeddable":true,"href":"https:\/\/greenportalliance.eu\/tr\/wp-json\/wp\/v2\/users\/1"}],"replies":[{"embeddable":true,"href":"https:\/\/greenportalliance.eu\/tr\/wp-json\/wp\/v2\/comments?post=290"}],"version-history":[{"count":0,"href":"https:\/\/greenportalliance.eu\/tr\/wp-json\/wp\/v2\/pages\/290\/revisions"}],"wp:attachment":[{"href":"https:\/\/greenportalliance.eu\/tr\/wp-json\/wp\/v2\/media?parent=290"}],"curies":[{"name":"wp","href":"https:\/\/api.w.org\/{rel}","templated":true}]}}