{"id":294,"date":"2024-03-20T11:27:24","date_gmt":"2024-03-20T11:27:24","guid":{"rendered":"https:\/\/greenportalliance.eu\/?page_id=294"},"modified":"2024-04-02T14:56:55","modified_gmt":"2024-04-02T14:56:55","slug":"for-higher-education","status":"publish","type":"page","link":"https:\/\/greenportalliance.eu\/tr\/for-higher-education\/","title":{"rendered":"Y\u00fcksek \u00d6\u011frenim \u0130\u00e7in"},"content":{"rendered":"<div data-elementor-type=\"wp-page\" data-elementor-id=\"294\" class=\"elementor elementor-294\">\n\t\t\t\t\t\t<section class=\"elementor-section elementor-top-section elementor-element elementor-element-3e1aab20 elementor-section-content-middle elementor-section-boxed elementor-section-height-default elementor-section-height-default\" data-id=\"3e1aab20\" data-element_type=\"section\" data-e-type=\"section\" data-settings=\"{&quot;background_background&quot;:&quot;classic&quot;}\">\n\t\t\t\t\t\t<div class=\"elementor-container elementor-column-gap-extended\">\n\t\t\t\t\t<div class=\"elementor-column elementor-col-100 elementor-top-column elementor-element elementor-element-54fc8dc7\" data-id=\"54fc8dc7\" data-element_type=\"column\" data-e-type=\"column\">\n\t\t\t<div class=\"elementor-widget-wrap elementor-element-populated\">\n\t\t\t\t\t\t<div class=\"elementor-element elementor-element-6109ef6f elementor-widget elementor-widget-text-editor\" data-id=\"6109ef6f\" data-element_type=\"widget\" data-e-type=\"widget\" data-widget_type=\"text-editor.default\">\n\t\t\t\t<div class=\"elementor-widget-container\">\n\t\t\t\t\t\t\t\t\t<p><span style=\"font-weight: 400;\">GREENPORT \u00d6\u011frenme metodolojisi, y\u00fcksek\u00f6\u011fretim kurumlar\u0131nda s\u00fcrd\u00fcr\u00fclebilir uygulamalar\u0131, emisyon azaltma stratejilerini ve ye\u015fil teknolojileri denizcilik \u00e7al\u0131\u015fmalar\u0131 programlar\u0131na sorunsuz bir \u015fekilde entegre etmeye odaklan\u0131r. \u00d6\u011frenciler, liman hizmetlerinde s\u00fcrd\u00fcr\u00fclebilirlik zorluklar\u0131yla ba\u015fa \u00e7\u0131kmak i\u00e7in yetkinlikler geli\u015ftirmek amac\u0131yla uygulamal\u0131 deneyimler ve ger\u00e7ek d\u00fcnya projeleri arac\u0131l\u0131\u011f\u0131yla pratik uygulamalarda bulunurlar.\u00a0<\/span><\/p><p><span style=\"font-weight: 400;\">Sekt\u00f6r ortaklar\u0131yla yap\u0131lan i\u015fbirli\u011fi, m\u00fcfredatlar\u0131n en son trendleri yans\u0131tmas\u0131n\u0131 sa\u011flar ve network olu\u015fturma f\u0131rsatlar\u0131 sunar. S\u00fcrekli de\u011ferlendirme ve geri bildirim mekanizmalar\u0131, metodolojinin etkinli\u011fini art\u0131r\u0131r. Yenili\u011fi te\u015fvik ederek, disiplinler aras\u0131 yakla\u015f\u0131mlar\u0131, profesyonel geli\u015fimi ve network olu\u015fturma f\u0131rsatlar\u0131n\u0131 destekleyerek, metodoloji \u00f6\u011frencileri denizcilik sekt\u00f6r\u00fcnde olumlu de\u011fi\u015fim yaratmak ve daha s\u00fcrd\u00fcr\u00fclebilir bir gelece\u011fe katk\u0131da bulunmak i\u00e7in haz\u0131rlar. <\/span><\/p>\t\t\t\t\t\t\t\t<\/div>\n\t\t\t\t<\/div>\n\t\t\t\t\t<\/div>\n\t\t<\/div>\n\t\t\t\t\t<\/div>\n\t\t<\/section>\n\t\t\t\t<\/div>","protected":false},"excerpt":{"rendered":"<p>The GREENPORT Learning methodology for higher education institutions focuses on seamlessly integrating sustainable practices, emissions reduction strategies, and green technologies into maritime studies programmes. Students engage in practical applications through hands-on experiences and real-world projects to develop competencies for addressing sustainability challenges in port services.\u00a0 Collaboration with industry partners ensures that curricula reflect the latest&hellip;&nbsp;<a href=\"https:\/\/greenportalliance.eu\/tr\/for-higher-education\/\" class=\"\" rel=\"bookmark\">Daha fazlas\u0131n\u0131 oku &raquo;<span class=\"screen-reader-text\">Y\u00fcksek \u00d6\u011frenim \u0130\u00e7in<\/span><\/a><\/p>","protected":false},"author":1,"featured_media":0,"parent":0,"menu_order":0,"comment_status":"closed","ping_status":"closed","template":"page-templates\/template-pagebuilder-full-width.php","meta":{"inline_featured_image":false,"neve_meta_sidebar":"","neve_meta_container":"","neve_meta_enable_content_width":"","neve_meta_content_width":0,"neve_meta_title_alignment":"","neve_meta_author_avatar":"","neve_post_elements_order":"","neve_meta_disable_header":"","neve_meta_disable_footer":"","neve_meta_disable_title":"","footnotes":""},"class_list":["post-294","page","type-page","status-publish","hentry"],"_links":{"self":[{"href":"https:\/\/greenportalliance.eu\/tr\/wp-json\/wp\/v2\/pages\/294","targetHints":{"allow":["GET"]}}],"collection":[{"href":"https:\/\/greenportalliance.eu\/tr\/wp-json\/wp\/v2\/pages"}],"about":[{"href":"https:\/\/greenportalliance.eu\/tr\/wp-json\/wp\/v2\/types\/page"}],"author":[{"embeddable":true,"href":"https:\/\/greenportalliance.eu\/tr\/wp-json\/wp\/v2\/users\/1"}],"replies":[{"embeddable":true,"href":"https:\/\/greenportalliance.eu\/tr\/wp-json\/wp\/v2\/comments?post=294"}],"version-history":[{"count":19,"href":"https:\/\/greenportalliance.eu\/tr\/wp-json\/wp\/v2\/pages\/294\/revisions"}],"predecessor-version":[{"id":677,"href":"https:\/\/greenportalliance.eu\/tr\/wp-json\/wp\/v2\/pages\/294\/revisions\/677"}],"wp:attachment":[{"href":"https:\/\/greenportalliance.eu\/tr\/wp-json\/wp\/v2\/media?parent=294"}],"curies":[{"name":"wp","href":"https:\/\/api.w.org\/{rel}","templated":true}]}}