{"id":310,"date":"2024-03-20T11:30:48","date_gmt":"2024-03-20T11:30:48","guid":{"rendered":"https:\/\/greenportalliance.eu\/?page_id=310"},"modified":"2024-04-23T09:12:04","modified_gmt":"2024-04-23T09:12:04","slug":"events","status":"publish","type":"page","link":"https:\/\/greenportalliance.eu\/tr\/events\/","title":{"rendered":"Etkinlikler"},"content":{"rendered":"<div data-elementor-type=\"wp-page\" data-elementor-id=\"310\" class=\"elementor elementor-310\">\n\t\t\t\t\t\t<section class=\"elementor-section elementor-top-section elementor-element elementor-element-3e1aab20 elementor-section-content-middle elementor-section-boxed elementor-section-height-default elementor-section-height-default\" data-id=\"3e1aab20\" data-element_type=\"section\" data-e-type=\"section\" data-settings=\"{&quot;background_background&quot;:&quot;classic&quot;}\">\n\t\t\t\t\t\t<div class=\"elementor-container elementor-column-gap-extended\">\n\t\t\t\t\t<div class=\"elementor-column elementor-col-100 elementor-top-column elementor-element elementor-element-54fc8dc7\" data-id=\"54fc8dc7\" data-element_type=\"column\" data-e-type=\"column\">\n\t\t\t<div class=\"elementor-widget-wrap elementor-element-populated\">\n\t\t\t\t\t\t<div class=\"elementor-element elementor-element-6109ef6f elementor-widget elementor-widget-text-editor\" data-id=\"6109ef6f\" data-element_type=\"widget\" data-e-type=\"widget\" data-widget_type=\"text-editor.default\">\n\t\t\t\t<div class=\"elementor-widget-container\">\n\t\t\t\t\t\t\t\t\t<p class=\"translation-block\">Ba\u015flang\u0131\u00e7 \u200b\u200bToplant\u0131s\u0131 ve Payda\u015flar Konferans\u0131, Piri Reis \u00dcniversitesi taraf\u0131ndan\u00a0<strong>28-29 \u015eubat 2024<\/strong> tarihlerinde d\u00fczenlendi. Payda\u015flar Konferans\u0131, projenin ilk kilometre ta\u015f\u0131n\u0131 olu\u015fturup\ndenizcilik sekt\u00f6r\u00fc ve e\u011fitim kurumlar\u0131ndan olu\u015fan \u00f6nemli payda\u015flar\u0131n kat\u0131l\u0131m\u0131na tan\u0131kl\u0131k etti.<\/p><p>Etkinlik s\u0131ras\u0131nda, proje ortaklar\u0131n\u0131n proje s\u00fcresi boyunca \u00fcstlenecekleri roller ve sorumluluklar a\u00e7\u0131kland\u0131.\nSanmar Tersaneleri, T\u00fcrk Gemi \u0130n\u015fa Sanayicileri Derne\u011fi ve T\u00fcrk K\u0131lavuz Kaptanlar Derne\u011fi gibi T\u00fcrk denizcilik sekt\u00f6r\u00fcnden temsilciler konferansa aktif olarak kat\u0131ld\u0131.\nTurkon Line ve GISA\u0218 temsilcileri taraf\u0131ndan yap\u0131lan sunumlar arac\u0131l\u0131\u011f\u0131yla sekt\u00f6rde karbon emisyonlar\u0131n\u0131 azaltmaya y\u00f6nelik yenilik\u00e7i stratejilere ili\u015fkin g\u00f6r\u00fc\u015fler payla\u015f\u0131ld\u0131.<\/p>\t\t\t\t\t\t\t\t<\/div>\n\t\t\t\t<\/div>\n\t\t\t\t<div class=\"elementor-element elementor-element-6b4ef72 elementor-widget elementor-widget-text-editor\" data-id=\"6b4ef72\" data-element_type=\"widget\" data-e-type=\"widget\" data-widget_type=\"text-editor.default\">\n\t\t\t\t<div class=\"elementor-widget-container\">\n\t\t\t\t\t\t\t\t\t<p>A\u015fa\u011f\u0131daki ba\u015flang\u0131\u00e7 \u200b\u200btoplant\u0131m\u0131za ve konferans\u0131m\u0131za g\u00f6z at\u0131n!<\/p>\t\t\t\t\t\t\t\t<\/div>\n\t\t\t\t<\/div>\n\t\t\t\t\t<\/div>\n\t\t<\/div>\n\t\t\t\t\t<\/div>\n\t\t<\/section>\n\t\t<div class=\"elementor-element elementor-element-15e1dec e-flex e-con-boxed e-con e-parent\" data-id=\"15e1dec\" data-element_type=\"container\" data-e-type=\"container\">\n\t\t\t\t\t<div class=\"e-con-inner\">\n\t\t\t\t<div class=\"elementor-element elementor-element-a4adaca elementor-widget elementor-widget-video\" data-id=\"a4adaca\" data-element_type=\"widget\" data-e-type=\"widget\" data-settings=\"{&quot;youtube_url&quot;:&quot;https:\\\/\\\/www.youtube.com\\\/watch?v=LljXtEwVjzY&quot;,&quot;video_type&quot;:&quot;youtube&quot;,&quot;controls&quot;:&quot;yes&quot;}\" data-widget_type=\"video.default\">\n\t\t\t\t<div class=\"elementor-widget-container\">\n\t\t\t\t\t\t\t<div class=\"elementor-wrapper elementor-open-inline\">\n\t\t\t<div class=\"elementor-video\"><\/div>\t\t<\/div>\n\t\t\t\t\t\t<\/div>\n\t\t\t\t<\/div>\n\t\t\t\t\t<\/div>\n\t\t\t\t<\/div>\n\t\t\t\t<\/div>","protected":false},"excerpt":{"rendered":"<p>The Kick-off meeting and Stakeholders Conference was held by Piri Reis University on\u00a0February 28-29 2024. The Stakeholders Conference marked the project\u2019s first milestone, and witnessed a strong engagement from key stakeholders spanning the maritime industry and educational institutions. During the event, the delineation of roles and responsibilities to be undertaken by project partners over the&hellip;&nbsp;<a href=\"https:\/\/greenportalliance.eu\/tr\/events\/\" class=\"\" rel=\"bookmark\">Daha fazlas\u0131n\u0131 oku &raquo;<span class=\"screen-reader-text\">Etkinlikler<\/span><\/a><\/p>","protected":false},"author":1,"featured_media":0,"parent":0,"menu_order":0,"comment_status":"closed","ping_status":"closed","template":"page-templates\/template-pagebuilder-full-width.php","meta":{"inline_featured_image":false,"neve_meta_sidebar":"","neve_meta_container":"","neve_meta_enable_content_width":"","neve_meta_content_width":0,"neve_meta_title_alignment":"","neve_meta_author_avatar":"","neve_post_elements_order":"","neve_meta_disable_header":"","neve_meta_disable_footer":"","neve_meta_disable_title":"","footnotes":""},"class_list":["post-310","page","type-page","status-publish","hentry"],"_links":{"self":[{"href":"https:\/\/greenportalliance.eu\/tr\/wp-json\/wp\/v2\/pages\/310","targetHints":{"allow":["GET"]}}],"collection":[{"href":"https:\/\/greenportalliance.eu\/tr\/wp-json\/wp\/v2\/pages"}],"about":[{"href":"https:\/\/greenportalliance.eu\/tr\/wp-json\/wp\/v2\/types\/page"}],"author":[{"embeddable":true,"href":"https:\/\/greenportalliance.eu\/tr\/wp-json\/wp\/v2\/users\/1"}],"replies":[{"embeddable":true,"href":"https:\/\/greenportalliance.eu\/tr\/wp-json\/wp\/v2\/comments?post=310"}],"version-history":[{"count":40,"href":"https:\/\/greenportalliance.eu\/tr\/wp-json\/wp\/v2\/pages\/310\/revisions"}],"predecessor-version":[{"id":741,"href":"https:\/\/greenportalliance.eu\/tr\/wp-json\/wp\/v2\/pages\/310\/revisions\/741"}],"wp:attachment":[{"href":"https:\/\/greenportalliance.eu\/tr\/wp-json\/wp\/v2\/media?parent=310"}],"curies":[{"name":"wp","href":"https:\/\/api.w.org\/{rel}","templated":true}]}}