{"id":742,"date":"2024-04-24T14:45:04","date_gmt":"2024-04-24T14:45:04","guid":{"rendered":"https:\/\/greenportalliance.eu\/?page_id=742"},"modified":"2024-04-24T15:18:34","modified_gmt":"2024-04-24T15:18:34","slug":"gdpr-policy","status":"publish","type":"page","link":"https:\/\/greenportalliance.eu\/tr\/gdpr-policy\/","title":{"rendered":"GDPR Politikas\u0131"},"content":{"rendered":"<div data-elementor-type=\"wp-page\" data-elementor-id=\"742\" class=\"elementor elementor-742\">\n\t\t\t\t<div class=\"elementor-element elementor-element-7cc45f6 e-flex e-con-boxed e-con e-parent\" data-id=\"7cc45f6\" data-element_type=\"container\" data-e-type=\"container\">\n\t\t\t\t\t<div class=\"e-con-inner\">\n\t\t\t\t<div class=\"elementor-element elementor-element-5c15a37 elementor-widget elementor-widget-text-editor\" data-id=\"5c15a37\" data-element_type=\"widget\" data-e-type=\"widget\" data-widget_type=\"text-editor.default\">\n\t\t\t\t<div class=\"elementor-widget-container\">\n\t\t\t\t\t\t\t\t\t<p><span style=\"font-weight: 400;\">AB Y\u00f6netmeli\u011fi 2016\/679 (\u201cGenel Veri Koruma Y\u00f6netmeli\u011fi\u201d veya \u201cGDPR\u201d) taraf\u0131ndan \u00f6ng\u00f6r\u00fclen y\u00fck\u00fcml\u00fcl\u00fcklerin yerine getirilmesi amac\u0131yla, hassas ve ki\u015fisel verilerin toplanmas\u0131 ve i\u015flenmesi i\u00e7in a\u00e7\u0131k r\u0131za almam\u0131z gerekmektedir. R\u0131za verildi\u011finde, veri sahibi \u015fu haklara sahip olacakt\u0131r:<\/span><\/p><ul><li style=\"font-weight: 400;\" aria-level=\"1\"><span style=\"font-weight: 400;\">Verilerine eri\u015fim sa\u011flama,\u00a0<\/span><\/li><li style=\"font-weight: 400;\" aria-level=\"1\"><span style=\"font-weight: 400;\">Verilerini d\u00fczeltme veya silme,\u00a0<\/span><\/li><li style=\"font-weight: 400;\" aria-level=\"1\"><span style=\"font-weight: 400;\">Verilerin i\u015flenmesini durdurma.\u00a0<\/span><\/li><\/ul><p><span style=\"font-weight: 400;\">A\u015fa\u011f\u0131da, verilerin kullan\u0131laca\u011f\u0131 ama\u00e7lar ve r\u0131za vermek i\u00e7in gerekli bilgiler a\u00e7\u0131klanm\u0131\u015ft\u0131r.<\/span><\/p><h3><b>Veri \u0130\u015fleme Amac\u0131<\/b><\/h3><p><span style=\"font-weight: 400;\">Hassas veriler sadece a\u015fa\u011f\u0131daki ama\u00e7lar i\u00e7in toplanacakt\u0131r:<\/span><\/p><ul><li style=\"font-weight: 400;\" aria-level=\"1\"><span style=\"font-weight: 400;\">GREENPORT ile ilgili giri\u015fimler hakk\u0131nda ileti\u015fime ge\u00e7ilmesi.<\/span><\/li><li style=\"font-weight: 400;\" aria-level=\"1\"><span style=\"font-weight: 400;\">Etkinlik ileti\u015fimi.<\/span><\/li><li style=\"font-weight: 400;\" aria-level=\"1\"><span style=\"font-weight: 400;\">Teknik destek, m\u00fc\u015fteri hizmetleri, hizmetler ve i\u00e7erik ile ilgili iyile\u015ftirmeler yapmam\u0131za yard\u0131mc\u0131 olmak; anket, anket formu veya di\u011fer veri toplama s\u00fcre\u00e7lerinin herhangi birine ili\u015fkin bilgilerin netle\u015ftirilmesi i\u00e7in takip \u00e7al\u0131\u015fmalar\u0131 yapma.<\/span><\/li><li style=\"font-weight: 400;\" aria-level=\"1\"><span style=\"font-weight: 400;\">Ki\u015fisel bilgileri i\u00e7ermeyen istatistiksel analiz yapma.\u00a0<\/span><\/li><li style=\"font-weight: 400;\" aria-level=\"1\"><span style=\"font-weight: 400;\">Veri Denetleyicisinin veya \u00fc\u00e7\u00fcnc\u00fc taraflar\u0131n me\u015fru menfaatlerini koruma, \u00f6rne\u011fin mahkemede savunma hakk\u0131.<\/span><\/li><li style=\"font-weight: 400;\" aria-level=\"1\"><span style=\"font-weight: 400;\">Sa\u011flad\u0131\u011f\u0131n\u0131z e-posta adresine ileti\u015fim g\u00f6ndermek. G\u00f6nderilen her e-posta, uygun ba\u011flant\u0131ya t\u0131klayarak daha fazla g\u00f6nderimi reddetmenizi sa\u011flar.\u00a0<\/span><\/li><li style=\"font-weight: 400;\" aria-level=\"1\"><span style=\"font-weight: 400;\">Yasal y\u00fck\u00fcml\u00fcl\u00fcklerin yerine getirilmesi amac\u0131yla verileriniz, yasalar, d\u00fczenlemeler, topluluk d\u00fczenlemeleri, yetkili makamlar\u0131n emirleri ve tavsiyeleri taraf\u0131ndan \u00f6ng\u00f6r\u00fclen y\u00fck\u00fcml\u00fcl\u00fckleri yerine getirmek i\u00e7in kullan\u0131lacakt\u0131r.<\/span><\/li><li style=\"font-weight: 400;\" aria-level=\"1\"><span style=\"font-weight: 400;\">\u0130statistiksel de\u011ferlendirme.<\/span><\/li><\/ul><p>\u00a0<\/p><h3><b>Toplanan ki\u015fisel veri t\u00fcrleri<\/b><\/h3><p><span style=\"font-weight: 400;\">Talep edildi\u011finde ve sa\u011fland\u0131\u011f\u0131nda toplanacak veriler a\u015fa\u011f\u0131daki gibidir:<\/span><\/p><ul><li style=\"font-weight: 400;\" aria-level=\"1\"><span style=\"font-weight: 400;\">Kullan\u0131c\u0131 Ad\u0131<\/span><\/li><li style=\"font-weight: 400;\" aria-level=\"1\"><span style=\"font-weight: 400;\">Kullan\u0131c\u0131 Soyad\u0131<\/span><\/li><li style=\"font-weight: 400;\" aria-level=\"1\"><span style=\"font-weight: 400;\">Kullan\u0131c\u0131 \u015eirket Ad\u0131<\/span><\/li><li style=\"font-weight: 400;\" aria-level=\"1\"><span style=\"font-weight: 400;\">Kullan\u0131c\u0131 \u015eirket B\u00fcy\u00fckl\u00fc\u011f\u00fc<\/span><\/li><li style=\"font-weight: 400;\" aria-level=\"1\"><span style=\"font-weight: 400;\">Kullan\u0131c\u0131 \u00dclke<\/span><\/li><li style=\"font-weight: 400;\" aria-level=\"1\"><span style=\"font-weight: 400;\">Kullan\u0131c\u0131 \u015eirket Adresi<\/span><\/li><li style=\"font-weight: 400;\" aria-level=\"1\"><span style=\"font-weight: 400;\">Kullan\u0131c\u0131 E-posta Adresi<\/span><\/li><\/ul><p>\u00a0<\/p><h3><b>Verilerin Payla\u015f\u0131laca\u011f\u0131 Ki\u015filer<\/b><\/h3><ul><li style=\"font-weight: 400;\" aria-level=\"1\"><span style=\"font-weight: 400;\">T.C. Piri Reis Universitesi<\/span><\/li><li style=\"font-weight: 400;\" aria-level=\"1\"><span style=\"font-weight: 400;\">ACROSSLIMITS<\/span><\/li><li style=\"font-weight: 400;\" aria-level=\"1\"><span style=\"font-weight: 400;\">Universitatea Maritima Din Constanta<\/span><\/li><li style=\"font-weight: 400;\" aria-level=\"1\"><span style=\"font-weight: 400;\">Hogere Zeevaartschool<\/span><\/li><li style=\"font-weight: 400;\" aria-level=\"1\"><span style=\"font-weight: 400;\">Nikola Vaptsarov Naval Academy<\/span><\/li><li style=\"font-weight: 400;\" aria-level=\"1\"><span style=\"font-weight: 400;\">Sveuciliste U Rijeci<\/span><\/li><li style=\"font-weight: 400;\" aria-level=\"1\"><span style=\"font-weight: 400;\">European Tugowners Association VZW<\/span><\/li><li style=\"font-weight: 400;\" aria-level=\"1\"><span style=\"font-weight: 400;\">Aggregazione Pubblico Privata Sullalogistica Mare Terra Societa Consortile A Responsabilita Limitata<\/span><\/li><li style=\"font-weight: 400;\" aria-level=\"1\"><span style=\"font-weight: 400;\">APA- Administracao Do Porto De Aveiro, S.A.<\/span><\/li><li style=\"font-weight: 400;\" aria-level=\"1\"><span style=\"font-weight: 400;\">European Maritime Pilots\u2019 Association<\/span><\/li><\/ul><p>\u00a0<\/p><h3><b>Veri \u0130\u015flemenin yasal Dayana\u011f\u0131<\/b><\/h3><p><span style=\"font-weight: 400;\">Hassas ve ki\u015fisel verilerin i\u015flenmesi a\u015fa\u011f\u0131daki hukuki temellerden biri veya daha fazlas\u0131na dayanarak ger\u00e7ekle\u015ftirilecektir:<\/span><\/p><ul><li style=\"font-weight: 400;\" aria-level=\"1\"><span style=\"font-weight: 400;\">Veri sahibinin a\u00e7\u0131k r\u0131zas\u0131<\/span><\/li><li style=\"font-weight: 400;\" aria-level=\"1\"><span style=\"font-weight: 400;\">Veri denetleyicisinin tabi oldu\u011fu yasal bir y\u00fck\u00fcml\u00fcl\u00fc\u011fe uyum<\/span><\/li><li style=\"font-weight: 400;\" aria-level=\"1\"><span style=\"font-weight: 400;\">Veri sahibinin veya ba\u015fka bir ger\u00e7ek ki\u015finin hayati \u00e7\u0131karlar\u0131n\u0131n korunmas\u0131<\/span><\/li><li style=\"font-weight: 400;\" aria-level=\"1\"><span style=\"font-weight: 400;\">Kamu yarar\u0131na y\u00fcr\u00fct\u00fclen bir g\u00f6revin veya veri denetleyicisine verilen resmi yetkinin yerine getirilmesi<\/span><\/li><li style=\"font-weight: 400;\" aria-level=\"1\"><span style=\"font-weight: 400;\">Veri denetleyicisi veya \u00fc\u00e7\u00fcnc\u00fc taraflar\u0131n me\u015fru menfaatleri<\/span><\/li><\/ul><p>\u00a0<\/p><h3><b>Veri Koruma G\u00f6revlisi Bilgileri:<\/b><\/h3><p class=\"translation-block\">Ad\u0131 ve Unvan\u0131: Emanuele Prister\u00e0, IT ve Dijital Medya Geli\u015ftirme Departman\u0131 Ba\u015fkan\u0131<\/p><p><span style=\"font-weight: 400;\">E-posta Adresi: <\/span> <span style=\"text-decoration: underline;\"><a href=\"mailto:emanuele@acrosslimits.com\"><span style=\"font-weight: 400;\">emanuele@acrosslimits.com<\/span><\/a><\/span><span style=\"font-weight: 400;\">\u00a0<\/span><\/p><h3><b>Veri Denetleyicisi \u0130leti\u015fim Bilgileri:<\/b><\/h3><p><span style=\"font-weight: 400;\">Veri Denetleyicisi:\u00a0<\/span> <b>AcrossLimits Ltd (Malta)<\/b><\/p><p><span style=\"font-weight: 400;\">E-posta Adresi: <\/span> <span style=\"text-decoration: underline;\"><a href=\"mailto:info@acrosslimits.com\"><span style=\"font-weight: 400;\"><p><\/p><\/span><\/a><\/span><\/p><p><span style=\"font-weight: 400;\">Y\u00f6netmelik Madde 4 uyar\u0131nca, AcrossLimits Ltd, 2. Kat, Tower Business Centre, Tower Street, Swatar, Birkirkara, BKR 4013, Malta adresinde kay\u0131tl\u0131d\u0131r ve yasal temsilci Angele Giuliano'd\u0131r. \u015eirketle ileti\u015fim veya talepler i\u00e7in info@acrosslimits.com adresinden ula\u015fabilirsiniz. Veri i\u015fleyicilerimizin g\u00fcncel listesi, veri kontrol\u00f6r\u00fcn\u00fcn ofislerinde ve <a target=\"_blank\" href=\"https:\/\/acrosslimits.com\">www.acrosslimits.com<\/a> web sitesinde mevcuttur. <span style=\"text-decoration: underline;\"><a href=\"https:\/\/acrosslimits.com\/\" target=\"_blank\" rel=\"noopener\"><p><\/p><\/a><\/span><\/span><\/p><h3><b>Veri Saklama S\u00fcresi<\/b><\/h3><p><span style=\"font-weight: 400;\">Toplanan veriler, topland\u0131\u011f\u0131 veya sonradan i\u015flendi\u011fi ama\u00e7lar i\u00e7in gerekli olandan daha uzun s\u00fcre saklanmayacakt\u0131r. <br><br>Veriler AcrossLimits\u2019in sunucular\u0131nda saklanacakt\u0131r ve kullan\u0131c\u0131 taraf\u0131ndan yap\u0131lan \u00f6zel bir talep \u00fczerine her zaman silinebilir.<br><br>Veriler hi\u00e7bir \u015fekilde \u00fc\u00e7\u00fcnc\u00fc taraflarla payla\u015f\u0131lmayacakt\u0131r. <br><br>\nAcrossLimits Ltd, ki\u015fisel ve hassas verilerin yetkisiz if\u015fas\u0131n\u0131 \u00f6nlemek i\u00e7in uygun koruma \u00f6nlemleri ile gizli tutulmas\u0131n\u0131 taahh\u00fct eder.<\/span><\/p><p><span style=\"font-weight: 400;\"><p><\/p><\/span><\/p><p><span style=\"font-weight: 400;\"><p><\/p><\/span><\/p><h3><b>R\u0131zan\u0131n Geri Al\u0131nmas\u0131 Hakk\u0131<\/b><\/h3><p><span style=\"font-weight: 400;\">R\u0131za, her zaman <a href=\"mailto:info@acrosslimits.com\">info@acrosslimits.com<\/a> adresine e-posta g\u00f6nderilerek geri al\u0131nabilir. <\/span><span style=\"text-decoration: underline;\"><a href=\"mailto:info@acrosslimits.com\"><span style=\"font-weight: 400;\"><p><\/p><\/span><\/a><\/span><\/p><h3><b>\u015eikayette Bulunma Hakk\u0131<\/b><\/h3><p><span style=\"font-weight: 400;\">Herhangi bir di\u011fer idari veya yarg\u0131sal \u00e7\u00f6z\u00fcm yollar\u0131na zarar vermeksizin, her veri sahibi, ki\u015fisel verilerinin bu Y\u00f6netmeli\u011fi ihlal etti\u011fini d\u00fc\u015f\u00fcnd\u00fc\u011f\u00fc Malta veri denetim makam\u0131na \u015fikayette bulunma hakk\u0131na sahiptir: Bilgi ve Veri Koruma Komiserli\u011fi, e\u011fer ki\u015fisel verilerin i\u015flenmesinin bu Y\u00f6netmeli\u011fi ihlal etti\u011fini d\u00fc\u015f\u00fcn\u00fcyorsa<\/span><\/p><p><span style=\"font-weight: 400;\">E-posta: <a href=\"mailto:idpc.info@idpc.org.mt\"><span style=\"text-decoration: underline;\">idpc.info@idpc.org.mt<\/span><\/a><\/span><\/p><h3><b>G\u00fcvenlik \u00d6nlemleri<\/b><\/h3><p><span style=\"font-weight: 400;\">Hizmetlerimizi her kulland\u0131\u011f\u0131n\u0131zda, veri denetleyicisi ve bizim i\u00e7in \u00e7al\u0131\u015fan \u00fc\u00e7\u00fcnc\u00fc taraflar, y\u00fcr\u00fcrl\u00fckteki ulusal yasa ve GDPR h\u00fck\u00fcmlerine uygun olarak, verilerinizin yetkisiz eri\u015fimini, yetkisiz if\u015fas\u0131n\u0131, de\u011fi\u015ftirilmesini veya imhas\u0131n\u0131 \u00f6nlemek i\u00e7in uygun ve yeterli g\u00fcvenlik \u00f6nlemlerini al\u0131r.<\/span><\/p><h3><b>R\u0131za<\/b><\/h3><p><span style=\"font-weight: 400;\">Bu formu g\u00f6ndererek, yukar\u0131da verilen hassas ve ki\u015fisel verilerin toplanmas\u0131 ve i\u015flenmesi hakk\u0131nda verilen bilgileri okudu\u011fumu ve anlad\u0131\u011f\u0131m\u0131 kabul ediyorum ve yukar\u0131da belirtilen ama\u00e7lar i\u00e7in a\u00e7\u0131k r\u0131zam\u0131 veriyorum.<\/span><\/p>\t\t\t\t\t\t\t\t<\/div>\n\t\t\t\t<\/div>\n\t\t\t\t\t<\/div>\n\t\t\t\t<\/div>\n\t\t\t\t<\/div>","protected":false},"excerpt":{"rendered":"<p>For the purpose of compliance with the obligations provided for by the EU Regulation 2016\/679 (&#8220;General Data Protection Regulation&#8221; or &#8220;GDPR&#8221;), we are required to obtain explicit consent for the collection and processing of sensitive and personal data. Should consent be given, the data subject will have the right to : access his\/her data,\u00a0 have&hellip;&nbsp;<a href=\"https:\/\/greenportalliance.eu\/tr\/gdpr-policy\/\" class=\"\" rel=\"bookmark\">Daha fazlas\u0131n\u0131 oku &raquo;<span class=\"screen-reader-text\">GDPR Politikas\u0131<\/span><\/a><\/p>","protected":false},"author":1,"featured_media":0,"parent":0,"menu_order":0,"comment_status":"closed","ping_status":"closed","template":"page-templates\/template-pagebuilder-full-width.php","meta":{"inline_featured_image":false,"neve_meta_sidebar":"","neve_meta_container":"","neve_meta_enable_content_width":"","neve_meta_content_width":0,"neve_meta_title_alignment":"","neve_meta_author_avatar":"","neve_post_elements_order":"","neve_meta_disable_header":"","neve_meta_disable_footer":"","neve_meta_disable_title":"","footnotes":""},"class_list":["post-742","page","type-page","status-publish","hentry"],"_links":{"self":[{"href":"https:\/\/greenportalliance.eu\/tr\/wp-json\/wp\/v2\/pages\/742","targetHints":{"allow":["GET"]}}],"collection":[{"href":"https:\/\/greenportalliance.eu\/tr\/wp-json\/wp\/v2\/pages"}],"about":[{"href":"https:\/\/greenportalliance.eu\/tr\/wp-json\/wp\/v2\/types\/page"}],"author":[{"embeddable":true,"href":"https:\/\/greenportalliance.eu\/tr\/wp-json\/wp\/v2\/users\/1"}],"replies":[{"embeddable":true,"href":"https:\/\/greenportalliance.eu\/tr\/wp-json\/wp\/v2\/comments?post=742"}],"version-history":[{"count":10,"href":"https:\/\/greenportalliance.eu\/tr\/wp-json\/wp\/v2\/pages\/742\/revisions"}],"predecessor-version":[{"id":770,"href":"https:\/\/greenportalliance.eu\/tr\/wp-json\/wp\/v2\/pages\/742\/revisions\/770"}],"wp:attachment":[{"href":"https:\/\/greenportalliance.eu\/tr\/wp-json\/wp\/v2\/media?parent=742"}],"curies":[{"name":"wp","href":"https:\/\/api.w.org\/{rel}","templated":true}]}}